{"id":735,"date":"2025-08-29T22:30:39","date_gmt":"2025-08-29T22:30:39","guid":{"rendered":"https:\/\/tombaktarim.com\/?page_id=735"},"modified":"2025-09-08T15:45:12","modified_gmt":"2025-09-08T15:45:12","slug":"fotograflar","status":"publish","type":"page","link":"https:\/\/tombaktarim.com\/en\/fotograflar\/","title":{"rendered":"Photos"},"content":{"rendered":"<div class=\"wpb-content-wrapper\"><section  class=\"content-section no-spacing\" ><div class=\"vc_row wpb_row vc_row-fluid vc_custom_1603890411927\"><div class=\"wpb_column vc_column_container vc_col-sm-12\"><div class=\"vc_column-inner vc_custom_1603890418265\"><div class=\"wpb_wrapper\"><div class=\"vc_separator wpb_content_element vc_separator_align_center vc_sep_width_100 vc_sep_pos_align_center vc_separator_no_text wpb_content_element  wpb_content_element\" ><span class=\"vc_sep_holder vc_sep_holder_l\"><span class=\"vc_sep_line\"><\/span><\/span><span class=\"vc_sep_holder vc_sep_holder_r\"><span class=\"vc_sep_line\"><\/span><\/span>\n<\/div><ul class=\"gallery-grid\" >\n      <li>\n    <figure> <a href=\"https:\/\/tombaktarim.com\/wp-content\/uploads\/2025\/08\/1.png\" data-fancybox><img decoding=\"async\" src=\"https:\/\/tombaktarim.com\/wp-content\/uploads\/2025\/08\/1.png\" alt=\"Image\"><\/a> <\/figure>\n  <\/li>\n        <li>\n    <figure> <a href=\"https:\/\/tombaktarim.com\/wp-content\/uploads\/2025\/08\/2.png\" data-fancybox><img decoding=\"async\" src=\"https:\/\/tombaktarim.com\/wp-content\/uploads\/2025\/08\/2.png\" alt=\"Image\"><\/a> <\/figure>\n  <\/li>\n        <li>\n    <figure> <a href=\"https:\/\/tombaktarim.com\/wp-content\/uploads\/2025\/08\/3.png\" data-fancybox><img decoding=\"async\" src=\"https:\/\/tombaktarim.com\/wp-content\/uploads\/2025\/08\/3.png\" alt=\"Image\"><\/a> <\/figure>\n  <\/li>\n        <li>\n    <figure> <a href=\"https:\/\/tombaktarim.com\/wp-content\/uploads\/2025\/08\/4.png\" data-fancybox><img decoding=\"async\" src=\"https:\/\/tombaktarim.com\/wp-content\/uploads\/2025\/08\/4.png\" alt=\"Image\"><\/a> <\/figure>\n  <\/li>\n        <li>\n    <figure> <a href=\"https:\/\/tombaktarim.com\/wp-content\/uploads\/2025\/08\/5.png\" data-fancybox><img decoding=\"async\" src=\"https:\/\/tombaktarim.com\/wp-content\/uploads\/2025\/08\/5.png\" alt=\"Image\"><\/a> <\/figure>\n  <\/li>\n        <li>\n    <figure> <a href=\"https:\/\/tombaktarim.com\/wp-content\/uploads\/2025\/08\/6.png\" data-fancybox><img decoding=\"async\" src=\"https:\/\/tombaktarim.com\/wp-content\/uploads\/2025\/08\/6.png\" alt=\"Image\"><\/a> <\/figure>\n  <\/li>\n    <\/ul>\n<ul class=\"gallery-grid\" >\n      <li>\n    <figure> <a href=\"https:\/\/tombaktarim.com\/wp-content\/uploads\/2025\/08\/1.png\" data-fancybox><img decoding=\"async\" src=\"https:\/\/tombaktarim.com\/wp-content\/uploads\/2025\/08\/1.png\" alt=\"Image\"><\/a> <\/figure>\n  <\/li>\n        <li>\n    <figure> <a href=\"https:\/\/tombaktarim.com\/wp-content\/uploads\/2025\/08\/2.png\" data-fancybox><img decoding=\"async\" src=\"https:\/\/tombaktarim.com\/wp-content\/uploads\/2025\/08\/2.png\" alt=\"Image\"><\/a> <\/figure>\n  <\/li>\n        <li>\n    <figure> <a href=\"https:\/\/tombaktarim.com\/wp-content\/uploads\/2025\/08\/3.png\" data-fancybox><img decoding=\"async\" src=\"https:\/\/tombaktarim.com\/wp-content\/uploads\/2025\/08\/3.png\" alt=\"Image\"><\/a> <\/figure>\n  <\/li>\n        <li>\n    <figure> <a href=\"https:\/\/tombaktarim.com\/wp-content\/uploads\/2025\/08\/4.png\" data-fancybox><img decoding=\"async\" src=\"https:\/\/tombaktarim.com\/wp-content\/uploads\/2025\/08\/4.png\" alt=\"Image\"><\/a> <\/figure>\n  <\/li>\n        <li>\n    <figure> <a href=\"https:\/\/tombaktarim.com\/wp-content\/uploads\/2025\/08\/5.png\" data-fancybox><img decoding=\"async\" src=\"https:\/\/tombaktarim.com\/wp-content\/uploads\/2025\/08\/5.png\" alt=\"Image\"><\/a> <\/figure>\n  <\/li>\n        <li>\n    <figure> <a href=\"https:\/\/tombaktarim.com\/wp-content\/uploads\/2025\/08\/6.png\" data-fancybox><img decoding=\"async\" src=\"https:\/\/tombaktarim.com\/wp-content\/uploads\/2025\/08\/6.png\" alt=\"Image\"><\/a> <\/figure>\n  <\/li>\n    <\/ul>\n<ul class=\"gallery-grid\" >\n      <li>\n    <figure> <a href=\"https:\/\/tombaktarim.com\/wp-content\/uploads\/2025\/08\/13.png\" data-fancybox><img decoding=\"async\" src=\"https:\/\/tombaktarim.com\/wp-content\/uploads\/2025\/08\/13.png\" alt=\"Image\"><\/a> <\/figure>\n  <\/li>\n        <li>\n    <figure> <a href=\"https:\/\/tombaktarim.com\/wp-content\/uploads\/2025\/08\/14.png\" data-fancybox><img decoding=\"async\" src=\"https:\/\/tombaktarim.com\/wp-content\/uploads\/2025\/08\/14.png\" alt=\"Image\"><\/a> <\/figure>\n  <\/li>\n        <li>\n    <figure> <a href=\"https:\/\/tombaktarim.com\/wp-content\/uploads\/2025\/08\/15.png\" data-fancybox><img decoding=\"async\" src=\"https:\/\/tombaktarim.com\/wp-content\/uploads\/2025\/08\/15.png\" alt=\"Image\"><\/a> <\/figure>\n  <\/li>\n        <li>\n    <figure> <a href=\"https:\/\/tombaktarim.com\/wp-content\/uploads\/2025\/08\/16.png\" data-fancybox><img decoding=\"async\" src=\"https:\/\/tombaktarim.com\/wp-content\/uploads\/2025\/08\/16.png\" alt=\"Image\"><\/a> <\/figure>\n  <\/li>\n        <li>\n    <figure> <a href=\"https:\/\/tombaktarim.com\/wp-content\/uploads\/2025\/08\/17.png\" data-fancybox><img decoding=\"async\" src=\"https:\/\/tombaktarim.com\/wp-content\/uploads\/2025\/08\/17.png\" alt=\"Image\"><\/a> <\/figure>\n  <\/li>\n        <li>\n    <figure> <a href=\"https:\/\/tombaktarim.com\/wp-content\/uploads\/2025\/08\/18.png\" data-fancybox><img decoding=\"async\" src=\"https:\/\/tombaktarim.com\/wp-content\/uploads\/2025\/08\/18.png\" alt=\"Image\"><\/a> <\/figure>\n  <\/li>\n    <\/ul>\n<ul class=\"gallery-grid\" >\n      <li>\n    <figure> <a href=\"https:\/\/tombaktarim.com\/wp-content\/uploads\/2025\/08\/19.png\" data-fancybox><img decoding=\"async\" src=\"https:\/\/tombaktarim.com\/wp-content\/uploads\/2025\/08\/19.png\" alt=\"Image\"><\/a> <\/figure>\n  <\/li>\n        <li>\n    <figure> <a href=\"https:\/\/tombaktarim.com\/wp-content\/uploads\/2025\/08\/20.png\" data-fancybox><img decoding=\"async\" src=\"https:\/\/tombaktarim.com\/wp-content\/uploads\/2025\/08\/20.png\" alt=\"Image\"><\/a> <\/figure>\n  <\/li>\n        <li>\n    <figure> <a href=\"https:\/\/tombaktarim.com\/wp-content\/uploads\/2025\/08\/21.png\" data-fancybox><img decoding=\"async\" src=\"https:\/\/tombaktarim.com\/wp-content\/uploads\/2025\/08\/21.png\" alt=\"Image\"><\/a> <\/figure>\n  <\/li>\n        <li>\n    <figure> <a href=\"https:\/\/tombaktarim.com\/wp-content\/uploads\/2025\/08\/22.png\" data-fancybox><img decoding=\"async\" src=\"https:\/\/tombaktarim.com\/wp-content\/uploads\/2025\/08\/22.png\" alt=\"Image\"><\/a> <\/figure>\n  <\/li>\n        <li>\n    <figure> <a href=\"https:\/\/tombaktarim.com\/wp-content\/uploads\/2025\/08\/23.png\" data-fancybox><img decoding=\"async\" src=\"https:\/\/tombaktarim.com\/wp-content\/uploads\/2025\/08\/23.png\" alt=\"Image\"><\/a> <\/figure>\n  <\/li>\n        <li>\n    <figure> <a href=\"https:\/\/tombaktarim.com\/wp-content\/uploads\/2025\/08\/24.png\" data-fancybox><img decoding=\"async\" src=\"https:\/\/tombaktarim.com\/wp-content\/uploads\/2025\/08\/24.png\" alt=\"Image\"><\/a> <\/figure>\n  <\/li>\n    <\/ul>\n<ul class=\"gallery-grid\" >\n      <li>\n    <figure> <a href=\"https:\/\/tombaktarim.com\/wp-content\/uploads\/2025\/08\/25.png\" data-fancybox><img decoding=\"async\" src=\"https:\/\/tombaktarim.com\/wp-content\/uploads\/2025\/08\/25.png\" alt=\"Image\"><\/a> <\/figure>\n  <\/li>\n        <li>\n    <figure> <a href=\"https:\/\/tombaktarim.com\/wp-content\/uploads\/2025\/08\/26.png\" data-fancybox><img decoding=\"async\" src=\"https:\/\/tombaktarim.com\/wp-content\/uploads\/2025\/08\/26.png\" alt=\"Image\"><\/a> <\/figure>\n  <\/li>\n        <li>\n    <figure> <a href=\"https:\/\/tombaktarim.com\/wp-content\/uploads\/2025\/08\/27.png\" data-fancybox><img decoding=\"async\" src=\"https:\/\/tombaktarim.com\/wp-content\/uploads\/2025\/08\/27.png\" alt=\"Image\"><\/a> <\/figure>\n  <\/li>\n        <li>\n    <figure> <a href=\"https:\/\/tombaktarim.com\/wp-content\/uploads\/2025\/08\/28.png\" data-fancybox><img decoding=\"async\" src=\"https:\/\/tombaktarim.com\/wp-content\/uploads\/2025\/08\/28.png\" alt=\"Image\"><\/a> <\/figure>\n  <\/li>\n        <li>\n    <figure> <a href=\"https:\/\/tombaktarim.com\/wp-content\/uploads\/2025\/08\/29.png\" data-fancybox><img decoding=\"async\" src=\"https:\/\/tombaktarim.com\/wp-content\/uploads\/2025\/08\/29.png\" alt=\"Image\"><\/a> <\/figure>\n  <\/li>\n        <li>\n    <figure> <a href=\"https:\/\/tombaktarim.com\/wp-content\/uploads\/2025\/08\/30.png\" data-fancybox><img decoding=\"async\" src=\"https:\/\/tombaktarim.com\/wp-content\/uploads\/2025\/08\/30.png\" alt=\"Image\"><\/a> <\/figure>\n  <\/li>\n    <\/ul>\n<ul class=\"gallery-grid\" >\n      <li>\n    <figure> <a href=\"https:\/\/tombaktarim.com\/wp-content\/uploads\/2025\/08\/31.png\" data-fancybox><img decoding=\"async\" src=\"https:\/\/tombaktarim.com\/wp-content\/uploads\/2025\/08\/31.png\" alt=\"Image\"><\/a> <\/figure>\n  <\/li>\n        <li>\n    <figure> <a href=\"https:\/\/tombaktarim.com\/wp-content\/uploads\/2025\/08\/32.png\" data-fancybox><img decoding=\"async\" src=\"https:\/\/tombaktarim.com\/wp-content\/uploads\/2025\/08\/32.png\" alt=\"Image\"><\/a> <\/figure>\n  <\/li>\n        <li>\n    <figure> <a href=\"https:\/\/tombaktarim.com\/wp-content\/uploads\/2025\/08\/33.png\" data-fancybox><img decoding=\"async\" src=\"https:\/\/tombaktarim.com\/wp-content\/uploads\/2025\/08\/33.png\" alt=\"Image\"><\/a> <\/figure>\n  <\/li>\n        <li>\n    <figure> <a href=\"https:\/\/tombaktarim.com\/wp-content\/uploads\/2025\/08\/34.png\" data-fancybox><img decoding=\"async\" src=\"https:\/\/tombaktarim.com\/wp-content\/uploads\/2025\/08\/34.png\" alt=\"Image\"><\/a> <\/figure>\n  <\/li>\n        <li>\n    <figure> <a href=\"https:\/\/tombaktarim.com\/wp-content\/uploads\/2025\/08\/35.png\" data-fancybox><img decoding=\"async\" src=\"https:\/\/tombaktarim.com\/wp-content\/uploads\/2025\/08\/35.png\" alt=\"Image\"><\/a> <\/figure>\n  <\/li>\n        <li>\n    <figure> <a href=\"https:\/\/tombaktarim.com\/wp-content\/uploads\/2025\/08\/36.png\" data-fancybox><img decoding=\"async\" src=\"https:\/\/tombaktarim.com\/wp-content\/uploads\/2025\/08\/36.png\" alt=\"Image\"><\/a> <\/figure>\n  <\/li>\n    <\/ul>\n<ul class=\"gallery-grid\" >\n      <li>\n    <figure> <a href=\"https:\/\/tombaktarim.com\/wp-content\/uploads\/2025\/08\/37.png\" data-fancybox><img decoding=\"async\" src=\"https:\/\/tombaktarim.com\/wp-content\/uploads\/2025\/08\/37.png\" alt=\"Image\"><\/a> <\/figure>\n  <\/li>\n        <li>\n    <figure> <a href=\"https:\/\/tombaktarim.com\/wp-content\/uploads\/2025\/08\/38.png\" data-fancybox><img decoding=\"async\" src=\"https:\/\/tombaktarim.com\/wp-content\/uploads\/2025\/08\/38.png\" alt=\"Image\"><\/a> <\/figure>\n  <\/li>\n        <li>\n    <figure> <a href=\"https:\/\/tombaktarim.com\/wp-content\/uploads\/2025\/08\/39.png\" data-fancybox><img decoding=\"async\" src=\"https:\/\/tombaktarim.com\/wp-content\/uploads\/2025\/08\/39.png\" alt=\"Image\"><\/a> <\/figure>\n  <\/li>\n        <li>\n    <figure> <a href=\"https:\/\/tombaktarim.com\/wp-content\/uploads\/2025\/08\/40.png\" data-fancybox><img decoding=\"async\" src=\"https:\/\/tombaktarim.com\/wp-content\/uploads\/2025\/08\/40.png\" alt=\"Image\"><\/a> <\/figure>\n  <\/li>\n        <li>\n    <figure> <a href=\"https:\/\/tombaktarim.com\/wp-content\/uploads\/2025\/08\/41.png\" data-fancybox><img decoding=\"async\" src=\"https:\/\/tombaktarim.com\/wp-content\/uploads\/2025\/08\/41.png\" alt=\"Image\"><\/a> <\/figure>\n  <\/li>\n        <li>\n    <figure> <a href=\"https:\/\/tombaktarim.com\/wp-content\/uploads\/2025\/08\/42.png\" data-fancybox><img decoding=\"async\" src=\"https:\/\/tombaktarim.com\/wp-content\/uploads\/2025\/08\/42.png\" alt=\"Image\"><\/a> <\/figure>\n  <\/li>\n    <\/ul>\n<ul class=\"gallery-grid\" >\n      <li>\n    <figure> <a href=\"https:\/\/tombaktarim.com\/wp-content\/uploads\/2025\/08\/43.png\" data-fancybox><img decoding=\"async\" src=\"https:\/\/tombaktarim.com\/wp-content\/uploads\/2025\/08\/43.png\" alt=\"Image\"><\/a> <\/figure>\n  <\/li>\n        <li>\n    <figure> <a href=\"https:\/\/tombaktarim.com\/wp-content\/uploads\/2025\/08\/44.png\" data-fancybox><img decoding=\"async\" src=\"https:\/\/tombaktarim.com\/wp-content\/uploads\/2025\/08\/44.png\" alt=\"Image\"><\/a> <\/figure>\n  <\/li>\n        <li>\n    <figure> <a href=\"https:\/\/tombaktarim.com\/wp-content\/uploads\/2025\/08\/45.png\" data-fancybox><img decoding=\"async\" src=\"https:\/\/tombaktarim.com\/wp-content\/uploads\/2025\/08\/45.png\" alt=\"Image\"><\/a> <\/figure>\n  <\/li>\n        <li>\n    <figure> <a href=\"https:\/\/tombaktarim.com\/wp-content\/uploads\/2025\/08\/46.png\" data-fancybox><img decoding=\"async\" src=\"https:\/\/tombaktarim.com\/wp-content\/uploads\/2025\/08\/46.png\" alt=\"Image\"><\/a> <\/figure>\n  <\/li>\n        <li>\n    <figure> <a href=\"https:\/\/tombaktarim.com\/wp-content\/uploads\/2025\/08\/47.png\" data-fancybox><img decoding=\"async\" src=\"https:\/\/tombaktarim.com\/wp-content\/uploads\/2025\/08\/47.png\" alt=\"Image\"><\/a> <\/figure>\n  <\/li>\n        <li>\n    <figure> <a href=\"https:\/\/tombaktarim.com\/wp-content\/uploads\/2025\/08\/48.png\" data-fancybox><img decoding=\"async\" src=\"https:\/\/tombaktarim.com\/wp-content\/uploads\/2025\/08\/48.png\" alt=\"Image\"><\/a> <\/figure>\n  <\/li>\n    <\/ul>\n<ul class=\"gallery-grid\" >\n      <li>\n    <figure> <a href=\"https:\/\/tombaktarim.com\/wp-content\/uploads\/2025\/08\/49.png\" data-fancybox><img decoding=\"async\" src=\"https:\/\/tombaktarim.com\/wp-content\/uploads\/2025\/08\/49.png\" alt=\"Image\"><\/a> <\/figure>\n  <\/li>\n        <li>\n    <figure> <a href=\"https:\/\/tombaktarim.com\/wp-content\/uploads\/2025\/08\/50.png\" data-fancybox><img decoding=\"async\" src=\"https:\/\/tombaktarim.com\/wp-content\/uploads\/2025\/08\/50.png\" alt=\"Image\"><\/a> <\/figure>\n  <\/li>\n        <li>\n    <figure> <a href=\"https:\/\/tombaktarim.com\/wp-content\/uploads\/2025\/08\/51.png\" data-fancybox><img decoding=\"async\" src=\"https:\/\/tombaktarim.com\/wp-content\/uploads\/2025\/08\/51.png\" alt=\"Image\"><\/a> <\/figure>\n  <\/li>\n        <li>\n    <figure> <a href=\"https:\/\/tombaktarim.com\/wp-content\/uploads\/2025\/08\/52.png\" data-fancybox><img decoding=\"async\" src=\"https:\/\/tombaktarim.com\/wp-content\/uploads\/2025\/08\/52.png\" alt=\"Image\"><\/a> <\/figure>\n  <\/li>\n        <li>\n    <figure> <a href=\"https:\/\/tombaktarim.com\/wp-content\/uploads\/2025\/08\/53.png\" data-fancybox><img decoding=\"async\" src=\"https:\/\/tombaktarim.com\/wp-content\/uploads\/2025\/08\/53.png\" alt=\"Image\"><\/a> <\/figure>\n  <\/li>\n        <li>\n    <figure> <a href=\"https:\/\/tombaktarim.com\/wp-content\/uploads\/2025\/08\/54.png\" data-fancybox><img decoding=\"async\" src=\"https:\/\/tombaktarim.com\/wp-content\/uploads\/2025\/08\/54.png\" alt=\"Image\"><\/a> <\/figure>\n  <\/li>\n    <\/ul>\n<ul class=\"gallery-grid\" >\n      <li>\n    <figure> <a href=\"https:\/\/tombaktarim.com\/wp-content\/uploads\/2025\/08\/55.png\" data-fancybox><img decoding=\"async\" src=\"https:\/\/tombaktarim.com\/wp-content\/uploads\/2025\/08\/55.png\" alt=\"Image\"><\/a> <\/figure>\n  <\/li>\n        <li>\n    <figure> <a href=\"https:\/\/tombaktarim.com\/wp-content\/uploads\/2025\/08\/56.png\" data-fancybox><img decoding=\"async\" src=\"https:\/\/tombaktarim.com\/wp-content\/uploads\/2025\/08\/56.png\" alt=\"Image\"><\/a> <\/figure>\n  <\/li>\n        <li>\n    <figure> <a href=\"https:\/\/tombaktarim.com\/wp-content\/uploads\/2025\/08\/57.png\" data-fancybox><img decoding=\"async\" src=\"https:\/\/tombaktarim.com\/wp-content\/uploads\/2025\/08\/57.png\" alt=\"Image\"><\/a> <\/figure>\n  <\/li>\n        <li>\n    <figure> <a href=\"https:\/\/tombaktarim.com\/wp-content\/uploads\/2025\/08\/58.png\" data-fancybox><img decoding=\"async\" src=\"https:\/\/tombaktarim.com\/wp-content\/uploads\/2025\/08\/58.png\" alt=\"Image\"><\/a> <\/figure>\n  <\/li>\n        <li>\n    <figure> <a href=\"https:\/\/tombaktarim.com\/wp-content\/uploads\/2025\/08\/59.png\" data-fancybox><img decoding=\"async\" src=\"https:\/\/tombaktarim.com\/wp-content\/uploads\/2025\/08\/59.png\" alt=\"Image\"><\/a> <\/figure>\n  <\/li>\n        <li>\n    <figure> <a href=\"https:\/\/tombaktarim.com\/wp-content\/uploads\/2025\/08\/60.png\" data-fancybox><img decoding=\"async\" src=\"https:\/\/tombaktarim.com\/wp-content\/uploads\/2025\/08\/60.png\" alt=\"Image\"><\/a> <\/figure>\n  <\/li>\n    <\/ul>\n<ul class=\"gallery-grid\" >\n      <li>\n    <figure> <a href=\"https:\/\/tombaktarim.com\/wp-content\/uploads\/2025\/08\/61.png\" data-fancybox><img decoding=\"async\" src=\"https:\/\/tombaktarim.com\/wp-content\/uploads\/2025\/08\/61.png\" alt=\"Image\"><\/a> <\/figure>\n  <\/li>\n        <li>\n    <figure> <a href=\"https:\/\/tombaktarim.com\/wp-content\/uploads\/2025\/08\/62.png\" data-fancybox><img decoding=\"async\" src=\"https:\/\/tombaktarim.com\/wp-content\/uploads\/2025\/08\/62.png\" alt=\"Image\"><\/a> <\/figure>\n  <\/li>\n        <li>\n    <figure> <a href=\"https:\/\/tombaktarim.com\/wp-content\/uploads\/2025\/08\/63.png\" data-fancybox><img decoding=\"async\" src=\"https:\/\/tombaktarim.com\/wp-content\/uploads\/2025\/08\/63.png\" alt=\"Image\"><\/a> <\/figure>\n  <\/li>\n    <\/ul>\n<\/div><\/div><\/div><\/div><\/section><section  class=\"content-section\" ><div class=\"vc_row wpb_row vc_row-fluid\"><div class=\"wpb_column vc_column_container vc_col-sm-12\"><div class=\"vc_column-inner\"><div class=\"wpb_wrapper\"><div class=\"vc_separator wpb_content_element vc_separator_align_center vc_sep_width_100 vc_sep_pos_align_center vc_separator_no_text vc_sep_color_white wpb_content_element  wpb_content_element\" ><span class=\"vc_sep_holder vc_sep_holder_l\"><span class=\"vc_sep_line\"><\/span><\/span><span class=\"vc_sep_holder vc_sep_holder_r\"><span class=\"vc_sep_line\"><\/span><\/span>\n<\/div><\/div><\/div><\/div><\/div><\/section>\n<\/div>","protected":false},"excerpt":{"rendered":"","protected":false},"author":2,"featured_media":0,"parent":0,"menu_order":0,"comment_status":"closed","ping_status":"closed","template":"page-builder.php","meta":{"_joinchat":[],"footnotes":""},"class_list":["post-735","page","type-page","status-publish","hentry"],"yoast_head":"<!-- This site is optimized with the Yoast SEO plugin v26.0 - https:\/\/yoast.com\/wordpress\/plugins\/seo\/ -->\n<title>Foto\u011fraflar | Tombak Tar\u0131m \u2013 Tarladan Sofraya G\u00f6rsel Yolculuk<\/title>\n<meta name=\"description\" content=\"Tombak Tar\u0131m foto\u011fraf galerisi ile havu\u00e7, turp, karalahana ve karnabahar \u00fcretimimizi ke\u015ffedin. Tarladan sofraya uzanan yolculu\u011fu g\u00f6rsellerle yak\u0131ndan tan\u0131y\u0131n.\" \/>\n<meta name=\"robots\" content=\"index, follow, max-snippet:-1, max-image-preview:large, max-video-preview:-1\" \/>\n<link rel=\"canonical\" href=\"https:\/\/tombaktarim.com\/en\/fotograflar\/\" \/>\n<meta property=\"og:locale\" content=\"en_US\" \/>\n<meta property=\"og:type\" content=\"article\" \/>\n<meta property=\"og:title\" content=\"Tombak Tar\u0131m Foto\u011fraflar\u0131 \u2013 Do\u011fall\u0131k ve Kalitenin G\u00f6rsel Hali\" \/>\n<meta property=\"og:description\" content=\"Taze sebze \u00fcretiminden ihracata kadar t\u00fcm a\u015famalar\u0131 Tombak Tar\u0131m foto\u011fraflar\u0131yla g\u00f6r\u00fcn. Do\u011fall\u0131k, g\u00fcven ve kaliteyi yans\u0131tan g\u00f6rsel galeri sizi bekliyor.\" \/>\n<meta property=\"og:url\" content=\"https:\/\/tombaktarim.com\/en\/fotograflar\/\" \/>\n<meta property=\"og:site_name\" content=\"Tombak Tar\u0131m\" \/>\n<meta property=\"article:publisher\" content=\"https:\/\/www.facebook.com\/Tombaktarim\" \/>\n<meta property=\"article:modified_time\" content=\"2025-09-08T15:45:12+00:00\" \/>\n<meta name=\"twitter:card\" content=\"summary_large_image\" \/>\n<meta name=\"twitter:title\" content=\"Tombak Tar\u0131m Foto\u011fraflar\u0131 \u2013 Do\u011fall\u0131k ve Kalitenin G\u00f6rsel Hali\" \/>\n<meta name=\"twitter:description\" content=\"Taze sebze \u00fcretiminden ihracata kadar t\u00fcm a\u015famalar\u0131 Tombak Tar\u0131m foto\u011fraflar\u0131yla g\u00f6r\u00fcn. Do\u011fall\u0131k, g\u00fcven ve kaliteyi yans\u0131tan g\u00f6rsel galeri sizi bekliyor.\" \/>\n<meta name=\"twitter:label1\" content=\"Est. reading time\" \/>\n\t<meta name=\"twitter:data1\" content=\"1 minute\" \/>\n<script type=\"application\/ld+json\" class=\"yoast-schema-graph\">{\"@context\":\"https:\/\/schema.org\",\"@graph\":[{\"@type\":\"WebPage\",\"@id\":\"https:\/\/tombaktarim.com\/fotograflar\/\",\"url\":\"https:\/\/tombaktarim.com\/fotograflar\/\",\"name\":\"Foto\u011fraflar | Tombak Tar\u0131m \u2013 Tarladan Sofraya G\u00f6rsel Yolculuk\",\"isPartOf\":{\"@id\":\"https:\/\/tombaktarim.com\/#website\"},\"datePublished\":\"2025-08-29T22:30:39+00:00\",\"dateModified\":\"2025-09-08T15:45:12+00:00\",\"description\":\"Tombak Tar\u0131m foto\u011fraf galerisi ile havu\u00e7, turp, karalahana ve karnabahar \u00fcretimimizi ke\u015ffedin. Tarladan sofraya uzanan yolculu\u011fu g\u00f6rsellerle yak\u0131ndan tan\u0131y\u0131n.\",\"breadcrumb\":{\"@id\":\"https:\/\/tombaktarim.com\/fotograflar\/#breadcrumb\"},\"inLanguage\":\"en-US\",\"potentialAction\":[{\"@type\":\"ReadAction\",\"target\":[\"https:\/\/tombaktarim.com\/fotograflar\/\"]}]},{\"@type\":\"BreadcrumbList\",\"@id\":\"https:\/\/tombaktarim.com\/fotograflar\/#breadcrumb\",\"itemListElement\":[{\"@type\":\"ListItem\",\"position\":1,\"name\":\"Anasayfa\",\"item\":\"https:\/\/tombaktarim.com\/\"},{\"@type\":\"ListItem\",\"position\":2,\"name\":\"Foto\u011fraflar\"}]},{\"@type\":\"WebSite\",\"@id\":\"https:\/\/tombaktarim.com\/#website\",\"url\":\"https:\/\/tombaktarim.com\/\",\"name\":\"Tombak Tar\u0131m\",\"description\":\"\",\"publisher\":{\"@id\":\"https:\/\/tombaktarim.com\/#organization\"},\"potentialAction\":[{\"@type\":\"SearchAction\",\"target\":{\"@type\":\"EntryPoint\",\"urlTemplate\":\"https:\/\/tombaktarim.com\/?s={search_term_string}\"},\"query-input\":{\"@type\":\"PropertyValueSpecification\",\"valueRequired\":true,\"valueName\":\"search_term_string\"}}],\"inLanguage\":\"en-US\"},{\"@type\":\"Organization\",\"@id\":\"https:\/\/tombaktarim.com\/#organization\",\"name\":\"Tombak Tar\u0131m\",\"url\":\"https:\/\/tombaktarim.com\/\",\"logo\":{\"@type\":\"ImageObject\",\"inLanguage\":\"en-US\",\"@id\":\"https:\/\/tombaktarim.com\/#\/schema\/logo\/image\/\",\"url\":\"https:\/\/tombaktarim.com\/wp-content\/uploads\/2025\/08\/TOMBAK-LOGO.png\",\"contentUrl\":\"https:\/\/tombaktarim.com\/wp-content\/uploads\/2025\/08\/TOMBAK-LOGO.png\",\"width\":544,\"height\":118,\"caption\":\"Tombak Tar\u0131m\"},\"image\":{\"@id\":\"https:\/\/tombaktarim.com\/#\/schema\/logo\/image\/\"},\"sameAs\":[\"https:\/\/www.facebook.com\/Tombaktarim\",\"https:\/\/www.instagram.com\/tombaktarim\"]}]}<\/script>\n<!-- \/ Yoast SEO plugin. -->","yoast_head_json":{"title":"Foto\u011fraflar | Tombak Tar\u0131m \u2013 Tarladan Sofraya G\u00f6rsel Yolculuk","description":"Tombak Tar\u0131m foto\u011fraf galerisi ile havu\u00e7, turp, karalahana ve karnabahar \u00fcretimimizi ke\u015ffedin. Tarladan sofraya uzanan yolculu\u011fu g\u00f6rsellerle yak\u0131ndan tan\u0131y\u0131n.","robots":{"index":"index","follow":"follow","max-snippet":"max-snippet:-1","max-image-preview":"max-image-preview:large","max-video-preview":"max-video-preview:-1"},"canonical":"https:\/\/tombaktarim.com\/en\/fotograflar\/","og_locale":"en_US","og_type":"article","og_title":"Tombak Tar\u0131m Foto\u011fraflar\u0131 \u2013 Do\u011fall\u0131k ve Kalitenin G\u00f6rsel Hali","og_description":"Taze sebze \u00fcretiminden ihracata kadar t\u00fcm a\u015famalar\u0131 Tombak Tar\u0131m foto\u011fraflar\u0131yla g\u00f6r\u00fcn. Do\u011fall\u0131k, g\u00fcven ve kaliteyi yans\u0131tan g\u00f6rsel galeri sizi bekliyor.","og_url":"https:\/\/tombaktarim.com\/en\/fotograflar\/","og_site_name":"Tombak Tar\u0131m","article_publisher":"https:\/\/www.facebook.com\/Tombaktarim","article_modified_time":"2025-09-08T15:45:12+00:00","twitter_card":"summary_large_image","twitter_title":"Tombak Tar\u0131m Foto\u011fraflar\u0131 \u2013 Do\u011fall\u0131k ve Kalitenin G\u00f6rsel Hali","twitter_description":"Taze sebze \u00fcretiminden ihracata kadar t\u00fcm a\u015famalar\u0131 Tombak Tar\u0131m foto\u011fraflar\u0131yla g\u00f6r\u00fcn. Do\u011fall\u0131k, g\u00fcven ve kaliteyi yans\u0131tan g\u00f6rsel galeri sizi bekliyor.","twitter_misc":{"Est. reading time":"1 minute"},"schema":{"@context":"https:\/\/schema.org","@graph":[{"@type":"WebPage","@id":"https:\/\/tombaktarim.com\/fotograflar\/","url":"https:\/\/tombaktarim.com\/fotograflar\/","name":"Foto\u011fraflar | Tombak Tar\u0131m \u2013 Tarladan Sofraya G\u00f6rsel Yolculuk","isPartOf":{"@id":"https:\/\/tombaktarim.com\/#website"},"datePublished":"2025-08-29T22:30:39+00:00","dateModified":"2025-09-08T15:45:12+00:00","description":"Tombak Tar\u0131m foto\u011fraf galerisi ile havu\u00e7, turp, karalahana ve karnabahar \u00fcretimimizi ke\u015ffedin. Tarladan sofraya uzanan yolculu\u011fu g\u00f6rsellerle yak\u0131ndan tan\u0131y\u0131n.","breadcrumb":{"@id":"https:\/\/tombaktarim.com\/fotograflar\/#breadcrumb"},"inLanguage":"en-US","potentialAction":[{"@type":"ReadAction","target":["https:\/\/tombaktarim.com\/fotograflar\/"]}]},{"@type":"BreadcrumbList","@id":"https:\/\/tombaktarim.com\/fotograflar\/#breadcrumb","itemListElement":[{"@type":"ListItem","position":1,"name":"Anasayfa","item":"https:\/\/tombaktarim.com\/"},{"@type":"ListItem","position":2,"name":"Foto\u011fraflar"}]},{"@type":"WebSite","@id":"https:\/\/tombaktarim.com\/#website","url":"https:\/\/tombaktarim.com\/","name":"Tombak Tar\u0131m","description":"","publisher":{"@id":"https:\/\/tombaktarim.com\/#organization"},"potentialAction":[{"@type":"SearchAction","target":{"@type":"EntryPoint","urlTemplate":"https:\/\/tombaktarim.com\/?s={search_term_string}"},"query-input":{"@type":"PropertyValueSpecification","valueRequired":true,"valueName":"search_term_string"}}],"inLanguage":"en-US"},{"@type":"Organization","@id":"https:\/\/tombaktarim.com\/#organization","name":"Tombak Tar\u0131m","url":"https:\/\/tombaktarim.com\/","logo":{"@type":"ImageObject","inLanguage":"en-US","@id":"https:\/\/tombaktarim.com\/#\/schema\/logo\/image\/","url":"https:\/\/tombaktarim.com\/wp-content\/uploads\/2025\/08\/TOMBAK-LOGO.png","contentUrl":"https:\/\/tombaktarim.com\/wp-content\/uploads\/2025\/08\/TOMBAK-LOGO.png","width":544,"height":118,"caption":"Tombak Tar\u0131m"},"image":{"@id":"https:\/\/tombaktarim.com\/#\/schema\/logo\/image\/"},"sameAs":["https:\/\/www.facebook.com\/Tombaktarim","https:\/\/www.instagram.com\/tombaktarim"]}]}},"_links":{"self":[{"href":"https:\/\/tombaktarim.com\/en\/wp-json\/wp\/v2\/pages\/735","targetHints":{"allow":["GET"]}}],"collection":[{"href":"https:\/\/tombaktarim.com\/en\/wp-json\/wp\/v2\/pages"}],"about":[{"href":"https:\/\/tombaktarim.com\/en\/wp-json\/wp\/v2\/types\/page"}],"author":[{"embeddable":true,"href":"https:\/\/tombaktarim.com\/en\/wp-json\/wp\/v2\/users\/2"}],"replies":[{"embeddable":true,"href":"https:\/\/tombaktarim.com\/en\/wp-json\/wp\/v2\/comments?post=735"}],"version-history":[{"count":3,"href":"https:\/\/tombaktarim.com\/en\/wp-json\/wp\/v2\/pages\/735\/revisions"}],"predecessor-version":[{"id":955,"href":"https:\/\/tombaktarim.com\/en\/wp-json\/wp\/v2\/pages\/735\/revisions\/955"}],"wp:attachment":[{"href":"https:\/\/tombaktarim.com\/en\/wp-json\/wp\/v2\/media?parent=735"}],"curies":[{"name":"wp","href":"https:\/\/api.w.org\/{rel}","templated":true}]}}