{"id":674,"date":"2025-08-29T21:06:54","date_gmt":"2025-08-29T21:06:54","guid":{"rendered":"https:\/\/tombaktarim.com\/?page_id=674"},"modified":"2025-09-08T15:01:22","modified_gmt":"2025-09-08T15:01:22","slug":"karalahana","status":"publish","type":"page","link":"https:\/\/tombaktarim.com\/en\/urunler\/karalahana\/","title":{"rendered":"Kale"},"content":{"rendered":"<div class=\"wpb-content-wrapper\"><section  class=\"content-section\" ><div class=\"container\"><div class=\"vc_row wpb_row vc_row-fluid\"><div class=\"wpb_column vc_column_container vc_col-sm-12\"><div class=\"vc_column-inner\"><div class=\"wpb_wrapper\"><div class=\"vc_row wpb_row vc_inner vc_row-fluid vc_row-o-content-middle vc_row-flex\"><div class=\"wpb_column vc_column_container vc_col-sm-12 vc_col-md-8\"><div class=\"vc_column-inner\"><div class=\"wpb_wrapper\"><figure class=\"side-image\" > <img decoding=\"async\" src=\"https:\/\/tombaktarim.com\/wp-content\/uploads\/2025\/08\/Karalahana-1.png\" alt=\"Image\">\n\n\n\t\t\n\t\t\n\t\n<\/figure>\n<\/div><\/div><\/div><div class=\"wpb_column vc_column_container vc_col-sm-12 vc_col-md-4\"><div class=\"vc_column-inner\"><div class=\"wpb_wrapper\">\n\n\n\n<div class=\"side-content right\" >\n  \t<h3 data-start=\"117\" data-end=\"151\">Fresh and Nutritious Kale<\/h3>\n<p data-start=\"131\" data-end=\"514\"><p>\n    <strong>Tombak Tar\u0131m\u2019s carefully cultivated kale<\/strong> brings health and flavor to your table with its rich content of vitamins and minerals.\n<\/p><\/p>\n<p data-start=\"131\" data-end=\"514\"><p>\n    <strong>Produced using natural methods,<\/strong> our kale adds unique value to your meals with its fresh leaves and rich aroma. High in fiber, kale supports digestion and is an ideal vegetable for a healthy lifestyle. When consumed regularly, it strengthens the immune system and helps protect the body against diseases.\n<\/p><\/p>\n      <\/div>\n<\/div><\/div><\/div><\/div><div class=\"vc_empty_space\"   style=\"height: 80px\"><span class=\"vc_empty_space_inner\"><\/span><\/div><div class=\"vc_row wpb_row vc_inner vc_row-fluid vc_row-o-content-middle vc_row-flex\"><div class=\"wpb_column vc_column_container vc_col-sm-12 vc_col-md-4\"><div class=\"vc_column-inner\"><div class=\"wpb_wrapper\">\n\n\n\n<div class=\"side-content left\" >\n  \t<h3 data-start=\"516\" data-end=\"550\">Trust in Quality and Naturalness<\/h3>\n<p><p>\n    <strong>We produce our kale<\/strong> using modern agricultural techniques and high hygiene standards. By preserving its natural qualities during the harvest process, we ensure that every leaf reaches your table in its freshest form.\n<\/p><\/p>\n<p><p>\n    <strong>At Tombak Tar\u0131m,<\/strong> we are committed to offering our consumers reliable and high-quality products. As a result, our kale is a preferred choice for its delicious taste and health-packed content.\n<\/p><\/p>\n      <\/div>\n<\/div><\/div><\/div><div class=\"wpb_column vc_column_container vc_col-sm-12 vc_col-md-8\"><div class=\"vc_column-inner\"><div class=\"wpb_wrapper\"><figure class=\"side-image\" > <img decoding=\"async\" src=\"https:\/\/tombaktarim.com\/wp-content\/uploads\/2025\/08\/Karalahana-2.png\" alt=\"Image\">\n\n\n\t\t\n\t\t\n\t\n<\/figure>\n<\/div><\/div><\/div><\/div><div class=\"vc_empty_space\"   style=\"height: 80px\"><span class=\"vc_empty_space_inner\"><\/span><\/div>\n\t<div class=\"wpb_text_column wpb_content_element\" >\n\t\t<div class=\"wpb_wrapper\">\n\t\t\t<p data-start=\"1023\" data-end=\"1496\"><p>\n    <strong>Kale<\/strong> is rich in valuable minerals such as vitamins A, C, and K, as well as iron and calcium. With its antioxidant properties, it regenerates cells, strengthens the immune system, and helps detoxify the body. A staple of Black Sea cuisine, kale offers a unique flavor in stuffed dishes, soups, and stews. Grown in the fields of Tombak Tar\u0131m and delivered fresh to your table, our kale preserves the taste of traditional cuisine while supporting a healthy lifestyle.\n<\/p><\/p>\n<p class=\"translation-block\"><p>\n    You can easily place your kale orders via <strong><a class=\"decorated-link cursor-pointer\" rel=\"noopener\" target=\"_self\">info@tombaktarim.com<\/a><\/strong> or by calling <strong>+90 543 635 13 64<\/strong>. Add both health and flavor to your table with fresh Tombak Tar\u0131m kale.\n<\/p><\/p>\n\n\t\t<\/div>\n\t<\/div>\n<div class=\"vc_row wpb_row vc_inner vc_row-fluid\"><div class=\"wpb_column vc_column_container vc_col-sm-12\"><div class=\"vc_column-inner\"><div class=\"wpb_wrapper\"><div class=\"section-title\"  style='color:#009A4E;' >\n\t\n\t\n\t\n\t\n\t \t\n      <h2>Package Sizes<\/h2>\n  \t\n\t <\/div>\n<\/div><\/div><\/div><\/div><div class=\"vc_row wpb_row vc_inner vc_row-fluid\"><div class=\"wpb_column vc_column_container vc_col-sm-4\"><div class=\"vc_column-inner\"><div class=\"wpb_wrapper\"><figure class=\"image-title-box\" > <img decoding=\"async\" src=\"https:\/\/tombaktarim.com\/wp-content\/uploads\/2025\/08\/Karalahana-kapak.png\" alt=\"1 KG&#039;LIK PAKET\">\n  <figcaption>\n    <h4><a href=\"#\">1 KG PACKAGE<\/a><\/h4>\n  <\/figcaption>\n<\/figure>\n<\/div><\/div><\/div><div class=\"wpb_column vc_column_container vc_col-sm-4\"><div class=\"vc_column-inner\"><div class=\"wpb_wrapper\"><figure class=\"image-title-box\" > <img decoding=\"async\" src=\"https:\/\/tombaktarim.com\/wp-content\/uploads\/2025\/08\/Karalahana-kapak.png\" alt=\"5 KG&#039;LIK PAKET\">\n  <figcaption>\n    <h4><a href=\"#\">5 KG PACKAGE<\/a><\/h4>\n  <\/figcaption>\n<\/figure>\n<\/div><\/div><\/div><div class=\"wpb_column vc_column_container vc_col-sm-4\"><div class=\"vc_column-inner\"><div class=\"wpb_wrapper\"><figure class=\"image-title-box\" > <img decoding=\"async\" src=\"https:\/\/tombaktarim.com\/wp-content\/uploads\/2025\/08\/Karalahana-kapak.png\" alt=\"10 KG&#039;LIK PAKET\">\n  <figcaption>\n    <h4><a href=\"#\">10 KG PACKAGE<\/a><\/h4>\n  <\/figcaption>\n<\/figure>\n<\/div><\/div><\/div><\/div><\/div><\/div><\/div><\/div><\/div><\/section>\n<\/div>","protected":false},"excerpt":{"rendered":"Taze ve Besleyici Karalahana Tombak Tar\u0131m\u2019\u0131n \u00f6zenle yeti\u015ftirdi\u011fi karalahanalar, vitamin ve mineral a\u00e7\u0131s\u0131ndan zengin i\u00e7eri\u011fiyle sofralar\u0131n\u0131za sa\u011fl\u0131k ve lezzet ta\u015f\u0131r. Do\u011fal y\u00f6ntemlerle \u00fcretilen karalahanalar\u0131m\u0131z, taptaze yapraklar\u0131 ve aromas\u0131yla yemeklerinize ayr\u0131 bir de\u011fer katar. Lif a\u00e7\u0131s\u0131ndan zengin olan karalahana, sindirime destek olur ve sa\u011fl\u0131kl\u0131 bir ya\u015fam i\u00e7in ideal bir sebzedir. D\u00fczenli t\u00fcketildi\u011finde ba\u011f\u0131\u015f\u0131kl\u0131k sistemini g\u00fc\u00e7lendirir ve [...]","protected":false},"author":2,"featured_media":0,"parent":658,"menu_order":0,"comment_status":"closed","ping_status":"closed","template":"page-builder.php","meta":{"_joinchat":[],"footnotes":""},"class_list":["post-674","page","type-page","status-publish","hentry"],"yoast_head":"<!-- This site is optimized with the Yoast SEO plugin v26.0 - https:\/\/yoast.com\/wordpress\/plugins\/seo\/ -->\n<title>Karalahana | Tombak Tar\u0131m \u2013 Taze, Sa\u011fl\u0131kl\u0131 ve Do\u011fal<\/title>\n<meta name=\"description\" content=\"Tombak Tar\u0131m karalahanalar\u0131; vitamin, mineral ve antioksidan a\u00e7\u0131s\u0131ndan zengin, taptaze yapraklar\u0131yla sofralar\u0131n\u0131za sa\u011fl\u0131k ve lezzet ta\u015f\u0131r. Geleneksel ve modern mutfak i\u00e7in ideal.\" \/>\n<meta name=\"robots\" content=\"index, follow, max-snippet:-1, max-image-preview:large, max-video-preview:-1\" \/>\n<link rel=\"canonical\" href=\"https:\/\/tombaktarim.com\/en\/urunler\/karalahana\/\" \/>\n<meta property=\"og:locale\" content=\"en_US\" \/>\n<meta property=\"og:type\" content=\"article\" \/>\n<meta property=\"og:title\" content=\"Tombak Tar\u0131m Karalahana \u2013 Do\u011fal ve Sa\u011fl\u0131kl\u0131 Se\u00e7im\" \/>\n<meta property=\"og:description\" content=\"A, C, K vitaminleri ve minerallerle zengin Tombak Tar\u0131m karalahanalar\u0131, taze yapraklar\u0131yla ba\u011f\u0131\u015f\u0131kl\u0131\u011f\u0131 g\u00fc\u00e7lendirir ve sofralar\u0131n\u0131za e\u015fsiz bir lezzet katar.\" \/>\n<meta property=\"og:url\" content=\"https:\/\/tombaktarim.com\/en\/urunler\/karalahana\/\" \/>\n<meta property=\"og:site_name\" content=\"Tombak Tar\u0131m\" \/>\n<meta property=\"article:publisher\" content=\"https:\/\/www.facebook.com\/Tombaktarim\" \/>\n<meta property=\"article:modified_time\" content=\"2025-09-08T15:01:22+00:00\" \/>\n<meta name=\"twitter:card\" content=\"summary_large_image\" \/>\n<meta name=\"twitter:title\" content=\"Tombak Tar\u0131m Karalahana \u2013 Do\u011fal ve Sa\u011fl\u0131kl\u0131 Se\u00e7im\" \/>\n<meta name=\"twitter:description\" content=\"A, C, K vitaminleri ve minerallerle zengin Tombak Tar\u0131m karalahanalar\u0131, taze yapraklar\u0131yla ba\u011f\u0131\u015f\u0131kl\u0131\u011f\u0131 g\u00fc\u00e7lendirir ve sofralar\u0131n\u0131za e\u015fsiz bir lezzet katar.\" \/>\n<meta name=\"twitter:label1\" content=\"Est. reading time\" \/>\n\t<meta name=\"twitter:data1\" content=\"4 minutes\" \/>\n<script type=\"application\/ld+json\" class=\"yoast-schema-graph\">{\"@context\":\"https:\/\/schema.org\",\"@graph\":[{\"@type\":\"WebPage\",\"@id\":\"https:\/\/tombaktarim.com\/urunler\/karalahana\/\",\"url\":\"https:\/\/tombaktarim.com\/urunler\/karalahana\/\",\"name\":\"Karalahana | Tombak Tar\u0131m \u2013 Taze, Sa\u011fl\u0131kl\u0131 ve Do\u011fal\",\"isPartOf\":{\"@id\":\"https:\/\/tombaktarim.com\/#website\"},\"datePublished\":\"2025-08-29T21:06:54+00:00\",\"dateModified\":\"2025-09-08T15:01:22+00:00\",\"description\":\"Tombak Tar\u0131m karalahanalar\u0131; vitamin, mineral ve antioksidan a\u00e7\u0131s\u0131ndan zengin, taptaze yapraklar\u0131yla sofralar\u0131n\u0131za sa\u011fl\u0131k ve lezzet ta\u015f\u0131r. Geleneksel ve modern mutfak i\u00e7in ideal.\",\"breadcrumb\":{\"@id\":\"https:\/\/tombaktarim.com\/urunler\/karalahana\/#breadcrumb\"},\"inLanguage\":\"en-US\",\"potentialAction\":[{\"@type\":\"ReadAction\",\"target\":[\"https:\/\/tombaktarim.com\/urunler\/karalahana\/\"]}]},{\"@type\":\"BreadcrumbList\",\"@id\":\"https:\/\/tombaktarim.com\/urunler\/karalahana\/#breadcrumb\",\"itemListElement\":[{\"@type\":\"ListItem\",\"position\":1,\"name\":\"Anasayfa\",\"item\":\"https:\/\/tombaktarim.com\/\"},{\"@type\":\"ListItem\",\"position\":2,\"name\":\"\u00dcr\u00fcnler\",\"item\":\"https:\/\/tombaktarim.com\/urunler\/\"},{\"@type\":\"ListItem\",\"position\":3,\"name\":\"Karalahana\"}]},{\"@type\":\"WebSite\",\"@id\":\"https:\/\/tombaktarim.com\/#website\",\"url\":\"https:\/\/tombaktarim.com\/\",\"name\":\"Tombak Tar\u0131m\",\"description\":\"\",\"publisher\":{\"@id\":\"https:\/\/tombaktarim.com\/#organization\"},\"potentialAction\":[{\"@type\":\"SearchAction\",\"target\":{\"@type\":\"EntryPoint\",\"urlTemplate\":\"https:\/\/tombaktarim.com\/?s={search_term_string}\"},\"query-input\":{\"@type\":\"PropertyValueSpecification\",\"valueRequired\":true,\"valueName\":\"search_term_string\"}}],\"inLanguage\":\"en-US\"},{\"@type\":\"Organization\",\"@id\":\"https:\/\/tombaktarim.com\/#organization\",\"name\":\"Tombak Tar\u0131m\",\"url\":\"https:\/\/tombaktarim.com\/\",\"logo\":{\"@type\":\"ImageObject\",\"inLanguage\":\"en-US\",\"@id\":\"https:\/\/tombaktarim.com\/#\/schema\/logo\/image\/\",\"url\":\"https:\/\/tombaktarim.com\/wp-content\/uploads\/2025\/08\/TOMBAK-LOGO.png\",\"contentUrl\":\"https:\/\/tombaktarim.com\/wp-content\/uploads\/2025\/08\/TOMBAK-LOGO.png\",\"width\":544,\"height\":118,\"caption\":\"Tombak Tar\u0131m\"},\"image\":{\"@id\":\"https:\/\/tombaktarim.com\/#\/schema\/logo\/image\/\"},\"sameAs\":[\"https:\/\/www.facebook.com\/Tombaktarim\",\"https:\/\/www.instagram.com\/tombaktarim\"]}]}<\/script>\n<!-- \/ Yoast SEO plugin. -->","yoast_head_json":{"title":"Karalahana | Tombak Tar\u0131m \u2013 Taze, Sa\u011fl\u0131kl\u0131 ve Do\u011fal","description":"Tombak Tar\u0131m karalahanalar\u0131; vitamin, mineral ve antioksidan a\u00e7\u0131s\u0131ndan zengin, taptaze yapraklar\u0131yla sofralar\u0131n\u0131za sa\u011fl\u0131k ve lezzet ta\u015f\u0131r. Geleneksel ve modern mutfak i\u00e7in ideal.","robots":{"index":"index","follow":"follow","max-snippet":"max-snippet:-1","max-image-preview":"max-image-preview:large","max-video-preview":"max-video-preview:-1"},"canonical":"https:\/\/tombaktarim.com\/en\/urunler\/karalahana\/","og_locale":"en_US","og_type":"article","og_title":"Tombak Tar\u0131m Karalahana \u2013 Do\u011fal ve Sa\u011fl\u0131kl\u0131 Se\u00e7im","og_description":"A, C, K vitaminleri ve minerallerle zengin Tombak Tar\u0131m karalahanalar\u0131, taze yapraklar\u0131yla ba\u011f\u0131\u015f\u0131kl\u0131\u011f\u0131 g\u00fc\u00e7lendirir ve sofralar\u0131n\u0131za e\u015fsiz bir lezzet katar.","og_url":"https:\/\/tombaktarim.com\/en\/urunler\/karalahana\/","og_site_name":"Tombak Tar\u0131m","article_publisher":"https:\/\/www.facebook.com\/Tombaktarim","article_modified_time":"2025-09-08T15:01:22+00:00","twitter_card":"summary_large_image","twitter_title":"Tombak Tar\u0131m Karalahana \u2013 Do\u011fal ve Sa\u011fl\u0131kl\u0131 Se\u00e7im","twitter_description":"A, C, K vitaminleri ve minerallerle zengin Tombak Tar\u0131m karalahanalar\u0131, taze yapraklar\u0131yla ba\u011f\u0131\u015f\u0131kl\u0131\u011f\u0131 g\u00fc\u00e7lendirir ve sofralar\u0131n\u0131za e\u015fsiz bir lezzet katar.","twitter_misc":{"Est. reading time":"4 minutes"},"schema":{"@context":"https:\/\/schema.org","@graph":[{"@type":"WebPage","@id":"https:\/\/tombaktarim.com\/urunler\/karalahana\/","url":"https:\/\/tombaktarim.com\/urunler\/karalahana\/","name":"Karalahana | Tombak Tar\u0131m \u2013 Taze, Sa\u011fl\u0131kl\u0131 ve Do\u011fal","isPartOf":{"@id":"https:\/\/tombaktarim.com\/#website"},"datePublished":"2025-08-29T21:06:54+00:00","dateModified":"2025-09-08T15:01:22+00:00","description":"Tombak Tar\u0131m karalahanalar\u0131; vitamin, mineral ve antioksidan a\u00e7\u0131s\u0131ndan zengin, taptaze yapraklar\u0131yla sofralar\u0131n\u0131za sa\u011fl\u0131k ve lezzet ta\u015f\u0131r. Geleneksel ve modern mutfak i\u00e7in ideal.","breadcrumb":{"@id":"https:\/\/tombaktarim.com\/urunler\/karalahana\/#breadcrumb"},"inLanguage":"en-US","potentialAction":[{"@type":"ReadAction","target":["https:\/\/tombaktarim.com\/urunler\/karalahana\/"]}]},{"@type":"BreadcrumbList","@id":"https:\/\/tombaktarim.com\/urunler\/karalahana\/#breadcrumb","itemListElement":[{"@type":"ListItem","position":1,"name":"Anasayfa","item":"https:\/\/tombaktarim.com\/"},{"@type":"ListItem","position":2,"name":"\u00dcr\u00fcnler","item":"https:\/\/tombaktarim.com\/urunler\/"},{"@type":"ListItem","position":3,"name":"Karalahana"}]},{"@type":"WebSite","@id":"https:\/\/tombaktarim.com\/#website","url":"https:\/\/tombaktarim.com\/","name":"Tombak Tar\u0131m","description":"","publisher":{"@id":"https:\/\/tombaktarim.com\/#organization"},"potentialAction":[{"@type":"SearchAction","target":{"@type":"EntryPoint","urlTemplate":"https:\/\/tombaktarim.com\/?s={search_term_string}"},"query-input":{"@type":"PropertyValueSpecification","valueRequired":true,"valueName":"search_term_string"}}],"inLanguage":"en-US"},{"@type":"Organization","@id":"https:\/\/tombaktarim.com\/#organization","name":"Tombak Tar\u0131m","url":"https:\/\/tombaktarim.com\/","logo":{"@type":"ImageObject","inLanguage":"en-US","@id":"https:\/\/tombaktarim.com\/#\/schema\/logo\/image\/","url":"https:\/\/tombaktarim.com\/wp-content\/uploads\/2025\/08\/TOMBAK-LOGO.png","contentUrl":"https:\/\/tombaktarim.com\/wp-content\/uploads\/2025\/08\/TOMBAK-LOGO.png","width":544,"height":118,"caption":"Tombak Tar\u0131m"},"image":{"@id":"https:\/\/tombaktarim.com\/#\/schema\/logo\/image\/"},"sameAs":["https:\/\/www.facebook.com\/Tombaktarim","https:\/\/www.instagram.com\/tombaktarim"]}]}},"_links":{"self":[{"href":"https:\/\/tombaktarim.com\/en\/wp-json\/wp\/v2\/pages\/674","targetHints":{"allow":["GET"]}}],"collection":[{"href":"https:\/\/tombaktarim.com\/en\/wp-json\/wp\/v2\/pages"}],"about":[{"href":"https:\/\/tombaktarim.com\/en\/wp-json\/wp\/v2\/types\/page"}],"author":[{"embeddable":true,"href":"https:\/\/tombaktarim.com\/en\/wp-json\/wp\/v2\/users\/2"}],"replies":[{"embeddable":true,"href":"https:\/\/tombaktarim.com\/en\/wp-json\/wp\/v2\/comments?post=674"}],"version-history":[{"count":5,"href":"https:\/\/tombaktarim.com\/en\/wp-json\/wp\/v2\/pages\/674\/revisions"}],"predecessor-version":[{"id":682,"href":"https:\/\/tombaktarim.com\/en\/wp-json\/wp\/v2\/pages\/674\/revisions\/682"}],"up":[{"embeddable":true,"href":"https:\/\/tombaktarim.com\/en\/wp-json\/wp\/v2\/pages\/658"}],"wp:attachment":[{"href":"https:\/\/tombaktarim.com\/en\/wp-json\/wp\/v2\/media?parent=674"}],"curies":[{"name":"wp","href":"https:\/\/api.w.org\/{rel}","templated":true}]}}