{"id":670,"date":"2025-08-29T20:55:55","date_gmt":"2025-08-29T20:55:55","guid":{"rendered":"https:\/\/tombaktarim.com\/?page_id=670"},"modified":"2025-09-08T14:36:28","modified_gmt":"2025-09-08T14:36:28","slug":"kirmizi-turp","status":"publish","type":"page","link":"https:\/\/tombaktarim.com\/en\/urunler\/kirmizi-turp\/","title":{"rendered":"Radishes"},"content":{"rendered":"<div class=\"wpb-content-wrapper\"><section  class=\"content-section\" ><div class=\"container\"><div class=\"vc_row wpb_row vc_row-fluid\"><div class=\"wpb_column vc_column_container vc_col-sm-12\"><div class=\"vc_column-inner\"><div class=\"wpb_wrapper\"><div class=\"vc_row wpb_row vc_inner vc_row-fluid vc_row-o-content-middle vc_row-flex\"><div class=\"wpb_column vc_column_container vc_col-sm-12 vc_col-md-8\"><div class=\"vc_column-inner\"><div class=\"wpb_wrapper\"><figure class=\"side-image\" > <img decoding=\"async\" src=\"https:\/\/tombaktarim.com\/wp-content\/uploads\/2025\/08\/turp-1.png\" alt=\"Image\">\n\n\n\t\t\n\t\t\n\t\n<\/figure>\n<\/div><\/div><\/div><div class=\"wpb_column vc_column_container vc_col-sm-12 vc_col-md-4\"><div class=\"vc_column-inner\"><div class=\"wpb_wrapper\">\n\n\n\n<div class=\"side-content right\" >\n  \t<h3 data-start=\"99\" data-end=\"130\">Nutritious and Fresh Radishes<\/h3>\n<p data-start=\"131\" data-end=\"514\"><p>\n    <strong>At Tombak Tar\u0131m,<\/strong> our radishes add health to your table with their freshness, crisp texture, and natural aroma.\n<\/p><\/p>\n<p data-start=\"131\" data-end=\"514\"><p>\n    <strong>Our radishes, safe to enjoy in every season,<\/strong> are an indispensable part of a healthy diet.\n<\/p><\/p>\n<p data-start=\"131\" data-end=\"514\"><p>\n    <strong>When consumed regularly,<\/strong> radishes help meet the body\u2019s daily vitamin needs. With their refreshing flavor, they are also one of the most beloved additions to salads.\n<\/p><\/p>\n<h3 data-start=\"516\" data-end=\"550\"><\/h3>\n      <\/div>\n<\/div><\/div><\/div><\/div><div class=\"vc_empty_space\"   style=\"height: 80px\"><span class=\"vc_empty_space_inner\"><\/span><\/div><div class=\"vc_row wpb_row vc_inner vc_row-fluid vc_row-o-content-middle vc_row-flex\"><div class=\"wpb_column vc_column_container vc_col-sm-12 vc_col-md-4\"><div class=\"vc_column-inner\"><div class=\"wpb_wrapper\">\n\n\n\n<div class=\"side-content left\" >\n  \t<h3 data-start=\"516\" data-end=\"550\">Reliable and High-Quality Production<\/h3>\n<p><p>\n    <strong>In radish production,<\/strong> we prioritize quality and hygiene. Thanks to modern agricultural techniques and our meticulous cultivation process, each of our products reaches you at the highest standards.\n<\/p><\/p>\n<p><p>\n    <strong>From field to table,<\/strong> we preserve naturalness at every stage, delivering products that are both reliable and delicious to our consumers.\n<\/p><\/p>\n      <\/div>\n<\/div><\/div><\/div><div class=\"wpb_column vc_column_container vc_col-sm-12 vc_col-md-8\"><div class=\"vc_column-inner\"><div class=\"wpb_wrapper\"><figure class=\"side-image\" > <img decoding=\"async\" src=\"https:\/\/tombaktarim.com\/wp-content\/uploads\/2025\/08\/turp-2.png\" alt=\"Image\">\n\n\n\t\t\n\t\t\n\t\n<\/figure>\n<\/div><\/div><\/div><\/div><div class=\"vc_empty_space\"   style=\"height: 80px\"><span class=\"vc_empty_space_inner\"><\/span><\/div>\n\t<div class=\"wpb_text_column wpb_content_element\" >\n\t\t<div class=\"wpb_wrapper\">\n\t\t\t<p data-start=\"899\" data-end=\"1412\"><p>\n    <strong>Radishes<\/strong> are a root vegetable rich in vitamins and minerals, containing high amounts of vitamin C, fiber, and antioxidants. When consumed regularly, they strengthen the immune system, support digestive health, and boost metabolism. Our red and white radish varieties not<\/p>\n<p class=\"translation-block\"><p>\n    You can easily place your radish orders via <strong><a class=\"decorated-link cursor-pointer\" rel=\"noopener\" target=\"_self\">info@tombaktarim.com<\/a><\/strong> or by calling <strong>+90 543 635 13 64<\/strong>. Add both health and flavor to your table with fresh Tombak Tar\u0131m radishes.\n<\/p><\/p>\n\n\t\t<\/div>\n\t<\/div>\n<div class=\"vc_row wpb_row vc_inner vc_row-fluid\"><div class=\"wpb_column vc_column_container vc_col-sm-12\"><div class=\"vc_column-inner\"><div class=\"wpb_wrapper\"><div class=\"section-title\"  style='color:#009A4E;' >\n\t\n\t\n\t\n\t\n\t \t\n      <h2>Package Sizes<\/h2>\n  \t\n\t <\/div>\n<\/div><\/div><\/div><\/div><div class=\"vc_row wpb_row vc_inner vc_row-fluid\"><div class=\"wpb_column vc_column_container vc_col-sm-4\"><div class=\"vc_column-inner\"><div class=\"wpb_wrapper\"><figure class=\"image-title-box\" > <img decoding=\"async\" src=\"https:\/\/tombaktarim.com\/wp-content\/uploads\/2025\/08\/Turp.png\" alt=\"1 KG&#039;LIK PAKET\">\n  <figcaption>\n    <h4><a href=\"#\">1 KG PACKAGE<\/a><\/h4>\n  <\/figcaption>\n<\/figure>\n<\/div><\/div><\/div><div class=\"wpb_column vc_column_container vc_col-sm-4\"><div class=\"vc_column-inner\"><div class=\"wpb_wrapper\"><figure class=\"image-title-box\" > <img decoding=\"async\" src=\"https:\/\/tombaktarim.com\/wp-content\/uploads\/2025\/08\/Turp.png\" alt=\"5 KG&#039;LIK PAKET\">\n  <figcaption>\n    <h4><a href=\"#\">5 KG PACKAGE<\/a><\/h4>\n  <\/figcaption>\n<\/figure>\n<\/div><\/div><\/div><div class=\"wpb_column vc_column_container vc_col-sm-4\"><div class=\"vc_column-inner\"><div class=\"wpb_wrapper\"><figure class=\"image-title-box\" > <img decoding=\"async\" src=\"https:\/\/tombaktarim.com\/wp-content\/uploads\/2025\/08\/Turp.png\" alt=\"10 KG&#039;LIK PAKET\">\n  <figcaption>\n    <h4><a href=\"#\">10 KG PACKAGE<\/a><\/h4>\n  <\/figcaption>\n<\/figure>\n<\/div><\/div><\/div><\/div><\/div><\/div><\/div><\/div><\/div><\/section>\n<\/div>","protected":false},"excerpt":{"rendered":"Besleyici ve Taze Turplar Tombak Tar\u0131m olarak \u00fcretti\u011fimiz turplar; tazeli\u011fi, gevrek yap\u0131s\u0131 ve do\u011fal aromas\u0131yla sofralar\u0131n\u0131za sa\u011fl\u0131k katar. Her mevsim g\u00fcvenle t\u00fcketebilece\u011finiz turplar\u0131m\u0131z, sa\u011fl\u0131kl\u0131 beslenmenin vazge\u00e7ilmez bir par\u00e7as\u0131d\u0131r. D\u00fczenli olarak t\u00fcketilen turp, v\u00fccudun g\u00fcnl\u00fck vitamin ihtiyac\u0131n\u0131 kar\u015f\u0131lamaya yard\u0131mc\u0131 olur. Ayn\u0131 zamanda sofralara katt\u0131\u011f\u0131 ferah tat ile salatalar\u0131n en sevilen \u00fcr\u00fcn\u00fcd\u00fcr. G\u00fcvenilir ve Kaliteli \u00dcretim Turp [...]","protected":false},"author":2,"featured_media":0,"parent":658,"menu_order":0,"comment_status":"closed","ping_status":"closed","template":"page-builder.php","meta":{"_joinchat":[],"footnotes":""},"class_list":["post-670","page","type-page","status-publish","hentry"],"yoast_head":"<!-- This site is optimized with the Yoast SEO plugin v26.0 - https:\/\/yoast.com\/wordpress\/plugins\/seo\/ -->\n<title>Turp | Tombak Tar\u0131m \u2013 Taze, Do\u011fal ve Besleyici Turplar<\/title>\n<meta name=\"description\" content=\"Tombak Tar\u0131m turplar\u0131; C vitamini ve lif a\u00e7\u0131s\u0131ndan zengin, taptaze ve do\u011fal lezzetiyle sofralar\u0131n\u0131za sa\u011fl\u0131k katar. K\u0131rm\u0131z\u0131 ve beyaz \u00e7e\u015fitleriyle her mevsim g\u00fcvenle t\u00fcketebilirsiniz.\" \/>\n<meta name=\"robots\" content=\"index, follow, max-snippet:-1, max-image-preview:large, max-video-preview:-1\" \/>\n<link rel=\"canonical\" href=\"https:\/\/tombaktarim.com\/en\/urunler\/kirmizi-turp\/\" \/>\n<meta property=\"og:locale\" content=\"en_US\" \/>\n<meta property=\"og:type\" content=\"article\" \/>\n<meta property=\"og:title\" content=\"Tombak Tar\u0131m Turp \u2013 Tazeli\u011fin ve Sa\u011fl\u0131\u011f\u0131n Adresi\" \/>\n<meta property=\"og:description\" content=\"Do\u011fal aromas\u0131, gevrek yap\u0131s\u0131 ve vitamin zenginli\u011fiyle Tombak Tar\u0131m turplar\u0131 sofralar\u0131n\u0131za sa\u011fl\u0131k ve lezzet kat\u0131yor. Tarladan sofran\u0131za g\u00fcvenle ula\u015f\u0131yor.\" \/>\n<meta property=\"og:url\" content=\"https:\/\/tombaktarim.com\/en\/urunler\/kirmizi-turp\/\" \/>\n<meta property=\"og:site_name\" content=\"Tombak Tar\u0131m\" \/>\n<meta property=\"article:publisher\" content=\"https:\/\/www.facebook.com\/Tombaktarim\" \/>\n<meta property=\"article:modified_time\" content=\"2025-09-08T14:36:28+00:00\" \/>\n<meta name=\"twitter:card\" content=\"summary_large_image\" \/>\n<meta name=\"twitter:title\" content=\"Tombak Tar\u0131m Turp \u2013 Tazeli\u011fin ve Sa\u011fl\u0131\u011f\u0131n Adresi\" \/>\n<meta name=\"twitter:description\" content=\"Do\u011fal aromas\u0131, gevrek yap\u0131s\u0131 ve vitamin zenginli\u011fiyle Tombak Tar\u0131m turplar\u0131 sofralar\u0131n\u0131za sa\u011fl\u0131k ve lezzet kat\u0131yor. Tarladan sofran\u0131za g\u00fcvenle ula\u015f\u0131yor.\" \/>\n<meta name=\"twitter:label1\" content=\"Est. reading time\" \/>\n\t<meta name=\"twitter:data1\" content=\"4 minutes\" \/>\n<script type=\"application\/ld+json\" class=\"yoast-schema-graph\">{\"@context\":\"https:\/\/schema.org\",\"@graph\":[{\"@type\":\"WebPage\",\"@id\":\"https:\/\/tombaktarim.com\/urunler\/kirmizi-turp\/\",\"url\":\"https:\/\/tombaktarim.com\/urunler\/kirmizi-turp\/\",\"name\":\"Turp | Tombak Tar\u0131m \u2013 Taze, Do\u011fal ve Besleyici Turplar\",\"isPartOf\":{\"@id\":\"https:\/\/tombaktarim.com\/#website\"},\"datePublished\":\"2025-08-29T20:55:55+00:00\",\"dateModified\":\"2025-09-08T14:36:28+00:00\",\"description\":\"Tombak Tar\u0131m turplar\u0131; C vitamini ve lif a\u00e7\u0131s\u0131ndan zengin, taptaze ve do\u011fal lezzetiyle sofralar\u0131n\u0131za sa\u011fl\u0131k katar. K\u0131rm\u0131z\u0131 ve beyaz \u00e7e\u015fitleriyle her mevsim g\u00fcvenle t\u00fcketebilirsiniz.\",\"breadcrumb\":{\"@id\":\"https:\/\/tombaktarim.com\/urunler\/kirmizi-turp\/#breadcrumb\"},\"inLanguage\":\"en-US\",\"potentialAction\":[{\"@type\":\"ReadAction\",\"target\":[\"https:\/\/tombaktarim.com\/urunler\/kirmizi-turp\/\"]}]},{\"@type\":\"BreadcrumbList\",\"@id\":\"https:\/\/tombaktarim.com\/urunler\/kirmizi-turp\/#breadcrumb\",\"itemListElement\":[{\"@type\":\"ListItem\",\"position\":1,\"name\":\"Anasayfa\",\"item\":\"https:\/\/tombaktarim.com\/\"},{\"@type\":\"ListItem\",\"position\":2,\"name\":\"\u00dcr\u00fcnler\",\"item\":\"https:\/\/tombaktarim.com\/urunler\/\"},{\"@type\":\"ListItem\",\"position\":3,\"name\":\"Turp\"}]},{\"@type\":\"WebSite\",\"@id\":\"https:\/\/tombaktarim.com\/#website\",\"url\":\"https:\/\/tombaktarim.com\/\",\"name\":\"Tombak Tar\u0131m\",\"description\":\"\",\"publisher\":{\"@id\":\"https:\/\/tombaktarim.com\/#organization\"},\"potentialAction\":[{\"@type\":\"SearchAction\",\"target\":{\"@type\":\"EntryPoint\",\"urlTemplate\":\"https:\/\/tombaktarim.com\/?s={search_term_string}\"},\"query-input\":{\"@type\":\"PropertyValueSpecification\",\"valueRequired\":true,\"valueName\":\"search_term_string\"}}],\"inLanguage\":\"en-US\"},{\"@type\":\"Organization\",\"@id\":\"https:\/\/tombaktarim.com\/#organization\",\"name\":\"Tombak Tar\u0131m\",\"url\":\"https:\/\/tombaktarim.com\/\",\"logo\":{\"@type\":\"ImageObject\",\"inLanguage\":\"en-US\",\"@id\":\"https:\/\/tombaktarim.com\/#\/schema\/logo\/image\/\",\"url\":\"https:\/\/tombaktarim.com\/wp-content\/uploads\/2025\/08\/TOMBAK-LOGO.png\",\"contentUrl\":\"https:\/\/tombaktarim.com\/wp-content\/uploads\/2025\/08\/TOMBAK-LOGO.png\",\"width\":544,\"height\":118,\"caption\":\"Tombak Tar\u0131m\"},\"image\":{\"@id\":\"https:\/\/tombaktarim.com\/#\/schema\/logo\/image\/\"},\"sameAs\":[\"https:\/\/www.facebook.com\/Tombaktarim\",\"https:\/\/www.instagram.com\/tombaktarim\"]}]}<\/script>\n<!-- \/ Yoast SEO plugin. -->","yoast_head_json":{"title":"Turp | Tombak Tar\u0131m \u2013 Taze, Do\u011fal ve Besleyici Turplar","description":"Tombak Tar\u0131m turplar\u0131; C vitamini ve lif a\u00e7\u0131s\u0131ndan zengin, taptaze ve do\u011fal lezzetiyle sofralar\u0131n\u0131za sa\u011fl\u0131k katar. K\u0131rm\u0131z\u0131 ve beyaz \u00e7e\u015fitleriyle her mevsim g\u00fcvenle t\u00fcketebilirsiniz.","robots":{"index":"index","follow":"follow","max-snippet":"max-snippet:-1","max-image-preview":"max-image-preview:large","max-video-preview":"max-video-preview:-1"},"canonical":"https:\/\/tombaktarim.com\/en\/urunler\/kirmizi-turp\/","og_locale":"en_US","og_type":"article","og_title":"Tombak Tar\u0131m Turp \u2013 Tazeli\u011fin ve Sa\u011fl\u0131\u011f\u0131n Adresi","og_description":"Do\u011fal aromas\u0131, gevrek yap\u0131s\u0131 ve vitamin zenginli\u011fiyle Tombak Tar\u0131m turplar\u0131 sofralar\u0131n\u0131za sa\u011fl\u0131k ve lezzet kat\u0131yor. Tarladan sofran\u0131za g\u00fcvenle ula\u015f\u0131yor.","og_url":"https:\/\/tombaktarim.com\/en\/urunler\/kirmizi-turp\/","og_site_name":"Tombak Tar\u0131m","article_publisher":"https:\/\/www.facebook.com\/Tombaktarim","article_modified_time":"2025-09-08T14:36:28+00:00","twitter_card":"summary_large_image","twitter_title":"Tombak Tar\u0131m Turp \u2013 Tazeli\u011fin ve Sa\u011fl\u0131\u011f\u0131n Adresi","twitter_description":"Do\u011fal aromas\u0131, gevrek yap\u0131s\u0131 ve vitamin zenginli\u011fiyle Tombak Tar\u0131m turplar\u0131 sofralar\u0131n\u0131za sa\u011fl\u0131k ve lezzet kat\u0131yor. Tarladan sofran\u0131za g\u00fcvenle ula\u015f\u0131yor.","twitter_misc":{"Est. reading time":"4 minutes"},"schema":{"@context":"https:\/\/schema.org","@graph":[{"@type":"WebPage","@id":"https:\/\/tombaktarim.com\/urunler\/kirmizi-turp\/","url":"https:\/\/tombaktarim.com\/urunler\/kirmizi-turp\/","name":"Turp | Tombak Tar\u0131m \u2013 Taze, Do\u011fal ve Besleyici Turplar","isPartOf":{"@id":"https:\/\/tombaktarim.com\/#website"},"datePublished":"2025-08-29T20:55:55+00:00","dateModified":"2025-09-08T14:36:28+00:00","description":"Tombak Tar\u0131m turplar\u0131; C vitamini ve lif a\u00e7\u0131s\u0131ndan zengin, taptaze ve do\u011fal lezzetiyle sofralar\u0131n\u0131za sa\u011fl\u0131k katar. K\u0131rm\u0131z\u0131 ve beyaz \u00e7e\u015fitleriyle her mevsim g\u00fcvenle t\u00fcketebilirsiniz.","breadcrumb":{"@id":"https:\/\/tombaktarim.com\/urunler\/kirmizi-turp\/#breadcrumb"},"inLanguage":"en-US","potentialAction":[{"@type":"ReadAction","target":["https:\/\/tombaktarim.com\/urunler\/kirmizi-turp\/"]}]},{"@type":"BreadcrumbList","@id":"https:\/\/tombaktarim.com\/urunler\/kirmizi-turp\/#breadcrumb","itemListElement":[{"@type":"ListItem","position":1,"name":"Anasayfa","item":"https:\/\/tombaktarim.com\/"},{"@type":"ListItem","position":2,"name":"\u00dcr\u00fcnler","item":"https:\/\/tombaktarim.com\/urunler\/"},{"@type":"ListItem","position":3,"name":"Turp"}]},{"@type":"WebSite","@id":"https:\/\/tombaktarim.com\/#website","url":"https:\/\/tombaktarim.com\/","name":"Tombak Tar\u0131m","description":"","publisher":{"@id":"https:\/\/tombaktarim.com\/#organization"},"potentialAction":[{"@type":"SearchAction","target":{"@type":"EntryPoint","urlTemplate":"https:\/\/tombaktarim.com\/?s={search_term_string}"},"query-input":{"@type":"PropertyValueSpecification","valueRequired":true,"valueName":"search_term_string"}}],"inLanguage":"en-US"},{"@type":"Organization","@id":"https:\/\/tombaktarim.com\/#organization","name":"Tombak Tar\u0131m","url":"https:\/\/tombaktarim.com\/","logo":{"@type":"ImageObject","inLanguage":"en-US","@id":"https:\/\/tombaktarim.com\/#\/schema\/logo\/image\/","url":"https:\/\/tombaktarim.com\/wp-content\/uploads\/2025\/08\/TOMBAK-LOGO.png","contentUrl":"https:\/\/tombaktarim.com\/wp-content\/uploads\/2025\/08\/TOMBAK-LOGO.png","width":544,"height":118,"caption":"Tombak Tar\u0131m"},"image":{"@id":"https:\/\/tombaktarim.com\/#\/schema\/logo\/image\/"},"sameAs":["https:\/\/www.facebook.com\/Tombaktarim","https:\/\/www.instagram.com\/tombaktarim"]}]}},"_links":{"self":[{"href":"https:\/\/tombaktarim.com\/en\/wp-json\/wp\/v2\/pages\/670","targetHints":{"allow":["GET"]}}],"collection":[{"href":"https:\/\/tombaktarim.com\/en\/wp-json\/wp\/v2\/pages"}],"about":[{"href":"https:\/\/tombaktarim.com\/en\/wp-json\/wp\/v2\/types\/page"}],"author":[{"embeddable":true,"href":"https:\/\/tombaktarim.com\/en\/wp-json\/wp\/v2\/users\/2"}],"replies":[{"embeddable":true,"href":"https:\/\/tombaktarim.com\/en\/wp-json\/wp\/v2\/comments?post=670"}],"version-history":[{"count":7,"href":"https:\/\/tombaktarim.com\/en\/wp-json\/wp\/v2\/pages\/670\/revisions"}],"predecessor-version":[{"id":953,"href":"https:\/\/tombaktarim.com\/en\/wp-json\/wp\/v2\/pages\/670\/revisions\/953"}],"up":[{"embeddable":true,"href":"https:\/\/tombaktarim.com\/en\/wp-json\/wp\/v2\/pages\/658"}],"wp:attachment":[{"href":"https:\/\/tombaktarim.com\/en\/wp-json\/wp\/v2\/media?parent=670"}],"curies":[{"name":"wp","href":"https:\/\/api.w.org\/{rel}","templated":true}]}}