{"id":658,"date":"2025-08-29T20:47:56","date_gmt":"2025-08-29T20:47:56","guid":{"rendered":"https:\/\/tombaktarim.com\/?page_id=658"},"modified":"2025-09-08T14:26:36","modified_gmt":"2025-09-08T14:26:36","slug":"urunler","status":"publish","type":"page","link":"https:\/\/tombaktarim.com\/en\/urunler\/","title":{"rendered":"Products"},"content":{"rendered":"<div class=\"wpb-content-wrapper\"><section  class=\"content-section no-spacing\" ><div class=\"container\"><div class=\"vc_row wpb_row vc_row-fluid vc_custom_1603886300690\"><div class=\"wpb_column vc_column_container vc_col-sm-12\"><div class=\"vc_column-inner\"><div class=\"wpb_wrapper\"><\/div><\/div><\/div><\/div><\/div><\/section><section  class=\"content-section bottom-white-space\" style=\"background-color: #fbf7f4;\"><div class=\"container\"><div class=\"vc_row wpb_row vc_row-fluid\"><div class=\"wpb_column vc_column_container vc_col-sm-12\"><div class=\"vc_column-inner\"><div class=\"wpb_wrapper\"><div class=\"vc_row wpb_row vc_inner vc_row-fluid\"><div class=\"wpb_column vc_column_container vc_col-sm-12\"><div class=\"vc_column-inner\"><div class=\"wpb_wrapper\"><div class=\"section-title\"  style='color:#212529;' >\n\t\n\t\n\t\n\t\n\t \t<figure> <img decoding=\"async\" src=\"https:\/\/tombaktarim.com\/wp-content\/themes\/seodo\/images\/section-title-shape.png\" alt=\"Image\"> <\/figure>\n\t\t\n    <h6> TOMBAK TARIM <\/h6>\n      <h2>OUR PRODUCTS<\/h2>\n  \t\n\t <\/div>\n<\/div><\/div><\/div><\/div><div class=\"vc_row wpb_row vc_inner vc_row-fluid\"><div class=\"wpb_column vc_column_container vc_col-sm-3\"><div class=\"vc_column-inner\"><div class=\"wpb_wrapper\"><figure class=\"image-title-box\" > <img decoding=\"async\" src=\"https:\/\/tombaktarim.com\/wp-content\/uploads\/2025\/08\/Havuc-kapak-fotografi.png\" alt=\"Havu\u00e7\">\n  <figcaption>\n    <h4><a href=\"\/en\/urunlerimiz\/havuc\/\">Carrots<\/a><\/h4>\n  <\/figcaption>\n<\/figure>\n<\/div><\/div><\/div><div class=\"wpb_column vc_column_container vc_col-sm-3\"><div class=\"vc_column-inner\"><div class=\"wpb_wrapper\"><figure class=\"image-title-box\" > <img decoding=\"async\" src=\"https:\/\/tombaktarim.com\/wp-content\/uploads\/2025\/08\/Turp.png\" alt=\"Turp\">\n  <figcaption>\n    <h4><a href=\"\/en\/urunlerimiz\/kirmizi-turp\/\">Radishes<\/a><\/h4>\n  <\/figcaption>\n<\/figure>\n<\/div><\/div><\/div><div class=\"wpb_column vc_column_container vc_col-sm-3\"><div class=\"vc_column-inner\"><div class=\"wpb_wrapper\"><figure class=\"image-title-box\" > <img decoding=\"async\" src=\"https:\/\/tombaktarim.com\/wp-content\/uploads\/2025\/08\/Karalahana-kapak.png\" alt=\"Karalahana\">\n  <figcaption>\n    <h4><a href=\"\/en\/urunlerimiz\/karalahana\/\">Kale<\/a><\/h4>\n  <\/figcaption>\n<\/figure>\n<\/div><\/div><\/div><div class=\"wpb_column vc_column_container vc_col-sm-3\"><div class=\"vc_column-inner\"><div class=\"wpb_wrapper\"><figure class=\"image-title-box\" > <img decoding=\"async\" src=\"https:\/\/tombaktarim.com\/wp-content\/uploads\/2025\/08\/Karnabahar-kapak.png\" alt=\"Karnabahar\">\n  <figcaption>\n    <h4><a href=\"\/en\/urunlerimiz\/karnabahar\/\">Cauliflower<\/a><\/h4>\n  <\/figcaption>\n<\/figure>\n<\/div><\/div><\/div><\/div><\/div><\/div><\/div><\/div><\/div><\/section><section  class=\"content-section\" ><div class=\"container\"><div class=\"vc_row wpb_row vc_row-fluid\"><div class=\"wpb_column vc_column_container vc_col-sm-4\"><div class=\"vc_column-inner\"><div class=\"wpb_wrapper\"><div class=\"counter-box\" >\n    <span class=\"odometer\" data-count=\"20000\" data-status=\"yes\">0<\/span>\n      <h6> Hectares of Cultivated Land <\/h6>\n    <figure> <img decoding=\"async\" src=\"https:\/\/tombaktarim.com\/wp-content\/uploads\/2025\/08\/counter-icon1.png\" alt=\"Hektar ekilen alan\"> <\/figure>\n<\/div>\n<\/div><\/div><\/div><div class=\"wpb_column vc_column_container vc_col-sm-4\"><div class=\"vc_column-inner\"><div class=\"wpb_wrapper\"><div class=\"counter-box\" >\n    <span class=\"odometer\" data-count=\"56000\" data-status=\"yes\">0<\/span>\n      <h6> Years of Production Volume <\/h6>\n    <figure> <img decoding=\"async\" src=\"https:\/\/tombaktarim.com\/wp-content\/uploads\/2025\/08\/counter-icon2.png\" alt=\"Y\u0131ll\u0131k \u00fcretilen tonaj\"> <\/figure>\n<\/div>\n<\/div><\/div><\/div><div class=\"wpb_column vc_column_container vc_col-sm-4\"><div class=\"vc_column-inner\"><div class=\"wpb_wrapper\"><div class=\"counter-box\" >\n    <span class=\"odometer\" data-count=\"580\" data-status=\"yes\">0<\/span>\n      <h6> Years of Export Experience <\/h6>\n    <figure> <img decoding=\"async\" src=\"https:\/\/tombaktarim.com\/wp-content\/uploads\/2025\/08\/counter-icon4.png\" alt=\"Y\u0131ll\u0131k yap\u0131lan sevkiyat\"> <\/figure>\n<\/div>\n<\/div><\/div><\/div><\/div><\/div><\/section><section  class=\"content-section no-spacing\" ><div class=\"vc_row wpb_row vc_row-fluid vc_custom_1603890411927\"><div class=\"wpb_column vc_column_container vc_col-sm-12\"><div class=\"vc_column-inner vc_custom_1603890418265\"><div class=\"wpb_wrapper\"><div class=\"section-title\"  style='color:#212529;' >\n\t\n\t\n\t\n\t\n\t \t<figure> <img decoding=\"async\" src=\"https:\/\/tombaktarim.com\/wp-content\/themes\/seodo\/images\/section-title-shape.png\" alt=\"Image\"> <\/figure>\n\t\t\n    <h6> From Nature to Your Table <\/h6>\n      <h2>Tombak Tar\u0131m - Gallery<\/h2>\n  \t\n\t <\/div>\n<ul class=\"gallery-grid\" >\n      <li>\n    <figure> <a href=\"https:\/\/tombaktarim.com\/wp-content\/uploads\/2025\/08\/Galeri-2.png\" data-fancybox><img decoding=\"async\" src=\"https:\/\/tombaktarim.com\/wp-content\/uploads\/2025\/08\/Galeri-2.png\" alt=\"Image\"><\/a> <\/figure>\n  <\/li>\n        <li>\n    <figure> <a href=\"https:\/\/tombaktarim.com\/wp-content\/uploads\/2025\/08\/Galeri-4.png\" data-fancybox><img decoding=\"async\" src=\"https:\/\/tombaktarim.com\/wp-content\/uploads\/2025\/08\/Galeri-4.png\" alt=\"Image\"><\/a> <\/figure>\n  <\/li>\n        <li>\n    <figure> <a href=\"https:\/\/tombaktarim.com\/wp-content\/uploads\/2025\/08\/Galeri-1-1.png\" data-fancybox><img decoding=\"async\" src=\"https:\/\/tombaktarim.com\/wp-content\/uploads\/2025\/08\/Galeri-1-1.png\" alt=\"Image\"><\/a> <\/figure>\n  <\/li>\n        <li>\n    <figure> <a href=\"https:\/\/tombaktarim.com\/wp-content\/uploads\/2025\/08\/Galeri-5.png\" data-fancybox><img decoding=\"async\" src=\"https:\/\/tombaktarim.com\/wp-content\/uploads\/2025\/08\/Galeri-5.png\" alt=\"Image\"><\/a> <\/figure>\n  <\/li>\n        <li>\n    <figure> <a href=\"https:\/\/tombaktarim.com\/wp-content\/uploads\/2025\/08\/Galeri-3.png\" data-fancybox><img decoding=\"async\" src=\"https:\/\/tombaktarim.com\/wp-content\/uploads\/2025\/08\/Galeri-3.png\" alt=\"Image\"><\/a> <\/figure>\n  <\/li>\n        <li>\n    <figure> <a href=\"https:\/\/tombaktarim.com\/wp-content\/uploads\/2025\/08\/Galeri-6.png\" data-fancybox><img decoding=\"async\" src=\"https:\/\/tombaktarim.com\/wp-content\/uploads\/2025\/08\/Galeri-6.png\" alt=\"Image\"><\/a> <\/figure>\n  <\/li>\n    <\/ul>\n<\/div><\/div><\/div><\/div><\/section><section  class=\"content-section\" ><div class=\"vc_row wpb_row vc_row-fluid\"><div class=\"wpb_column vc_column_container vc_col-sm-12\"><div class=\"vc_column-inner\"><div class=\"wpb_wrapper\"><div class=\"vc_separator wpb_content_element vc_separator_align_center vc_sep_width_100 vc_sep_pos_align_center vc_separator_no_text vc_sep_color_white wpb_content_element  wpb_content_element\" ><span class=\"vc_sep_holder vc_sep_holder_l\"><span class=\"vc_sep_line\"><\/span><\/span><span class=\"vc_sep_holder vc_sep_holder_r\"><span class=\"vc_sep_line\"><\/span><\/span>\n<\/div><\/div><\/div><\/div><\/div><\/section>\n<\/div>","protected":false},"excerpt":{"rendered":"TOMBAK TARIM \u00dcR\u00dcNLER\u0130M\u0130Z Havu\u00e7 Turp Karalahana Karnabahar 0 Hektar ekilen alan 0 Y\u0131ll\u0131k \u00fcretilen tonaj 0 Y\u0131ll\u0131k yap\u0131lan sevkiyat Do\u011fadan Sofran\u0131za Tombak Tar\u0131m - Galeri","protected":false},"author":2,"featured_media":0,"parent":0,"menu_order":0,"comment_status":"closed","ping_status":"closed","template":"page-builder.php","meta":{"_joinchat":[],"footnotes":""},"class_list":["post-658","page","type-page","status-publish","hentry"],"yoast_head":"<!-- This site is optimized with the Yoast SEO plugin v26.0 - https:\/\/yoast.com\/wordpress\/plugins\/seo\/ -->\n<title>\u00dcr\u00fcnler | Tombak Tar\u0131m \u2013 Havu\u00e7, Turp, Karalahana ve Karnabahar<\/title>\n<meta name=\"description\" content=\"Tombak Tar\u0131m \u00fcr\u00fcnleri; Konya\u2019n\u0131n verimli topraklar\u0131nda yeti\u015fen havu\u00e7, turp, kara lahana ve karnabahardan olu\u015fmaktad\u0131r. Do\u011fal, sa\u011fl\u0131kl\u0131 ve ihracata uygun sebzeler sunuyoruz.\" \/>\n<meta name=\"robots\" content=\"index, follow, max-snippet:-1, max-image-preview:large, max-video-preview:-1\" \/>\n<link rel=\"canonical\" href=\"https:\/\/tombaktarim.com\/en\/urunler\/\" \/>\n<meta property=\"og:locale\" content=\"en_US\" \/>\n<meta property=\"og:type\" content=\"article\" \/>\n<meta property=\"og:title\" content=\"Tombak Tar\u0131m \u00dcr\u00fcnleri \u2013 Do\u011fal ve Sa\u011fl\u0131kl\u0131 Sebzeler\" \/>\n<meta property=\"og:description\" content=\"Havu\u00e7, turp, kara lahana ve karnabahar \u00fcretiminde kaliteyi ve g\u00fcveni \u00f6n planda tutuyoruz. Tarladan sofran\u0131za uzanan Tombak Tar\u0131m \u00fcr\u00fcnlerini ke\u015ffedin.\" \/>\n<meta property=\"og:url\" content=\"https:\/\/tombaktarim.com\/en\/urunler\/\" \/>\n<meta property=\"og:site_name\" content=\"Tombak Tar\u0131m\" \/>\n<meta property=\"article:publisher\" content=\"https:\/\/www.facebook.com\/Tombaktarim\" \/>\n<meta property=\"article:modified_time\" content=\"2025-09-08T14:26:36+00:00\" \/>\n<meta name=\"twitter:card\" content=\"summary_large_image\" \/>\n<meta name=\"twitter:title\" content=\"Tombak Tar\u0131m \u00dcr\u00fcnleri \u2013 Do\u011fal ve Sa\u011fl\u0131kl\u0131 Sebzeler\" \/>\n<meta name=\"twitter:description\" content=\"Havu\u00e7, turp, kara lahana ve karnabahar \u00fcretiminde kaliteyi ve g\u00fcveni \u00f6n planda tutuyoruz. Tarladan sofran\u0131za uzanan Tombak Tar\u0131m \u00fcr\u00fcnlerini ke\u015ffedin.\" \/>\n<meta name=\"twitter:label1\" content=\"Est. reading time\" \/>\n\t<meta name=\"twitter:data1\" content=\"2 minutes\" \/>\n<script type=\"application\/ld+json\" class=\"yoast-schema-graph\">{\"@context\":\"https:\/\/schema.org\",\"@graph\":[{\"@type\":\"WebPage\",\"@id\":\"https:\/\/tombaktarim.com\/urunler\/\",\"url\":\"https:\/\/tombaktarim.com\/urunler\/\",\"name\":\"\u00dcr\u00fcnler | Tombak Tar\u0131m \u2013 Havu\u00e7, Turp, Karalahana ve Karnabahar\",\"isPartOf\":{\"@id\":\"https:\/\/tombaktarim.com\/#website\"},\"datePublished\":\"2025-08-29T20:47:56+00:00\",\"dateModified\":\"2025-09-08T14:26:36+00:00\",\"description\":\"Tombak Tar\u0131m \u00fcr\u00fcnleri; Konya\u2019n\u0131n verimli topraklar\u0131nda yeti\u015fen havu\u00e7, turp, kara lahana ve karnabahardan olu\u015fmaktad\u0131r. Do\u011fal, sa\u011fl\u0131kl\u0131 ve ihracata uygun sebzeler sunuyoruz.\",\"breadcrumb\":{\"@id\":\"https:\/\/tombaktarim.com\/urunler\/#breadcrumb\"},\"inLanguage\":\"en-US\",\"potentialAction\":[{\"@type\":\"ReadAction\",\"target\":[\"https:\/\/tombaktarim.com\/urunler\/\"]}]},{\"@type\":\"BreadcrumbList\",\"@id\":\"https:\/\/tombaktarim.com\/urunler\/#breadcrumb\",\"itemListElement\":[{\"@type\":\"ListItem\",\"position\":1,\"name\":\"Anasayfa\",\"item\":\"https:\/\/tombaktarim.com\/\"},{\"@type\":\"ListItem\",\"position\":2,\"name\":\"\u00dcr\u00fcnler\"}]},{\"@type\":\"WebSite\",\"@id\":\"https:\/\/tombaktarim.com\/#website\",\"url\":\"https:\/\/tombaktarim.com\/\",\"name\":\"Tombak Tar\u0131m\",\"description\":\"\",\"publisher\":{\"@id\":\"https:\/\/tombaktarim.com\/#organization\"},\"potentialAction\":[{\"@type\":\"SearchAction\",\"target\":{\"@type\":\"EntryPoint\",\"urlTemplate\":\"https:\/\/tombaktarim.com\/?s={search_term_string}\"},\"query-input\":{\"@type\":\"PropertyValueSpecification\",\"valueRequired\":true,\"valueName\":\"search_term_string\"}}],\"inLanguage\":\"en-US\"},{\"@type\":\"Organization\",\"@id\":\"https:\/\/tombaktarim.com\/#organization\",\"name\":\"Tombak Tar\u0131m\",\"url\":\"https:\/\/tombaktarim.com\/\",\"logo\":{\"@type\":\"ImageObject\",\"inLanguage\":\"en-US\",\"@id\":\"https:\/\/tombaktarim.com\/#\/schema\/logo\/image\/\",\"url\":\"https:\/\/tombaktarim.com\/wp-content\/uploads\/2025\/08\/TOMBAK-LOGO.png\",\"contentUrl\":\"https:\/\/tombaktarim.com\/wp-content\/uploads\/2025\/08\/TOMBAK-LOGO.png\",\"width\":544,\"height\":118,\"caption\":\"Tombak Tar\u0131m\"},\"image\":{\"@id\":\"https:\/\/tombaktarim.com\/#\/schema\/logo\/image\/\"},\"sameAs\":[\"https:\/\/www.facebook.com\/Tombaktarim\",\"https:\/\/www.instagram.com\/tombaktarim\"]}]}<\/script>\n<!-- \/ Yoast SEO plugin. -->","yoast_head_json":{"title":"\u00dcr\u00fcnler | Tombak Tar\u0131m \u2013 Havu\u00e7, Turp, Karalahana ve Karnabahar","description":"Tombak Tar\u0131m \u00fcr\u00fcnleri; Konya\u2019n\u0131n verimli topraklar\u0131nda yeti\u015fen havu\u00e7, turp, kara lahana ve karnabahardan olu\u015fmaktad\u0131r. Do\u011fal, sa\u011fl\u0131kl\u0131 ve ihracata uygun sebzeler sunuyoruz.","robots":{"index":"index","follow":"follow","max-snippet":"max-snippet:-1","max-image-preview":"max-image-preview:large","max-video-preview":"max-video-preview:-1"},"canonical":"https:\/\/tombaktarim.com\/en\/urunler\/","og_locale":"en_US","og_type":"article","og_title":"Tombak Tar\u0131m \u00dcr\u00fcnleri \u2013 Do\u011fal ve Sa\u011fl\u0131kl\u0131 Sebzeler","og_description":"Havu\u00e7, turp, kara lahana ve karnabahar \u00fcretiminde kaliteyi ve g\u00fcveni \u00f6n planda tutuyoruz. Tarladan sofran\u0131za uzanan Tombak Tar\u0131m \u00fcr\u00fcnlerini ke\u015ffedin.","og_url":"https:\/\/tombaktarim.com\/en\/urunler\/","og_site_name":"Tombak Tar\u0131m","article_publisher":"https:\/\/www.facebook.com\/Tombaktarim","article_modified_time":"2025-09-08T14:26:36+00:00","twitter_card":"summary_large_image","twitter_title":"Tombak Tar\u0131m \u00dcr\u00fcnleri \u2013 Do\u011fal ve Sa\u011fl\u0131kl\u0131 Sebzeler","twitter_description":"Havu\u00e7, turp, kara lahana ve karnabahar \u00fcretiminde kaliteyi ve g\u00fcveni \u00f6n planda tutuyoruz. Tarladan sofran\u0131za uzanan Tombak Tar\u0131m \u00fcr\u00fcnlerini ke\u015ffedin.","twitter_misc":{"Est. reading time":"2 minutes"},"schema":{"@context":"https:\/\/schema.org","@graph":[{"@type":"WebPage","@id":"https:\/\/tombaktarim.com\/urunler\/","url":"https:\/\/tombaktarim.com\/urunler\/","name":"\u00dcr\u00fcnler | Tombak Tar\u0131m \u2013 Havu\u00e7, Turp, Karalahana ve Karnabahar","isPartOf":{"@id":"https:\/\/tombaktarim.com\/#website"},"datePublished":"2025-08-29T20:47:56+00:00","dateModified":"2025-09-08T14:26:36+00:00","description":"Tombak Tar\u0131m \u00fcr\u00fcnleri; Konya\u2019n\u0131n verimli topraklar\u0131nda yeti\u015fen havu\u00e7, turp, kara lahana ve karnabahardan olu\u015fmaktad\u0131r. Do\u011fal, sa\u011fl\u0131kl\u0131 ve ihracata uygun sebzeler sunuyoruz.","breadcrumb":{"@id":"https:\/\/tombaktarim.com\/urunler\/#breadcrumb"},"inLanguage":"en-US","potentialAction":[{"@type":"ReadAction","target":["https:\/\/tombaktarim.com\/urunler\/"]}]},{"@type":"BreadcrumbList","@id":"https:\/\/tombaktarim.com\/urunler\/#breadcrumb","itemListElement":[{"@type":"ListItem","position":1,"name":"Anasayfa","item":"https:\/\/tombaktarim.com\/"},{"@type":"ListItem","position":2,"name":"\u00dcr\u00fcnler"}]},{"@type":"WebSite","@id":"https:\/\/tombaktarim.com\/#website","url":"https:\/\/tombaktarim.com\/","name":"Tombak Tar\u0131m","description":"","publisher":{"@id":"https:\/\/tombaktarim.com\/#organization"},"potentialAction":[{"@type":"SearchAction","target":{"@type":"EntryPoint","urlTemplate":"https:\/\/tombaktarim.com\/?s={search_term_string}"},"query-input":{"@type":"PropertyValueSpecification","valueRequired":true,"valueName":"search_term_string"}}],"inLanguage":"en-US"},{"@type":"Organization","@id":"https:\/\/tombaktarim.com\/#organization","name":"Tombak Tar\u0131m","url":"https:\/\/tombaktarim.com\/","logo":{"@type":"ImageObject","inLanguage":"en-US","@id":"https:\/\/tombaktarim.com\/#\/schema\/logo\/image\/","url":"https:\/\/tombaktarim.com\/wp-content\/uploads\/2025\/08\/TOMBAK-LOGO.png","contentUrl":"https:\/\/tombaktarim.com\/wp-content\/uploads\/2025\/08\/TOMBAK-LOGO.png","width":544,"height":118,"caption":"Tombak Tar\u0131m"},"image":{"@id":"https:\/\/tombaktarim.com\/#\/schema\/logo\/image\/"},"sameAs":["https:\/\/www.facebook.com\/Tombaktarim","https:\/\/www.instagram.com\/tombaktarim"]}]}},"_links":{"self":[{"href":"https:\/\/tombaktarim.com\/en\/wp-json\/wp\/v2\/pages\/658","targetHints":{"allow":["GET"]}}],"collection":[{"href":"https:\/\/tombaktarim.com\/en\/wp-json\/wp\/v2\/pages"}],"about":[{"href":"https:\/\/tombaktarim.com\/en\/wp-json\/wp\/v2\/types\/page"}],"author":[{"embeddable":true,"href":"https:\/\/tombaktarim.com\/en\/wp-json\/wp\/v2\/users\/2"}],"replies":[{"embeddable":true,"href":"https:\/\/tombaktarim.com\/en\/wp-json\/wp\/v2\/comments?post=658"}],"version-history":[{"count":8,"href":"https:\/\/tombaktarim.com\/en\/wp-json\/wp\/v2\/pages\/658\/revisions"}],"predecessor-version":[{"id":706,"href":"https:\/\/tombaktarim.com\/en\/wp-json\/wp\/v2\/pages\/658\/revisions\/706"}],"wp:attachment":[{"href":"https:\/\/tombaktarim.com\/en\/wp-json\/wp\/v2\/media?parent=658"}],"curies":[{"name":"wp","href":"https:\/\/api.w.org\/{rel}","templated":true}]}}