{"id":646,"date":"2025-08-29T20:09:45","date_gmt":"2025-08-29T20:09:45","guid":{"rendered":"https:\/\/tombaktarim.com\/?page_id=646"},"modified":"2025-09-08T14:16:10","modified_gmt":"2025-09-08T14:16:10","slug":"degerlerimiz","status":"publish","type":"page","link":"https:\/\/tombaktarim.com\/en\/degerlerimiz\/","title":{"rendered":"Our Values"},"content":{"rendered":"<div class=\"wpb-content-wrapper\"><section  class=\"content-section no-spacing\" ><div class=\"container\"><div class=\"vc_row wpb_row vc_row-fluid vc_custom_1603886300690\"><div class=\"wpb_column vc_column_container vc_col-sm-12\"><div class=\"vc_column-inner\"><div class=\"wpb_wrapper\"><div class=\"vc_row wpb_row vc_inner vc_row-fluid\"><div class=\"wpb_column vc_column_container vc_col-sm-12\"><div class=\"vc_column-inner\"><div class=\"wpb_wrapper\"><div class=\"section-title  text-left\"  style='color:#212529;' >\n\t\n\t\n\t\n\t\n\t \t\n    <h6> TOMBAK TARIM \u2014 Bringing Natural Goodness from Konya to the World <\/h6>\n      <h2>Our Values<\/h2>\n  \t\n\t <\/div>\n<\/div><\/div><\/div><\/div><div class=\"vc_row wpb_row vc_inner vc_row-fluid vc_row-o-content-middle vc_row-flex\"><div class=\"wpb_column vc_column_container vc_col-sm-12 vc_col-md-6\"><div class=\"vc_column-inner\"><div class=\"wpb_wrapper\">\n\n\n\n<div class=\"side-content left\" >\n  \t<p data-start=\"1686\" data-end=\"1770\"><p>\n    <strong>At Tombak Tar\u0131m,<\/strong> strong core values form the foundation of all our activities:\n<\/p><\/p>\n<ul data-start=\"1772\" data-end=\"2524\">\n<li data-start=\"1772\" data-end=\"1909\">\n<p data-start=\"1774\" data-end=\"1909\" class=\"translation-block\"><p>\n    <strong>Naturalness and Health:<\/strong> We preserve the natural quality of our products, cultivating healthy and reliable food without adding any artificial additives.\n<\/p><\/p>\n<\/li>\n<li data-start=\"1910\" data-end=\"2022\">\n<p data-start=\"1912\" data-end=\"2022\" class=\"translation-block\"><p>\n    <strong>Reliability:<\/strong> From production to distribution, we ensure transparency at every stage, building trust with our consumers.\n<\/p><\/p>\n<\/li>\n<li data-start=\"2023\" data-end=\"2155\">\n<p data-start=\"2025\" data-end=\"2155\" class=\"translation-block\"><p>\n    <strong>Quality Focus:<\/strong> Using modern agricultural methods, we cultivate products to the highest standards, always keeping quality as our top priority.\n<\/p><\/p>\n<\/li>\n<li data-start=\"2156\" data-end=\"2271\">\n<p data-start=\"2158\" data-end=\"2271\" class=\"translation-block\"><p>\n    <strong>Sustainability:<\/strong> By using eco-friendly production techniques, we protect both the soil and future generations.\n<\/p><\/p>\n<\/li>\n<li data-start=\"2272\" data-end=\"2398\">\n<p data-start=\"2274\" data-end=\"2398\" class=\"translation-block\"><p>\n    <strong>Innovation:<\/strong> By closely following technology and scientific advancements in agriculture, we continuously develop innovative solutions.\n<\/p><\/p>\n<\/li>\n<li data-start=\"2399\" data-end=\"2524\">\n<p data-start=\"2401\" data-end=\"2524\" class=\"translation-block\"><p>\n    <strong>Customer Satisfaction:<\/strong> We prioritize the needs of our consumers, delivering healthy and fresh products on time.\n<\/p><\/p>\n<\/li>\n<\/ul>\n      <\/div>\n<\/div><\/div><\/div><div class=\"wpb_column vc_column_container vc_col-sm-12 vc_col-md-6\"><div class=\"vc_column-inner\"><div class=\"wpb_wrapper\"><figure class=\"side-image\" > <img decoding=\"async\" src=\"https:\/\/tombaktarim.com\/wp-content\/uploads\/2025\/08\/ic-slide-3.png\" alt=\"Image\">\n\n\n\t\t\t<div class=\"big-note-box\">\n\t\t\t<h4 class=\"translation-block\">Choose TOMBAK TARIM for Fresh and Natural Products<\/h4>\n<p data-start=\"520\" data-end=\"655\">We provide quality and trust through our wide range of vegetables, with carrots leading the way.<\/p>\n\t\t<\/div>\n  \t\n\t\t\n\t\n<\/figure>\n<\/div><\/div><\/div><\/div><\/div><\/div><\/div><\/div><\/div><\/section><section  class=\"content-section\" ><div class=\"vc_row wpb_row vc_row-fluid\"><div class=\"wpb_column vc_column_container vc_col-sm-12\"><div class=\"vc_column-inner\"><div class=\"wpb_wrapper\"><div class=\"vc_separator wpb_content_element vc_separator_align_center vc_sep_width_100 vc_sep_pos_align_center vc_separator_no_text vc_sep_color_white wpb_content_element  wpb_content_element\" ><span class=\"vc_sep_holder vc_sep_holder_l\"><span class=\"vc_sep_line\"><\/span><\/span><span class=\"vc_sep_holder vc_sep_holder_r\"><span class=\"vc_sep_line\"><\/span><\/span>\n<\/div><\/div><\/div><\/div><\/div><\/section>\n<\/div>","protected":false},"excerpt":{"rendered":"TOMBAK TARIM \u2014 Konya\u2019dan D\u00fcnyaya Do\u011fall\u0131k De\u011ferlerimiz Tombak Tar\u0131m olarak t\u00fcm faaliyetlerimizin temelinde g\u00fc\u00e7l\u00fc de\u011ferlerimiz yer al\u0131yor: Do\u011fall\u0131k ve Sa\u011fl\u0131k: \u00dcr\u00fcnlerimizde do\u011fall\u0131\u011f\u0131 koruyor, hi\u00e7bir katk\u0131 maddesi eklemeden sa\u011fl\u0131kl\u0131 ve g\u00fcvenilir \u00fcr\u00fcnler yeti\u015ftiriyoruz. G\u00fcvenilirlik: \u00dcretimden da\u011f\u0131t\u0131ma kadar her a\u015famada \u015feffafl\u0131k sa\u011fl\u0131yor, t\u00fcketicilerimize g\u00fcven veriyoruz. Kalite Odakl\u0131l\u0131k: Modern tar\u0131m y\u00f6ntemleriyle y\u00fcksek standartlarda \u00fcr\u00fcn yeti\u015ftiriyor, kaliteyi her zaman [...]","protected":false},"author":2,"featured_media":0,"parent":0,"menu_order":0,"comment_status":"closed","ping_status":"closed","template":"page-builder.php","meta":{"_joinchat":[],"footnotes":""},"class_list":["post-646","page","type-page","status-publish","hentry"],"yoast_head":"<!-- This site is optimized with the Yoast SEO plugin v26.0 - https:\/\/yoast.com\/wordpress\/plugins\/seo\/ -->\n<title>De\u011ferlerimiz | Tombak Tar\u0131m \u2013 Do\u011fall\u0131k, G\u00fcven ve S\u00fcrd\u00fcr\u00fclebilirlik<\/title>\n<meta name=\"description\" content=\"Tombak Tar\u0131m\u2019\u0131n de\u011ferleri; do\u011fall\u0131k, g\u00fcvenilirlik, kalite, s\u00fcrd\u00fcr\u00fclebilirlik, yenilik\u00e7ilik ve m\u00fc\u015fteri memnuniyetidir. Tar\u0131mda g\u00fcven ve do\u011fall\u0131\u011f\u0131n adresiyiz.\" \/>\n<meta name=\"robots\" content=\"index, follow, max-snippet:-1, max-image-preview:large, max-video-preview:-1\" \/>\n<link rel=\"canonical\" href=\"https:\/\/tombaktarim.com\/en\/degerlerimiz\/\" \/>\n<meta property=\"og:locale\" content=\"en_US\" \/>\n<meta property=\"og:type\" content=\"article\" \/>\n<meta property=\"og:title\" content=\"Tombak Tar\u0131m De\u011ferleri \u2013 G\u00fcvenilir ve Do\u011fal Tar\u0131m\" \/>\n<meta property=\"og:description\" content=\"Do\u011fall\u0131k, g\u00fcven, kalite, s\u00fcrd\u00fcr\u00fclebilirlik ve m\u00fc\u015fteri memnuniyeti Tombak Tar\u0131m\u2019\u0131n temel de\u011ferleridir. Sa\u011fl\u0131kl\u0131 \u00fcr\u00fcnleri tarladan sofran\u0131za ula\u015ft\u0131r\u0131yoruz.\" \/>\n<meta property=\"og:url\" content=\"https:\/\/tombaktarim.com\/en\/degerlerimiz\/\" \/>\n<meta property=\"og:site_name\" content=\"Tombak Tar\u0131m\" \/>\n<meta property=\"article:publisher\" content=\"https:\/\/www.facebook.com\/Tombaktarim\" \/>\n<meta property=\"article:modified_time\" content=\"2025-09-08T14:16:10+00:00\" \/>\n<meta name=\"twitter:card\" content=\"summary_large_image\" \/>\n<meta name=\"twitter:title\" content=\"Tombak Tar\u0131m De\u011ferleri \u2013 G\u00fcvenilir ve Do\u011fal Tar\u0131m\" \/>\n<meta name=\"twitter:description\" content=\"Do\u011fall\u0131k, g\u00fcven, kalite, s\u00fcrd\u00fcr\u00fclebilirlik ve m\u00fc\u015fteri memnuniyeti Tombak Tar\u0131m\u2019\u0131n temel de\u011ferleridir. Sa\u011fl\u0131kl\u0131 \u00fcr\u00fcnleri tarladan sofran\u0131za ula\u015ft\u0131r\u0131yoruz.\" \/>\n<meta name=\"twitter:label1\" content=\"Est. reading time\" \/>\n\t<meta name=\"twitter:data1\" content=\"3 minutes\" \/>\n<script type=\"application\/ld+json\" class=\"yoast-schema-graph\">{\"@context\":\"https:\/\/schema.org\",\"@graph\":[{\"@type\":\"WebPage\",\"@id\":\"https:\/\/tombaktarim.com\/degerlerimiz\/\",\"url\":\"https:\/\/tombaktarim.com\/degerlerimiz\/\",\"name\":\"De\u011ferlerimiz | Tombak Tar\u0131m \u2013 Do\u011fall\u0131k, G\u00fcven ve S\u00fcrd\u00fcr\u00fclebilirlik\",\"isPartOf\":{\"@id\":\"https:\/\/tombaktarim.com\/#website\"},\"datePublished\":\"2025-08-29T20:09:45+00:00\",\"dateModified\":\"2025-09-08T14:16:10+00:00\",\"description\":\"Tombak Tar\u0131m\u2019\u0131n de\u011ferleri; do\u011fall\u0131k, g\u00fcvenilirlik, kalite, s\u00fcrd\u00fcr\u00fclebilirlik, yenilik\u00e7ilik ve m\u00fc\u015fteri memnuniyetidir. Tar\u0131mda g\u00fcven ve do\u011fall\u0131\u011f\u0131n adresiyiz.\",\"breadcrumb\":{\"@id\":\"https:\/\/tombaktarim.com\/degerlerimiz\/#breadcrumb\"},\"inLanguage\":\"en-US\",\"potentialAction\":[{\"@type\":\"ReadAction\",\"target\":[\"https:\/\/tombaktarim.com\/degerlerimiz\/\"]}]},{\"@type\":\"BreadcrumbList\",\"@id\":\"https:\/\/tombaktarim.com\/degerlerimiz\/#breadcrumb\",\"itemListElement\":[{\"@type\":\"ListItem\",\"position\":1,\"name\":\"Anasayfa\",\"item\":\"https:\/\/tombaktarim.com\/\"},{\"@type\":\"ListItem\",\"position\":2,\"name\":\"De\u011ferlerimiz\"}]},{\"@type\":\"WebSite\",\"@id\":\"https:\/\/tombaktarim.com\/#website\",\"url\":\"https:\/\/tombaktarim.com\/\",\"name\":\"Tombak Tar\u0131m\",\"description\":\"\",\"publisher\":{\"@id\":\"https:\/\/tombaktarim.com\/#organization\"},\"potentialAction\":[{\"@type\":\"SearchAction\",\"target\":{\"@type\":\"EntryPoint\",\"urlTemplate\":\"https:\/\/tombaktarim.com\/?s={search_term_string}\"},\"query-input\":{\"@type\":\"PropertyValueSpecification\",\"valueRequired\":true,\"valueName\":\"search_term_string\"}}],\"inLanguage\":\"en-US\"},{\"@type\":\"Organization\",\"@id\":\"https:\/\/tombaktarim.com\/#organization\",\"name\":\"Tombak Tar\u0131m\",\"url\":\"https:\/\/tombaktarim.com\/\",\"logo\":{\"@type\":\"ImageObject\",\"inLanguage\":\"en-US\",\"@id\":\"https:\/\/tombaktarim.com\/#\/schema\/logo\/image\/\",\"url\":\"https:\/\/tombaktarim.com\/wp-content\/uploads\/2025\/08\/TOMBAK-LOGO.png\",\"contentUrl\":\"https:\/\/tombaktarim.com\/wp-content\/uploads\/2025\/08\/TOMBAK-LOGO.png\",\"width\":544,\"height\":118,\"caption\":\"Tombak Tar\u0131m\"},\"image\":{\"@id\":\"https:\/\/tombaktarim.com\/#\/schema\/logo\/image\/\"},\"sameAs\":[\"https:\/\/www.facebook.com\/Tombaktarim\",\"https:\/\/www.instagram.com\/tombaktarim\"]}]}<\/script>\n<!-- \/ Yoast SEO plugin. -->","yoast_head_json":{"title":"De\u011ferlerimiz | Tombak Tar\u0131m \u2013 Do\u011fall\u0131k, G\u00fcven ve S\u00fcrd\u00fcr\u00fclebilirlik","description":"Tombak Tar\u0131m\u2019\u0131n de\u011ferleri; do\u011fall\u0131k, g\u00fcvenilirlik, kalite, s\u00fcrd\u00fcr\u00fclebilirlik, yenilik\u00e7ilik ve m\u00fc\u015fteri memnuniyetidir. Tar\u0131mda g\u00fcven ve do\u011fall\u0131\u011f\u0131n adresiyiz.","robots":{"index":"index","follow":"follow","max-snippet":"max-snippet:-1","max-image-preview":"max-image-preview:large","max-video-preview":"max-video-preview:-1"},"canonical":"https:\/\/tombaktarim.com\/en\/degerlerimiz\/","og_locale":"en_US","og_type":"article","og_title":"Tombak Tar\u0131m De\u011ferleri \u2013 G\u00fcvenilir ve Do\u011fal Tar\u0131m","og_description":"Do\u011fall\u0131k, g\u00fcven, kalite, s\u00fcrd\u00fcr\u00fclebilirlik ve m\u00fc\u015fteri memnuniyeti Tombak Tar\u0131m\u2019\u0131n temel de\u011ferleridir. Sa\u011fl\u0131kl\u0131 \u00fcr\u00fcnleri tarladan sofran\u0131za ula\u015ft\u0131r\u0131yoruz.","og_url":"https:\/\/tombaktarim.com\/en\/degerlerimiz\/","og_site_name":"Tombak Tar\u0131m","article_publisher":"https:\/\/www.facebook.com\/Tombaktarim","article_modified_time":"2025-09-08T14:16:10+00:00","twitter_card":"summary_large_image","twitter_title":"Tombak Tar\u0131m De\u011ferleri \u2013 G\u00fcvenilir ve Do\u011fal Tar\u0131m","twitter_description":"Do\u011fall\u0131k, g\u00fcven, kalite, s\u00fcrd\u00fcr\u00fclebilirlik ve m\u00fc\u015fteri memnuniyeti Tombak Tar\u0131m\u2019\u0131n temel de\u011ferleridir. Sa\u011fl\u0131kl\u0131 \u00fcr\u00fcnleri tarladan sofran\u0131za ula\u015ft\u0131r\u0131yoruz.","twitter_misc":{"Est. reading time":"3 minutes"},"schema":{"@context":"https:\/\/schema.org","@graph":[{"@type":"WebPage","@id":"https:\/\/tombaktarim.com\/degerlerimiz\/","url":"https:\/\/tombaktarim.com\/degerlerimiz\/","name":"De\u011ferlerimiz | Tombak Tar\u0131m \u2013 Do\u011fall\u0131k, G\u00fcven ve S\u00fcrd\u00fcr\u00fclebilirlik","isPartOf":{"@id":"https:\/\/tombaktarim.com\/#website"},"datePublished":"2025-08-29T20:09:45+00:00","dateModified":"2025-09-08T14:16:10+00:00","description":"Tombak Tar\u0131m\u2019\u0131n de\u011ferleri; do\u011fall\u0131k, g\u00fcvenilirlik, kalite, s\u00fcrd\u00fcr\u00fclebilirlik, yenilik\u00e7ilik ve m\u00fc\u015fteri memnuniyetidir. Tar\u0131mda g\u00fcven ve do\u011fall\u0131\u011f\u0131n adresiyiz.","breadcrumb":{"@id":"https:\/\/tombaktarim.com\/degerlerimiz\/#breadcrumb"},"inLanguage":"en-US","potentialAction":[{"@type":"ReadAction","target":["https:\/\/tombaktarim.com\/degerlerimiz\/"]}]},{"@type":"BreadcrumbList","@id":"https:\/\/tombaktarim.com\/degerlerimiz\/#breadcrumb","itemListElement":[{"@type":"ListItem","position":1,"name":"Anasayfa","item":"https:\/\/tombaktarim.com\/"},{"@type":"ListItem","position":2,"name":"De\u011ferlerimiz"}]},{"@type":"WebSite","@id":"https:\/\/tombaktarim.com\/#website","url":"https:\/\/tombaktarim.com\/","name":"Tombak Tar\u0131m","description":"","publisher":{"@id":"https:\/\/tombaktarim.com\/#organization"},"potentialAction":[{"@type":"SearchAction","target":{"@type":"EntryPoint","urlTemplate":"https:\/\/tombaktarim.com\/?s={search_term_string}"},"query-input":{"@type":"PropertyValueSpecification","valueRequired":true,"valueName":"search_term_string"}}],"inLanguage":"en-US"},{"@type":"Organization","@id":"https:\/\/tombaktarim.com\/#organization","name":"Tombak Tar\u0131m","url":"https:\/\/tombaktarim.com\/","logo":{"@type":"ImageObject","inLanguage":"en-US","@id":"https:\/\/tombaktarim.com\/#\/schema\/logo\/image\/","url":"https:\/\/tombaktarim.com\/wp-content\/uploads\/2025\/08\/TOMBAK-LOGO.png","contentUrl":"https:\/\/tombaktarim.com\/wp-content\/uploads\/2025\/08\/TOMBAK-LOGO.png","width":544,"height":118,"caption":"Tombak Tar\u0131m"},"image":{"@id":"https:\/\/tombaktarim.com\/#\/schema\/logo\/image\/"},"sameAs":["https:\/\/www.facebook.com\/Tombaktarim","https:\/\/www.instagram.com\/tombaktarim"]}]}},"_links":{"self":[{"href":"https:\/\/tombaktarim.com\/en\/wp-json\/wp\/v2\/pages\/646","targetHints":{"allow":["GET"]}}],"collection":[{"href":"https:\/\/tombaktarim.com\/en\/wp-json\/wp\/v2\/pages"}],"about":[{"href":"https:\/\/tombaktarim.com\/en\/wp-json\/wp\/v2\/types\/page"}],"author":[{"embeddable":true,"href":"https:\/\/tombaktarim.com\/en\/wp-json\/wp\/v2\/users\/2"}],"replies":[{"embeddable":true,"href":"https:\/\/tombaktarim.com\/en\/wp-json\/wp\/v2\/comments?post=646"}],"version-history":[{"count":5,"href":"https:\/\/tombaktarim.com\/en\/wp-json\/wp\/v2\/pages\/646\/revisions"}],"predecessor-version":[{"id":725,"href":"https:\/\/tombaktarim.com\/en\/wp-json\/wp\/v2\/pages\/646\/revisions\/725"}],"wp:attachment":[{"href":"https:\/\/tombaktarim.com\/en\/wp-json\/wp\/v2\/media?parent=646"}],"curies":[{"name":"wp","href":"https:\/\/api.w.org\/{rel}","templated":true}]}}