{"id":643,"date":"2025-08-29T20:08:34","date_gmt":"2025-08-29T20:08:34","guid":{"rendered":"https:\/\/tombaktarim.com\/?page_id=643"},"modified":"2025-09-08T12:57:25","modified_gmt":"2025-09-08T12:57:25","slug":"misyonumuz","status":"publish","type":"page","link":"https:\/\/tombaktarim.com\/en\/misyonumuz\/","title":{"rendered":"Our Mission"},"content":{"rendered":"<div class=\"wpb-content-wrapper\"><section  class=\"content-section no-spacing\" ><div class=\"container\"><div class=\"vc_row wpb_row vc_row-fluid vc_custom_1603886300690\"><div class=\"wpb_column vc_column_container vc_col-sm-12\"><div class=\"vc_column-inner\"><div class=\"wpb_wrapper\"><div class=\"vc_row wpb_row vc_inner vc_row-fluid\"><div class=\"wpb_column vc_column_container vc_col-sm-12\"><div class=\"vc_column-inner\"><div class=\"wpb_wrapper\"><div class=\"section-title  text-left\"  style='color:#212529;' >\n\t\n\t\n\t\n\t\n\t \t\n    <h6> TOMBAK TARIM \u2014 Bringing Natural Goodness from Konya to the World <\/h6>\n      <h2>Our Mission<\/h2>\n  \t\n\t <\/div>\n<\/div><\/div><\/div><\/div><div class=\"vc_row wpb_row vc_inner vc_row-fluid vc_row-o-content-middle vc_row-flex\"><div class=\"wpb_column vc_column_container vc_col-sm-12 vc_col-md-6\"><div class=\"vc_column-inner\"><div class=\"wpb_wrapper\">\n\n\n\n<div class=\"side-content left\" >\n  \t<p data-start=\"76\" data-end=\"287\" class=\"translation-block\"><p>\n    Our mission is to prioritize <strong>reliability and quality<\/strong> throughout the entire process from farmer to consumer, and to make a difference in the production of <strong>natural agricultural products<\/strong>.\n<\/p><\/p>\n<p data-start=\"76\" data-end=\"287\" class=\"translation-block\"><p>\n    At every stage of agriculture, we utilize <strong>scientific methods<\/strong> and <strong>modern technologies<\/strong> to ensure production, delivering our products to tables in the healthiest way possible.\n<\/p><\/p>\n<p data-start=\"76\" data-end=\"287\"><p>\n    At <strong>Tombak Tar\u0131m<\/strong>, we not only focus on production but also work towards the development of the agricultural sector, raising awareness among our farmers, and ensuring that our consumers can shop with confidence.\n<\/p><\/p>\n<p data-start=\"76\" data-end=\"287\" class=\"translation-block\"><p>\n    Our goal is to become one of Turkey\u2019s most preferred brands in the production of high-quality vegetables, especially <strong>carrots<\/strong>, to contribute to the national economy by increasing our export capacity, and to support <strong>sustainability in agriculture<\/strong>.\n<\/p><\/p>\n      <\/div>\n<\/div><\/div><\/div><div class=\"wpb_column vc_column_container vc_col-sm-12 vc_col-md-6\"><div class=\"vc_column-inner\"><div class=\"wpb_wrapper\"><figure class=\"side-image\" > <img decoding=\"async\" src=\"https:\/\/tombaktarim.com\/wp-content\/uploads\/2025\/08\/ic-slide-3.png\" alt=\"Image\">\n\n\n\t\t\t<div class=\"big-note-box\">\n\t\t\t<h4 class=\"translation-block\">Choose TOMBAK TARIM for Fresh and Natural Products<\/h4>\n<p data-start=\"520\" data-end=\"655\">We provide quality and trust through our wide range of vegetables, with carrots leading the way.<\/p>\n\t\t<\/div>\n  \t\n\t\t\n\t\n<\/figure>\n<\/div><\/div><\/div><\/div><\/div><\/div><\/div><\/div><\/div><\/section><section  class=\"content-section\" ><div class=\"vc_row wpb_row vc_row-fluid\"><div class=\"wpb_column vc_column_container vc_col-sm-12\"><div class=\"vc_column-inner\"><div class=\"wpb_wrapper\"><div class=\"vc_separator wpb_content_element vc_separator_align_center vc_sep_width_100 vc_sep_pos_align_center vc_separator_no_text vc_sep_color_white wpb_content_element  wpb_content_element\" ><span class=\"vc_sep_holder vc_sep_holder_l\"><span class=\"vc_sep_line\"><\/span><\/span><span class=\"vc_sep_holder vc_sep_holder_r\"><span class=\"vc_sep_line\"><\/span><\/span>\n<\/div><\/div><\/div><\/div><\/div><\/section>\n<\/div>","protected":false},"excerpt":{"rendered":"TOMBAK TARIM \u2014 Konya\u2019dan D\u00fcnyaya Do\u011fall\u0131k Misyonumuz Misyonumuz; \u00e7ift\u00e7iden t\u00fcketiciye uzanan s\u00fcre\u00e7te g\u00fcvenilirlik ve kaliteyi \u00f6n planda tutmak ve do\u011fal tar\u0131m \u00fcr\u00fcnleri \u00fcretiminde fark yaratmakt\u0131r. Tar\u0131m\u0131n her a\u015famas\u0131nda bilimsel y\u00f6ntemler ve modern teknolojiler kullanarak \u00fcretim yap\u0131yor, \u00fcr\u00fcnlerimizi en sa\u011fl\u0131kl\u0131 \u015fekilde sofralara ula\u015ft\u0131r\u0131yoruz. Tombak Tar\u0131m olarak yaln\u0131zca \u00fcretim yapmakla kalm\u0131yor; ayn\u0131 zamanda tar\u0131m sekt\u00f6r\u00fcn\u00fcn geli\u015fmesi, \u00e7ift\u00e7ilerimizin [...]","protected":false},"author":2,"featured_media":0,"parent":0,"menu_order":0,"comment_status":"closed","ping_status":"closed","template":"page-builder.php","meta":{"_joinchat":[],"footnotes":""},"class_list":["post-643","page","type-page","status-publish","hentry"],"yoast_head":"<!-- This site is optimized with the Yoast SEO plugin v26.0 - https:\/\/yoast.com\/wordpress\/plugins\/seo\/ -->\n<title>Misyonumuz | Tombak Tar\u0131m \u2013 G\u00fcvenilir ve Kaliteli Tar\u0131m\u0131n Adresi<\/title>\n<meta name=\"description\" content=\"Tombak Tar\u0131m\u2019\u0131n misyonu; havu\u00e7 ba\u015fta olmak \u00fczere do\u011fal sebzelerde g\u00fcvenilir ve kaliteli \u00fcretim yapmak, s\u00fcrd\u00fcr\u00fclebilir tar\u0131m\u0131 desteklemek ve ihracatla \u00fclke ekonomisine katk\u0131 sa\u011flamakt\u0131r.\" \/>\n<meta name=\"robots\" content=\"index, follow, max-snippet:-1, max-image-preview:large, max-video-preview:-1\" \/>\n<link rel=\"canonical\" href=\"https:\/\/tombaktarim.com\/en\/misyonumuz\/\" \/>\n<meta property=\"og:locale\" content=\"en_US\" \/>\n<meta property=\"og:type\" content=\"article\" \/>\n<meta property=\"og:title\" content=\"Tombak Tar\u0131m Misyonu \u2013 G\u00fcvenilir ve Do\u011fal Sebze \u00dcretimi\" \/>\n<meta property=\"og:description\" content=\"\u00c7ift\u00e7iden t\u00fcketiciye uzanan yolculukta Tombak Tar\u0131m, modern teknoloji ve s\u00fcrd\u00fcr\u00fclebilir y\u00f6ntemlerle g\u00fcvenilir, kaliteli sebze \u00fcretimini misyon edinmi\u015ftir.\" \/>\n<meta property=\"og:url\" content=\"https:\/\/tombaktarim.com\/en\/misyonumuz\/\" \/>\n<meta property=\"og:site_name\" content=\"Tombak Tar\u0131m\" \/>\n<meta property=\"article:publisher\" content=\"https:\/\/www.facebook.com\/Tombaktarim\" \/>\n<meta property=\"article:modified_time\" content=\"2025-09-08T12:57:25+00:00\" \/>\n<meta name=\"twitter:card\" content=\"summary_large_image\" \/>\n<meta name=\"twitter:title\" content=\"Tombak Tar\u0131m Misyonu \u2013 G\u00fcvenilir ve Do\u011fal Sebze \u00dcretimi\" \/>\n<meta name=\"twitter:description\" content=\"\u00c7ift\u00e7iden t\u00fcketiciye uzanan yolculukta Tombak Tar\u0131m, modern teknoloji ve s\u00fcrd\u00fcr\u00fclebilir y\u00f6ntemlerle g\u00fcvenilir, kaliteli sebze \u00fcretimini misyon edinmi\u015ftir.\" \/>\n<meta name=\"twitter:label1\" content=\"Est. reading time\" \/>\n\t<meta name=\"twitter:data1\" content=\"3 minutes\" \/>\n<script type=\"application\/ld+json\" class=\"yoast-schema-graph\">{\"@context\":\"https:\/\/schema.org\",\"@graph\":[{\"@type\":\"WebPage\",\"@id\":\"https:\/\/tombaktarim.com\/misyonumuz\/\",\"url\":\"https:\/\/tombaktarim.com\/misyonumuz\/\",\"name\":\"Misyonumuz | Tombak Tar\u0131m \u2013 G\u00fcvenilir ve Kaliteli Tar\u0131m\u0131n Adresi\",\"isPartOf\":{\"@id\":\"https:\/\/tombaktarim.com\/#website\"},\"datePublished\":\"2025-08-29T20:08:34+00:00\",\"dateModified\":\"2025-09-08T12:57:25+00:00\",\"description\":\"Tombak Tar\u0131m\u2019\u0131n misyonu; havu\u00e7 ba\u015fta olmak \u00fczere do\u011fal sebzelerde g\u00fcvenilir ve kaliteli \u00fcretim yapmak, s\u00fcrd\u00fcr\u00fclebilir tar\u0131m\u0131 desteklemek ve ihracatla \u00fclke ekonomisine katk\u0131 sa\u011flamakt\u0131r.\",\"breadcrumb\":{\"@id\":\"https:\/\/tombaktarim.com\/misyonumuz\/#breadcrumb\"},\"inLanguage\":\"en-US\",\"potentialAction\":[{\"@type\":\"ReadAction\",\"target\":[\"https:\/\/tombaktarim.com\/misyonumuz\/\"]}]},{\"@type\":\"BreadcrumbList\",\"@id\":\"https:\/\/tombaktarim.com\/misyonumuz\/#breadcrumb\",\"itemListElement\":[{\"@type\":\"ListItem\",\"position\":1,\"name\":\"Anasayfa\",\"item\":\"https:\/\/tombaktarim.com\/\"},{\"@type\":\"ListItem\",\"position\":2,\"name\":\"Misyonumuz\"}]},{\"@type\":\"WebSite\",\"@id\":\"https:\/\/tombaktarim.com\/#website\",\"url\":\"https:\/\/tombaktarim.com\/\",\"name\":\"Tombak Tar\u0131m\",\"description\":\"\",\"publisher\":{\"@id\":\"https:\/\/tombaktarim.com\/#organization\"},\"potentialAction\":[{\"@type\":\"SearchAction\",\"target\":{\"@type\":\"EntryPoint\",\"urlTemplate\":\"https:\/\/tombaktarim.com\/?s={search_term_string}\"},\"query-input\":{\"@type\":\"PropertyValueSpecification\",\"valueRequired\":true,\"valueName\":\"search_term_string\"}}],\"inLanguage\":\"en-US\"},{\"@type\":\"Organization\",\"@id\":\"https:\/\/tombaktarim.com\/#organization\",\"name\":\"Tombak Tar\u0131m\",\"url\":\"https:\/\/tombaktarim.com\/\",\"logo\":{\"@type\":\"ImageObject\",\"inLanguage\":\"en-US\",\"@id\":\"https:\/\/tombaktarim.com\/#\/schema\/logo\/image\/\",\"url\":\"https:\/\/tombaktarim.com\/wp-content\/uploads\/2025\/08\/TOMBAK-LOGO.png\",\"contentUrl\":\"https:\/\/tombaktarim.com\/wp-content\/uploads\/2025\/08\/TOMBAK-LOGO.png\",\"width\":544,\"height\":118,\"caption\":\"Tombak Tar\u0131m\"},\"image\":{\"@id\":\"https:\/\/tombaktarim.com\/#\/schema\/logo\/image\/\"},\"sameAs\":[\"https:\/\/www.facebook.com\/Tombaktarim\",\"https:\/\/www.instagram.com\/tombaktarim\"]}]}<\/script>\n<!-- \/ Yoast SEO plugin. -->","yoast_head_json":{"title":"Misyonumuz | Tombak Tar\u0131m \u2013 G\u00fcvenilir ve Kaliteli Tar\u0131m\u0131n Adresi","description":"Tombak Tar\u0131m\u2019\u0131n misyonu; havu\u00e7 ba\u015fta olmak \u00fczere do\u011fal sebzelerde g\u00fcvenilir ve kaliteli \u00fcretim yapmak, s\u00fcrd\u00fcr\u00fclebilir tar\u0131m\u0131 desteklemek ve ihracatla \u00fclke ekonomisine katk\u0131 sa\u011flamakt\u0131r.","robots":{"index":"index","follow":"follow","max-snippet":"max-snippet:-1","max-image-preview":"max-image-preview:large","max-video-preview":"max-video-preview:-1"},"canonical":"https:\/\/tombaktarim.com\/en\/misyonumuz\/","og_locale":"en_US","og_type":"article","og_title":"Tombak Tar\u0131m Misyonu \u2013 G\u00fcvenilir ve Do\u011fal Sebze \u00dcretimi","og_description":"\u00c7ift\u00e7iden t\u00fcketiciye uzanan yolculukta Tombak Tar\u0131m, modern teknoloji ve s\u00fcrd\u00fcr\u00fclebilir y\u00f6ntemlerle g\u00fcvenilir, kaliteli sebze \u00fcretimini misyon edinmi\u015ftir.","og_url":"https:\/\/tombaktarim.com\/en\/misyonumuz\/","og_site_name":"Tombak Tar\u0131m","article_publisher":"https:\/\/www.facebook.com\/Tombaktarim","article_modified_time":"2025-09-08T12:57:25+00:00","twitter_card":"summary_large_image","twitter_title":"Tombak Tar\u0131m Misyonu \u2013 G\u00fcvenilir ve Do\u011fal Sebze \u00dcretimi","twitter_description":"\u00c7ift\u00e7iden t\u00fcketiciye uzanan yolculukta Tombak Tar\u0131m, modern teknoloji ve s\u00fcrd\u00fcr\u00fclebilir y\u00f6ntemlerle g\u00fcvenilir, kaliteli sebze \u00fcretimini misyon edinmi\u015ftir.","twitter_misc":{"Est. reading time":"3 minutes"},"schema":{"@context":"https:\/\/schema.org","@graph":[{"@type":"WebPage","@id":"https:\/\/tombaktarim.com\/misyonumuz\/","url":"https:\/\/tombaktarim.com\/misyonumuz\/","name":"Misyonumuz | Tombak Tar\u0131m \u2013 G\u00fcvenilir ve Kaliteli Tar\u0131m\u0131n Adresi","isPartOf":{"@id":"https:\/\/tombaktarim.com\/#website"},"datePublished":"2025-08-29T20:08:34+00:00","dateModified":"2025-09-08T12:57:25+00:00","description":"Tombak Tar\u0131m\u2019\u0131n misyonu; havu\u00e7 ba\u015fta olmak \u00fczere do\u011fal sebzelerde g\u00fcvenilir ve kaliteli \u00fcretim yapmak, s\u00fcrd\u00fcr\u00fclebilir tar\u0131m\u0131 desteklemek ve ihracatla \u00fclke ekonomisine katk\u0131 sa\u011flamakt\u0131r.","breadcrumb":{"@id":"https:\/\/tombaktarim.com\/misyonumuz\/#breadcrumb"},"inLanguage":"en-US","potentialAction":[{"@type":"ReadAction","target":["https:\/\/tombaktarim.com\/misyonumuz\/"]}]},{"@type":"BreadcrumbList","@id":"https:\/\/tombaktarim.com\/misyonumuz\/#breadcrumb","itemListElement":[{"@type":"ListItem","position":1,"name":"Anasayfa","item":"https:\/\/tombaktarim.com\/"},{"@type":"ListItem","position":2,"name":"Misyonumuz"}]},{"@type":"WebSite","@id":"https:\/\/tombaktarim.com\/#website","url":"https:\/\/tombaktarim.com\/","name":"Tombak Tar\u0131m","description":"","publisher":{"@id":"https:\/\/tombaktarim.com\/#organization"},"potentialAction":[{"@type":"SearchAction","target":{"@type":"EntryPoint","urlTemplate":"https:\/\/tombaktarim.com\/?s={search_term_string}"},"query-input":{"@type":"PropertyValueSpecification","valueRequired":true,"valueName":"search_term_string"}}],"inLanguage":"en-US"},{"@type":"Organization","@id":"https:\/\/tombaktarim.com\/#organization","name":"Tombak Tar\u0131m","url":"https:\/\/tombaktarim.com\/","logo":{"@type":"ImageObject","inLanguage":"en-US","@id":"https:\/\/tombaktarim.com\/#\/schema\/logo\/image\/","url":"https:\/\/tombaktarim.com\/wp-content\/uploads\/2025\/08\/TOMBAK-LOGO.png","contentUrl":"https:\/\/tombaktarim.com\/wp-content\/uploads\/2025\/08\/TOMBAK-LOGO.png","width":544,"height":118,"caption":"Tombak Tar\u0131m"},"image":{"@id":"https:\/\/tombaktarim.com\/#\/schema\/logo\/image\/"},"sameAs":["https:\/\/www.facebook.com\/Tombaktarim","https:\/\/www.instagram.com\/tombaktarim"]}]}},"_links":{"self":[{"href":"https:\/\/tombaktarim.com\/en\/wp-json\/wp\/v2\/pages\/643","targetHints":{"allow":["GET"]}}],"collection":[{"href":"https:\/\/tombaktarim.com\/en\/wp-json\/wp\/v2\/pages"}],"about":[{"href":"https:\/\/tombaktarim.com\/en\/wp-json\/wp\/v2\/types\/page"}],"author":[{"embeddable":true,"href":"https:\/\/tombaktarim.com\/en\/wp-json\/wp\/v2\/users\/2"}],"replies":[{"embeddable":true,"href":"https:\/\/tombaktarim.com\/en\/wp-json\/wp\/v2\/comments?post=643"}],"version-history":[{"count":5,"href":"https:\/\/tombaktarim.com\/en\/wp-json\/wp\/v2\/pages\/643\/revisions"}],"predecessor-version":[{"id":724,"href":"https:\/\/tombaktarim.com\/en\/wp-json\/wp\/v2\/pages\/643\/revisions\/724"}],"wp:attachment":[{"href":"https:\/\/tombaktarim.com\/en\/wp-json\/wp\/v2\/media?parent=643"}],"curies":[{"name":"wp","href":"https:\/\/api.w.org\/{rel}","templated":true}]}}