{"id":640,"date":"2025-08-29T20:05:06","date_gmt":"2025-08-29T20:05:06","guid":{"rendered":"https:\/\/tombaktarim.com\/?page_id=640"},"modified":"2025-09-08T12:53:24","modified_gmt":"2025-09-08T12:53:24","slug":"vizyonumuz","status":"publish","type":"page","link":"https:\/\/tombaktarim.com\/en\/vizyonumuz\/","title":{"rendered":"Our Vision"},"content":{"rendered":"<div class=\"wpb-content-wrapper\"><section  class=\"content-section no-spacing\" ><div class=\"container\"><div class=\"vc_row wpb_row vc_row-fluid vc_custom_1603886300690\"><div class=\"wpb_column vc_column_container vc_col-sm-12\"><div class=\"vc_column-inner\"><div class=\"wpb_wrapper\"><div class=\"vc_row wpb_row vc_inner vc_row-fluid\"><div class=\"wpb_column vc_column_container vc_col-sm-12\"><div class=\"vc_column-inner\"><div class=\"wpb_wrapper\"><div class=\"section-title  text-left\"  style='color:#212529;' >\n\t\n\t\n\t\n\t\n\t \t\n    <h6> TOMBAK TARIM \u2014 Bringing Natural Goodness from Konya to the World <\/h6>\n      <h2>Our Vision<\/h2>\n  \t\n\t <\/div>\n<\/div><\/div><\/div><\/div><div class=\"vc_row wpb_row vc_inner vc_row-fluid vc_row-o-content-middle vc_row-flex\"><div class=\"wpb_column vc_column_container vc_col-sm-12 vc_col-md-6\"><div class=\"vc_column-inner\"><div class=\"wpb_wrapper\">\n\n\n\n<div class=\"side-content left\" >\n  \t<p data-start=\"76\" data-end=\"287\" class=\"translation-block\"><p>\n    At <strong>Tombak Tar\u0131m<\/strong>, our vision is to become one of the leading and most trusted brands in Turkey\u2019s agricultural sector, while also gaining recognition in the global market for the high-quality production of <strong>carrots<\/strong> and other agricultural products.\n<\/p><\/p>\n<p data-start=\"76\" data-end=\"287\"><p>\n    By embracing <strong>sustainable farming practices<\/strong>, we aim to preserve the balance of nature and create long-term value for future generations through <strong>eco-friendly<\/strong> and <strong>efficient production models<\/strong>.\n<\/p><\/p>\n<p data-start=\"76\" data-end=\"287\" class=\"translation-block\"><p>\n    By combining <strong>technology<\/strong> with agriculture, we cultivate products in our modern production facilities that meet <strong>high quality standards<\/strong>, delivering <strong>natural, fresh, and healthy food<\/strong> to consumers.\n<\/p><\/p>\n      <\/div>\n<\/div><\/div><\/div><div class=\"wpb_column vc_column_container vc_col-sm-12 vc_col-md-6\"><div class=\"vc_column-inner\"><div class=\"wpb_wrapper\"><figure class=\"side-image\" > <img decoding=\"async\" src=\"https:\/\/tombaktarim.com\/wp-content\/uploads\/2025\/08\/ic-slide-3.png\" alt=\"Image\">\n\n\n\t\t\t<div class=\"big-note-box\">\n\t\t\t<h4 class=\"translation-block\">Choose TOMBAK TARIM for Fresh and Natural Products<\/h4>\n<p data-start=\"520\" data-end=\"655\">We provide quality and trust through our wide range of vegetables, with carrots leading the way.<\/p>\n\t\t<\/div>\n  \t\n\t\t\n\t\n<\/figure>\n<\/div><\/div><\/div><\/div><\/div><\/div><\/div><\/div><\/div><\/section><section  class=\"content-section\" ><div class=\"vc_row wpb_row vc_row-fluid\"><div class=\"wpb_column vc_column_container vc_col-sm-12\"><div class=\"vc_column-inner\"><div class=\"wpb_wrapper\"><div class=\"vc_separator wpb_content_element vc_separator_align_center vc_sep_width_100 vc_sep_pos_align_center vc_separator_no_text vc_sep_color_white wpb_content_element  wpb_content_element\" ><span class=\"vc_sep_holder vc_sep_holder_l\"><span class=\"vc_sep_line\"><\/span><\/span><span class=\"vc_sep_holder vc_sep_holder_r\"><span class=\"vc_sep_line\"><\/span><\/span>\n<\/div><\/div><\/div><\/div><\/div><\/section>\n<\/div>","protected":false},"excerpt":{"rendered":"TOMBAK TARIM \u2014 Konya\u2019dan D\u00fcnyaya Do\u011fall\u0131k Vizyonumuz Tombak Tar\u0131m olarak vizyonumuz; T\u00fcrkiye\u2019nin tar\u0131m sekt\u00f6r\u00fcnde \u00f6nc\u00fc ve g\u00fcvenilir markalar\u0131ndan biri olmak, ayn\u0131 zamanda d\u00fcnya pazar\u0131nda havu\u00e7 ve di\u011fer tar\u0131m \u00fcr\u00fcnlerinde kaliteli \u00fcretimle tan\u0131nan bir marka haline gelmektir. S\u00fcrd\u00fcr\u00fclebilir tar\u0131m y\u00f6ntemlerini benimseyerek, do\u011fan\u0131n dengesini koruyan, \u00e7evre dostu ve verimli \u00fcretim modelleriyle gelecek nesillere de\u011fer katmay\u0131 hedefliyoruz. Teknoloji [...]","protected":false},"author":2,"featured_media":0,"parent":0,"menu_order":0,"comment_status":"closed","ping_status":"closed","template":"page-builder.php","meta":{"_joinchat":[],"footnotes":""},"class_list":["post-640","page","type-page","status-publish","hentry"],"yoast_head":"<!-- This site is optimized with the Yoast SEO plugin v26.0 - https:\/\/yoast.com\/wordpress\/plugins\/seo\/ -->\n<title>Vizyonumuz | Tombak Tar\u0131m \u2013 S\u00fcrd\u00fcr\u00fclebilir ve G\u00fcvenilir Tar\u0131m\u0131n Gelece\u011fi<\/title>\n<meta name=\"description\" content=\"Tombak Tar\u0131m\u2019\u0131n vizyonu; T\u00fcrkiye\u2019de tar\u0131m sekt\u00f6r\u00fcnde \u00f6nc\u00fc olmak ve d\u00fcnya pazar\u0131nda havu\u00e7, karnabahar, kara lahana ve turpta s\u00fcrd\u00fcr\u00fclebilir \u00fcretimle tan\u0131nan g\u00fcvenilir bir marka haline gelmektir.\" \/>\n<meta name=\"robots\" content=\"index, follow, max-snippet:-1, max-image-preview:large, max-video-preview:-1\" \/>\n<link rel=\"canonical\" href=\"https:\/\/tombaktarim.com\/en\/vizyonumuz\/\" \/>\n<meta property=\"og:locale\" content=\"en_US\" \/>\n<meta property=\"og:type\" content=\"article\" \/>\n<meta property=\"og:title\" content=\"Tombak Tar\u0131m Vizyonu \u2013 Tar\u0131mda S\u00fcrd\u00fcr\u00fclebilir Gelecek\" \/>\n<meta property=\"og:description\" content=\"Tombak Tar\u0131m, \u00e7evre dostu \u00fcretim, modern teknoloji ve s\u00fcrd\u00fcr\u00fclebilir tar\u0131m anlay\u0131\u015f\u0131yla T\u00fcrkiye\u2019den d\u00fcnyaya g\u00fcvenilir sebzeler sunmay\u0131 vizyon edinmi\u015ftir.\" \/>\n<meta property=\"og:url\" content=\"https:\/\/tombaktarim.com\/en\/vizyonumuz\/\" \/>\n<meta property=\"og:site_name\" content=\"Tombak Tar\u0131m\" \/>\n<meta property=\"article:publisher\" content=\"https:\/\/www.facebook.com\/Tombaktarim\" \/>\n<meta property=\"article:modified_time\" content=\"2025-09-08T12:53:24+00:00\" \/>\n<meta name=\"twitter:card\" content=\"summary_large_image\" \/>\n<meta name=\"twitter:title\" content=\"Tombak Tar\u0131m Vizyonu \u2013 Tar\u0131mda S\u00fcrd\u00fcr\u00fclebilir Gelecek\" \/>\n<meta name=\"twitter:description\" content=\"Tombak Tar\u0131m, \u00e7evre dostu \u00fcretim, modern teknoloji ve s\u00fcrd\u00fcr\u00fclebilir tar\u0131m anlay\u0131\u015f\u0131yla T\u00fcrkiye\u2019den d\u00fcnyaya g\u00fcvenilir sebzeler sunmay\u0131 vizyon edinmi\u015ftir.\" \/>\n<meta name=\"twitter:label1\" content=\"Est. reading time\" \/>\n\t<meta name=\"twitter:data1\" content=\"3 minutes\" \/>\n<script type=\"application\/ld+json\" class=\"yoast-schema-graph\">{\"@context\":\"https:\/\/schema.org\",\"@graph\":[{\"@type\":\"WebPage\",\"@id\":\"https:\/\/tombaktarim.com\/vizyonumuz\/\",\"url\":\"https:\/\/tombaktarim.com\/vizyonumuz\/\",\"name\":\"Vizyonumuz | Tombak Tar\u0131m \u2013 S\u00fcrd\u00fcr\u00fclebilir ve G\u00fcvenilir Tar\u0131m\u0131n Gelece\u011fi\",\"isPartOf\":{\"@id\":\"https:\/\/tombaktarim.com\/#website\"},\"datePublished\":\"2025-08-29T20:05:06+00:00\",\"dateModified\":\"2025-09-08T12:53:24+00:00\",\"description\":\"Tombak Tar\u0131m\u2019\u0131n vizyonu; T\u00fcrkiye\u2019de tar\u0131m sekt\u00f6r\u00fcnde \u00f6nc\u00fc olmak ve d\u00fcnya pazar\u0131nda havu\u00e7, karnabahar, kara lahana ve turpta s\u00fcrd\u00fcr\u00fclebilir \u00fcretimle tan\u0131nan g\u00fcvenilir bir marka haline gelmektir.\",\"breadcrumb\":{\"@id\":\"https:\/\/tombaktarim.com\/vizyonumuz\/#breadcrumb\"},\"inLanguage\":\"en-US\",\"potentialAction\":[{\"@type\":\"ReadAction\",\"target\":[\"https:\/\/tombaktarim.com\/vizyonumuz\/\"]}]},{\"@type\":\"BreadcrumbList\",\"@id\":\"https:\/\/tombaktarim.com\/vizyonumuz\/#breadcrumb\",\"itemListElement\":[{\"@type\":\"ListItem\",\"position\":1,\"name\":\"Anasayfa\",\"item\":\"https:\/\/tombaktarim.com\/\"},{\"@type\":\"ListItem\",\"position\":2,\"name\":\"Vizyonumuz\"}]},{\"@type\":\"WebSite\",\"@id\":\"https:\/\/tombaktarim.com\/#website\",\"url\":\"https:\/\/tombaktarim.com\/\",\"name\":\"Tombak Tar\u0131m\",\"description\":\"\",\"publisher\":{\"@id\":\"https:\/\/tombaktarim.com\/#organization\"},\"potentialAction\":[{\"@type\":\"SearchAction\",\"target\":{\"@type\":\"EntryPoint\",\"urlTemplate\":\"https:\/\/tombaktarim.com\/?s={search_term_string}\"},\"query-input\":{\"@type\":\"PropertyValueSpecification\",\"valueRequired\":true,\"valueName\":\"search_term_string\"}}],\"inLanguage\":\"en-US\"},{\"@type\":\"Organization\",\"@id\":\"https:\/\/tombaktarim.com\/#organization\",\"name\":\"Tombak Tar\u0131m\",\"url\":\"https:\/\/tombaktarim.com\/\",\"logo\":{\"@type\":\"ImageObject\",\"inLanguage\":\"en-US\",\"@id\":\"https:\/\/tombaktarim.com\/#\/schema\/logo\/image\/\",\"url\":\"https:\/\/tombaktarim.com\/wp-content\/uploads\/2025\/08\/TOMBAK-LOGO.png\",\"contentUrl\":\"https:\/\/tombaktarim.com\/wp-content\/uploads\/2025\/08\/TOMBAK-LOGO.png\",\"width\":544,\"height\":118,\"caption\":\"Tombak Tar\u0131m\"},\"image\":{\"@id\":\"https:\/\/tombaktarim.com\/#\/schema\/logo\/image\/\"},\"sameAs\":[\"https:\/\/www.facebook.com\/Tombaktarim\",\"https:\/\/www.instagram.com\/tombaktarim\"]}]}<\/script>\n<!-- \/ Yoast SEO plugin. -->","yoast_head_json":{"title":"Vizyonumuz | Tombak Tar\u0131m \u2013 S\u00fcrd\u00fcr\u00fclebilir ve G\u00fcvenilir Tar\u0131m\u0131n Gelece\u011fi","description":"Tombak Tar\u0131m\u2019\u0131n vizyonu; T\u00fcrkiye\u2019de tar\u0131m sekt\u00f6r\u00fcnde \u00f6nc\u00fc olmak ve d\u00fcnya pazar\u0131nda havu\u00e7, karnabahar, kara lahana ve turpta s\u00fcrd\u00fcr\u00fclebilir \u00fcretimle tan\u0131nan g\u00fcvenilir bir marka haline gelmektir.","robots":{"index":"index","follow":"follow","max-snippet":"max-snippet:-1","max-image-preview":"max-image-preview:large","max-video-preview":"max-video-preview:-1"},"canonical":"https:\/\/tombaktarim.com\/en\/vizyonumuz\/","og_locale":"en_US","og_type":"article","og_title":"Tombak Tar\u0131m Vizyonu \u2013 Tar\u0131mda S\u00fcrd\u00fcr\u00fclebilir Gelecek","og_description":"Tombak Tar\u0131m, \u00e7evre dostu \u00fcretim, modern teknoloji ve s\u00fcrd\u00fcr\u00fclebilir tar\u0131m anlay\u0131\u015f\u0131yla T\u00fcrkiye\u2019den d\u00fcnyaya g\u00fcvenilir sebzeler sunmay\u0131 vizyon edinmi\u015ftir.","og_url":"https:\/\/tombaktarim.com\/en\/vizyonumuz\/","og_site_name":"Tombak Tar\u0131m","article_publisher":"https:\/\/www.facebook.com\/Tombaktarim","article_modified_time":"2025-09-08T12:53:24+00:00","twitter_card":"summary_large_image","twitter_title":"Tombak Tar\u0131m Vizyonu \u2013 Tar\u0131mda S\u00fcrd\u00fcr\u00fclebilir Gelecek","twitter_description":"Tombak Tar\u0131m, \u00e7evre dostu \u00fcretim, modern teknoloji ve s\u00fcrd\u00fcr\u00fclebilir tar\u0131m anlay\u0131\u015f\u0131yla T\u00fcrkiye\u2019den d\u00fcnyaya g\u00fcvenilir sebzeler sunmay\u0131 vizyon edinmi\u015ftir.","twitter_misc":{"Est. reading time":"3 minutes"},"schema":{"@context":"https:\/\/schema.org","@graph":[{"@type":"WebPage","@id":"https:\/\/tombaktarim.com\/vizyonumuz\/","url":"https:\/\/tombaktarim.com\/vizyonumuz\/","name":"Vizyonumuz | Tombak Tar\u0131m \u2013 S\u00fcrd\u00fcr\u00fclebilir ve G\u00fcvenilir Tar\u0131m\u0131n Gelece\u011fi","isPartOf":{"@id":"https:\/\/tombaktarim.com\/#website"},"datePublished":"2025-08-29T20:05:06+00:00","dateModified":"2025-09-08T12:53:24+00:00","description":"Tombak Tar\u0131m\u2019\u0131n vizyonu; T\u00fcrkiye\u2019de tar\u0131m sekt\u00f6r\u00fcnde \u00f6nc\u00fc olmak ve d\u00fcnya pazar\u0131nda havu\u00e7, karnabahar, kara lahana ve turpta s\u00fcrd\u00fcr\u00fclebilir \u00fcretimle tan\u0131nan g\u00fcvenilir bir marka haline gelmektir.","breadcrumb":{"@id":"https:\/\/tombaktarim.com\/vizyonumuz\/#breadcrumb"},"inLanguage":"en-US","potentialAction":[{"@type":"ReadAction","target":["https:\/\/tombaktarim.com\/vizyonumuz\/"]}]},{"@type":"BreadcrumbList","@id":"https:\/\/tombaktarim.com\/vizyonumuz\/#breadcrumb","itemListElement":[{"@type":"ListItem","position":1,"name":"Anasayfa","item":"https:\/\/tombaktarim.com\/"},{"@type":"ListItem","position":2,"name":"Vizyonumuz"}]},{"@type":"WebSite","@id":"https:\/\/tombaktarim.com\/#website","url":"https:\/\/tombaktarim.com\/","name":"Tombak Tar\u0131m","description":"","publisher":{"@id":"https:\/\/tombaktarim.com\/#organization"},"potentialAction":[{"@type":"SearchAction","target":{"@type":"EntryPoint","urlTemplate":"https:\/\/tombaktarim.com\/?s={search_term_string}"},"query-input":{"@type":"PropertyValueSpecification","valueRequired":true,"valueName":"search_term_string"}}],"inLanguage":"en-US"},{"@type":"Organization","@id":"https:\/\/tombaktarim.com\/#organization","name":"Tombak Tar\u0131m","url":"https:\/\/tombaktarim.com\/","logo":{"@type":"ImageObject","inLanguage":"en-US","@id":"https:\/\/tombaktarim.com\/#\/schema\/logo\/image\/","url":"https:\/\/tombaktarim.com\/wp-content\/uploads\/2025\/08\/TOMBAK-LOGO.png","contentUrl":"https:\/\/tombaktarim.com\/wp-content\/uploads\/2025\/08\/TOMBAK-LOGO.png","width":544,"height":118,"caption":"Tombak Tar\u0131m"},"image":{"@id":"https:\/\/tombaktarim.com\/#\/schema\/logo\/image\/"},"sameAs":["https:\/\/www.facebook.com\/Tombaktarim","https:\/\/www.instagram.com\/tombaktarim"]}]}},"_links":{"self":[{"href":"https:\/\/tombaktarim.com\/en\/wp-json\/wp\/v2\/pages\/640","targetHints":{"allow":["GET"]}}],"collection":[{"href":"https:\/\/tombaktarim.com\/en\/wp-json\/wp\/v2\/pages"}],"about":[{"href":"https:\/\/tombaktarim.com\/en\/wp-json\/wp\/v2\/types\/page"}],"author":[{"embeddable":true,"href":"https:\/\/tombaktarim.com\/en\/wp-json\/wp\/v2\/users\/2"}],"replies":[{"embeddable":true,"href":"https:\/\/tombaktarim.com\/en\/wp-json\/wp\/v2\/comments?post=640"}],"version-history":[{"count":4,"href":"https:\/\/tombaktarim.com\/en\/wp-json\/wp\/v2\/pages\/640\/revisions"}],"predecessor-version":[{"id":723,"href":"https:\/\/tombaktarim.com\/en\/wp-json\/wp\/v2\/pages\/640\/revisions\/723"}],"wp:attachment":[{"href":"https:\/\/tombaktarim.com\/en\/wp-json\/wp\/v2\/media?parent=640"}],"curies":[{"name":"wp","href":"https:\/\/api.w.org\/{rel}","templated":true}]}}