{"id":26,"date":"2020-10-27T05:05:37","date_gmt":"2020-10-27T05:05:37","guid":{"rendered":"http:\/\/seodo.themezinho.net\/?page_id=26"},"modified":"2025-09-08T15:47:05","modified_gmt":"2025-09-08T15:47:05","slug":"iletisim","status":"publish","type":"page","link":"https:\/\/tombaktarim.com\/en\/iletisim\/","title":{"rendered":"Contact Us"},"content":{"rendered":"<div class=\"wpb-content-wrapper\"><section  class=\"content-section\" ><div class=\"container\"><div class=\"vc_row wpb_row vc_row-fluid\"><div class=\"wpb_column vc_column_container vc_col-sm-12\"><div class=\"vc_column-inner\"><div class=\"wpb_wrapper\"><div class=\"section-title\"  style='color:#212529;' >\n\t\n\t\n\t\n\t\n\t \t<figure> <img decoding=\"async\" src=\"https:\/\/tombaktarim.com\/wp-content\/themes\/seodo\/images\/section-title-shape.png\" alt=\"Image\"> <\/figure>\n\t\t\n    <h6> How to Reach Us? <\/h6>\n      <h2>We are just a message away: Share your questions and collaboration requests with us, and we\u2019ll be happy to assist you.<\/h2>\n  \t\n\t <\/div>\n<div class=\"vc_row wpb_row vc_inner vc_row-fluid\"><div class=\"wpb_column vc_column_container vc_col-sm-12 vc_col-md-6\"><div class=\"vc_column-inner\"><div class=\"wpb_wrapper\">\n<div class=\"wpcf7 no-js\" id=\"wpcf7-f204-o1\" lang=\"en-US\" dir=\"ltr\" data-wpcf7-id=\"204\">\n<div class=\"screen-reader-response\"><p role=\"status\" aria-live=\"polite\" aria-atomic=\"true\"><\/p> <ul><\/ul><\/div>\n<form action=\"\/en\/wp-json\/wp\/v2\/pages\/26#wpcf7-f204-o1\" method=\"post\" class=\"wpcf7-form init\" aria-label=\"Contact form\" novalidate=\"novalidate\" data-status=\"init\" data-trp-original-action=\"\/en\/wp-json\/wp\/v2\/pages\/26#wpcf7-f204-o1\">\n<fieldset class=\"hidden-fields-container\"><input type=\"hidden\" name=\"_wpcf7\" value=\"204\" \/><input type=\"hidden\" name=\"_wpcf7_version\" value=\"6.1.1\" \/><input type=\"hidden\" name=\"_wpcf7_locale\" value=\"en_US\" \/><input type=\"hidden\" name=\"_wpcf7_unit_tag\" value=\"wpcf7-f204-o1\" \/><input type=\"hidden\" name=\"_wpcf7_container_post\" value=\"0\" \/><input type=\"hidden\" name=\"_wpcf7_posted_data_hash\" value=\"\" \/>\n<\/fieldset>\n<div class=\"contact-form\">\n\t<div class=\"form-group\">\n\t\t<p><span class=\"wpcf7-form-control-wrap\" data-name=\"your-name\"><input size=\"40\" maxlength=\"400\" class=\"wpcf7-form-control wpcf7-text wpcf7-validates-as-required form-control\" aria-required=\"true\" aria-invalid=\"false\" placeholder=\"Full Name\" value=\"\" type=\"text\" name=\"your-name\" \/><\/span>\n\t\t<\/p>\n\t<\/div>\n\t<div class=\"form-group\">\n\t\t<p><span class=\"wpcf7-form-control-wrap\" data-name=\"your-email\"><input size=\"40\" maxlength=\"400\" class=\"wpcf7-form-control wpcf7-text wpcf7-validates-as-required form-control\" aria-required=\"true\" aria-invalid=\"false\" placeholder=\"E-mail Address\" value=\"\" type=\"text\" name=\"your-email\" \/><\/span>\n\t\t<\/p>\n\t<\/div>\n\t<div class=\"form-group\">\n\t\t<p><span class=\"wpcf7-form-control-wrap\" data-name=\"your-subject\"><input size=\"40\" maxlength=\"400\" class=\"wpcf7-form-control wpcf7-text form-control\" aria-invalid=\"false\" placeholder=\"Subject\" value=\"\" type=\"text\" name=\"your-subject\" \/><\/span>\n\t\t<\/p>\n\t<\/div>\n\t<div class=\"form-group\">\n\t\t<p><span class=\"wpcf7-form-control-wrap\" data-name=\"your-message\"><textarea cols=\"40\" rows=\"10\" maxlength=\"2000\" class=\"wpcf7-form-control wpcf7-textarea form-control\" aria-invalid=\"false\" placeholder=\"Message..\" name=\"your-message\"><\/textarea><\/span>\n\t\t<\/p>\n\t<\/div>\n\t<div class=\"form-group\">\n\t\t<p><input class=\"wpcf7-form-control wpcf7-submit has-spinner btn btn-warning\" type=\"submit\" value=\"SEND\" \/>\n\t\t<\/p>\n\t<\/div>\n<\/div><div class=\"wpcf7-response-output\" aria-hidden=\"true\"><\/div>\n<input type=\"hidden\" name=\"trp-form-language\" value=\"en\"\/><\/form>\n<\/div>\n<\/div><\/div><\/div><div class=\"wpb_column vc_column_container vc_col-sm-12 vc_col-md-6\"><div class=\"vc_column-inner\"><div class=\"wpb_wrapper\"><div class=\"contact-box\" >\n  <figure><img decoding=\"async\" src=\"https:\/\/tombaktarim.com\/wp-content\/uploads\/2020\/10\/contact-icon01.png\" alt=\"contact-icon01\"> <\/figure>\n  <div class=\"content\">\n    <h6>Call Us!<\/h6>\n    <p>+90 543 635 13 64<\/p>\n  <\/div>\n<\/div>\n<div class=\"contact-box\" >\n  <figure><img decoding=\"async\" src=\"https:\/\/tombaktarim.com\/wp-content\/uploads\/2020\/10\/contact-icon02.png\" alt=\"contact-icon02\"> <\/figure>\n  <div class=\"content\">\n    <h6>Mail to Us!<\/h6>\n    <p>info@tombaktarim.com<\/p>\n  <\/div>\n<\/div>\n<div class=\"contact-box\" >\n  <figure><img decoding=\"async\" src=\"https:\/\/tombaktarim.com\/wp-content\/uploads\/2020\/10\/contact-icon03.png\" alt=\"contact-icon03\"> <\/figure>\n  <div class=\"content\">\n    <h6>Where are We?<\/h6>\n    <p>Ka\u015f\u0131nhan\u0131 \/ Meram \/ KONYA<\/p>\n  <\/div>\n<\/div>\n<\/div><\/div><\/div><\/div><\/div><\/div><\/div><\/div><\/div><\/section><section  class=\"content-section no-spacing\" ><div class=\"vc_row wpb_row vc_row-fluid vc_custom_1603818230001\"><div class=\"wpb_column vc_column_container vc_col-sm-12\"><div class=\"vc_column-inner vc_custom_1603865812052\"><div class=\"wpb_wrapper\">            <div class=\"google-maps\" >\n\t\t\t\t\n\t\t\t\n                <iframe loading=\"lazy\" src=\"https:\/\/www.google.com\/maps\/embed?pb=!1m17!1m12!1m3!1d3156.4561699450273!2d32.571968075880385!3d37.70896907200208!2m3!1f0!2f0!3f0!3m2!1i1024!2i768!4f13.1!3m2!1m1!2zMzfCsDQyJzMyLjMiTiAzMsKwMzQnMjguNCJF!5e0!3m2!1str!2str!4v1756483876840!5m2!1str!2str\" width=\"100%\" height=\"520px\" frameborder=\"0\" allowfullscreen><\/iframe>\n            <\/div>\n\n\t\t\t<\/div><\/div><\/div><\/div><\/section>\n<\/div>","protected":false},"excerpt":{"rendered":"Bize nas\u0131l ula\u015fabilirsiniz? Size sadece bir mesaj kadar yak\u0131n\u0131z. Sorular\u0131n\u0131z\u0131 ve i\u015fbirli\u011fi taleplerinizi bizimle payla\u015f\u0131n. Bizi Aray\u0131n! +90 543 635 13 64 Bize Mail At\u0131n! info@tombaktarim.com Neredeyiz? Ka\u015f\u0131nhan\u0131 \/ Meram \/ KONYA","protected":false},"author":1,"featured_media":0,"parent":0,"menu_order":0,"comment_status":"closed","ping_status":"closed","template":"page-builder.php","meta":{"_joinchat":[],"footnotes":""},"class_list":["post-26","page","type-page","status-publish","hentry"],"yoast_head":"<!-- This site is optimized with the Yoast SEO plugin v26.0 - https:\/\/yoast.com\/wordpress\/plugins\/seo\/ -->\n<title>\u0130leti\u015fim | Tombak Tar\u0131m \u2013 Konya Tar\u0131m \u00dcr\u00fcnleri \u0130hracat\u0131<\/title>\n<meta name=\"description\" content=\"Tombak Tar\u0131m ileti\u015fim sayfas\u0131ndan bize kolayca ula\u015f\u0131n. Havu\u00e7, turp, karalahana ve karnabahar sipari\u015fleriniz i\u00e7in telefon, e-posta veya Konya\u2019daki adresimizden ileti\u015fime ge\u00e7in.\" \/>\n<meta name=\"robots\" content=\"index, follow, max-snippet:-1, max-image-preview:large, max-video-preview:-1\" \/>\n<link rel=\"canonical\" href=\"https:\/\/tombaktarim.com\/en\/iletisim\/\" \/>\n<meta property=\"og:locale\" content=\"en_US\" \/>\n<meta property=\"og:type\" content=\"article\" \/>\n<meta property=\"og:title\" content=\"Tombak Tar\u0131m \u0130leti\u015fim \u2013 Bizimle Hemen Ba\u011flant\u0131ya Ge\u00e7in\" \/>\n<meta property=\"og:description\" content=\"Sipari\u015f, i\u015fbirli\u011fi veya sorular\u0131n\u0131z i\u00e7in Tombak Tar\u0131m\u2019a ula\u015f\u0131n. Telefon, e-posta ve Konya\/Meram Ka\u015f\u0131nhan\u0131 adresimizle yan\u0131n\u0131zday\u0131z.\" \/>\n<meta property=\"og:url\" content=\"https:\/\/tombaktarim.com\/en\/iletisim\/\" \/>\n<meta property=\"og:site_name\" content=\"Tombak Tar\u0131m\" \/>\n<meta property=\"article:publisher\" content=\"https:\/\/www.facebook.com\/Tombaktarim\" \/>\n<meta property=\"article:modified_time\" content=\"2025-09-08T15:47:05+00:00\" \/>\n<meta name=\"twitter:card\" content=\"summary_large_image\" \/>\n<meta name=\"twitter:title\" content=\"Tombak Tar\u0131m \u0130leti\u015fim \u2013 Bizimle Hemen Ba\u011flant\u0131ya Ge\u00e7in\" \/>\n<meta name=\"twitter:description\" content=\"Sipari\u015f, i\u015fbirli\u011fi veya sorular\u0131n\u0131z i\u00e7in Tombak Tar\u0131m\u2019a ula\u015f\u0131n. Telefon, e-posta ve Konya\/Meram Ka\u015f\u0131nhan\u0131 adresimizle yan\u0131n\u0131zday\u0131z.\" \/>\n<meta name=\"twitter:label1\" content=\"Est. reading time\" \/>\n\t<meta name=\"twitter:data1\" content=\"1 minute\" \/>\n<script type=\"application\/ld+json\" class=\"yoast-schema-graph\">{\"@context\":\"https:\/\/schema.org\",\"@graph\":[{\"@type\":\"WebPage\",\"@id\":\"https:\/\/tombaktarim.com\/iletisim\/\",\"url\":\"https:\/\/tombaktarim.com\/iletisim\/\",\"name\":\"\u0130leti\u015fim | Tombak Tar\u0131m \u2013 Konya Tar\u0131m \u00dcr\u00fcnleri \u0130hracat\u0131\",\"isPartOf\":{\"@id\":\"https:\/\/tombaktarim.com\/#website\"},\"datePublished\":\"2020-10-27T05:05:37+00:00\",\"dateModified\":\"2025-09-08T15:47:05+00:00\",\"description\":\"Tombak Tar\u0131m ileti\u015fim sayfas\u0131ndan bize kolayca ula\u015f\u0131n. Havu\u00e7, turp, karalahana ve karnabahar sipari\u015fleriniz i\u00e7in telefon, e-posta veya Konya\u2019daki adresimizden ileti\u015fime ge\u00e7in.\",\"breadcrumb\":{\"@id\":\"https:\/\/tombaktarim.com\/iletisim\/#breadcrumb\"},\"inLanguage\":\"en-US\",\"potentialAction\":[{\"@type\":\"ReadAction\",\"target\":[\"https:\/\/tombaktarim.com\/iletisim\/\"]}]},{\"@type\":\"BreadcrumbList\",\"@id\":\"https:\/\/tombaktarim.com\/iletisim\/#breadcrumb\",\"itemListElement\":[{\"@type\":\"ListItem\",\"position\":1,\"name\":\"Anasayfa\",\"item\":\"https:\/\/tombaktarim.com\/\"},{\"@type\":\"ListItem\",\"position\":2,\"name\":\"\u0130leti\u015fim\"}]},{\"@type\":\"WebSite\",\"@id\":\"https:\/\/tombaktarim.com\/#website\",\"url\":\"https:\/\/tombaktarim.com\/\",\"name\":\"Tombak Tar\u0131m\",\"description\":\"\",\"publisher\":{\"@id\":\"https:\/\/tombaktarim.com\/#organization\"},\"potentialAction\":[{\"@type\":\"SearchAction\",\"target\":{\"@type\":\"EntryPoint\",\"urlTemplate\":\"https:\/\/tombaktarim.com\/?s={search_term_string}\"},\"query-input\":{\"@type\":\"PropertyValueSpecification\",\"valueRequired\":true,\"valueName\":\"search_term_string\"}}],\"inLanguage\":\"en-US\"},{\"@type\":\"Organization\",\"@id\":\"https:\/\/tombaktarim.com\/#organization\",\"name\":\"Tombak Tar\u0131m\",\"url\":\"https:\/\/tombaktarim.com\/\",\"logo\":{\"@type\":\"ImageObject\",\"inLanguage\":\"en-US\",\"@id\":\"https:\/\/tombaktarim.com\/#\/schema\/logo\/image\/\",\"url\":\"https:\/\/tombaktarim.com\/wp-content\/uploads\/2025\/08\/TOMBAK-LOGO.png\",\"contentUrl\":\"https:\/\/tombaktarim.com\/wp-content\/uploads\/2025\/08\/TOMBAK-LOGO.png\",\"width\":544,\"height\":118,\"caption\":\"Tombak Tar\u0131m\"},\"image\":{\"@id\":\"https:\/\/tombaktarim.com\/#\/schema\/logo\/image\/\"},\"sameAs\":[\"https:\/\/www.facebook.com\/Tombaktarim\",\"https:\/\/www.instagram.com\/tombaktarim\"]}]}<\/script>\n<!-- \/ Yoast SEO plugin. -->","yoast_head_json":{"title":"\u0130leti\u015fim | Tombak Tar\u0131m \u2013 Konya Tar\u0131m \u00dcr\u00fcnleri \u0130hracat\u0131","description":"Tombak Tar\u0131m ileti\u015fim sayfas\u0131ndan bize kolayca ula\u015f\u0131n. Havu\u00e7, turp, karalahana ve karnabahar sipari\u015fleriniz i\u00e7in telefon, e-posta veya Konya\u2019daki adresimizden ileti\u015fime ge\u00e7in.","robots":{"index":"index","follow":"follow","max-snippet":"max-snippet:-1","max-image-preview":"max-image-preview:large","max-video-preview":"max-video-preview:-1"},"canonical":"https:\/\/tombaktarim.com\/en\/iletisim\/","og_locale":"en_US","og_type":"article","og_title":"Tombak Tar\u0131m \u0130leti\u015fim \u2013 Bizimle Hemen Ba\u011flant\u0131ya Ge\u00e7in","og_description":"Sipari\u015f, i\u015fbirli\u011fi veya sorular\u0131n\u0131z i\u00e7in Tombak Tar\u0131m\u2019a ula\u015f\u0131n. Telefon, e-posta ve Konya\/Meram Ka\u015f\u0131nhan\u0131 adresimizle yan\u0131n\u0131zday\u0131z.","og_url":"https:\/\/tombaktarim.com\/en\/iletisim\/","og_site_name":"Tombak Tar\u0131m","article_publisher":"https:\/\/www.facebook.com\/Tombaktarim","article_modified_time":"2025-09-08T15:47:05+00:00","twitter_card":"summary_large_image","twitter_title":"Tombak Tar\u0131m \u0130leti\u015fim \u2013 Bizimle Hemen Ba\u011flant\u0131ya Ge\u00e7in","twitter_description":"Sipari\u015f, i\u015fbirli\u011fi veya sorular\u0131n\u0131z i\u00e7in Tombak Tar\u0131m\u2019a ula\u015f\u0131n. Telefon, e-posta ve Konya\/Meram Ka\u015f\u0131nhan\u0131 adresimizle yan\u0131n\u0131zday\u0131z.","twitter_misc":{"Est. reading time":"1 minute"},"schema":{"@context":"https:\/\/schema.org","@graph":[{"@type":"WebPage","@id":"https:\/\/tombaktarim.com\/iletisim\/","url":"https:\/\/tombaktarim.com\/iletisim\/","name":"\u0130leti\u015fim | Tombak Tar\u0131m \u2013 Konya Tar\u0131m \u00dcr\u00fcnleri \u0130hracat\u0131","isPartOf":{"@id":"https:\/\/tombaktarim.com\/#website"},"datePublished":"2020-10-27T05:05:37+00:00","dateModified":"2025-09-08T15:47:05+00:00","description":"Tombak Tar\u0131m ileti\u015fim sayfas\u0131ndan bize kolayca ula\u015f\u0131n. Havu\u00e7, turp, karalahana ve karnabahar sipari\u015fleriniz i\u00e7in telefon, e-posta veya Konya\u2019daki adresimizden ileti\u015fime ge\u00e7in.","breadcrumb":{"@id":"https:\/\/tombaktarim.com\/iletisim\/#breadcrumb"},"inLanguage":"en-US","potentialAction":[{"@type":"ReadAction","target":["https:\/\/tombaktarim.com\/iletisim\/"]}]},{"@type":"BreadcrumbList","@id":"https:\/\/tombaktarim.com\/iletisim\/#breadcrumb","itemListElement":[{"@type":"ListItem","position":1,"name":"Anasayfa","item":"https:\/\/tombaktarim.com\/"},{"@type":"ListItem","position":2,"name":"\u0130leti\u015fim"}]},{"@type":"WebSite","@id":"https:\/\/tombaktarim.com\/#website","url":"https:\/\/tombaktarim.com\/","name":"Tombak Tar\u0131m","description":"","publisher":{"@id":"https:\/\/tombaktarim.com\/#organization"},"potentialAction":[{"@type":"SearchAction","target":{"@type":"EntryPoint","urlTemplate":"https:\/\/tombaktarim.com\/?s={search_term_string}"},"query-input":{"@type":"PropertyValueSpecification","valueRequired":true,"valueName":"search_term_string"}}],"inLanguage":"en-US"},{"@type":"Organization","@id":"https:\/\/tombaktarim.com\/#organization","name":"Tombak Tar\u0131m","url":"https:\/\/tombaktarim.com\/","logo":{"@type":"ImageObject","inLanguage":"en-US","@id":"https:\/\/tombaktarim.com\/#\/schema\/logo\/image\/","url":"https:\/\/tombaktarim.com\/wp-content\/uploads\/2025\/08\/TOMBAK-LOGO.png","contentUrl":"https:\/\/tombaktarim.com\/wp-content\/uploads\/2025\/08\/TOMBAK-LOGO.png","width":544,"height":118,"caption":"Tombak Tar\u0131m"},"image":{"@id":"https:\/\/tombaktarim.com\/#\/schema\/logo\/image\/"},"sameAs":["https:\/\/www.facebook.com\/Tombaktarim","https:\/\/www.instagram.com\/tombaktarim"]}]}},"_links":{"self":[{"href":"https:\/\/tombaktarim.com\/en\/wp-json\/wp\/v2\/pages\/26","targetHints":{"allow":["GET"]}}],"collection":[{"href":"https:\/\/tombaktarim.com\/en\/wp-json\/wp\/v2\/pages"}],"about":[{"href":"https:\/\/tombaktarim.com\/en\/wp-json\/wp\/v2\/types\/page"}],"author":[{"embeddable":true,"href":"https:\/\/tombaktarim.com\/en\/wp-json\/wp\/v2\/users\/1"}],"replies":[{"embeddable":true,"href":"https:\/\/tombaktarim.com\/en\/wp-json\/wp\/v2\/comments?post=26"}],"version-history":[{"count":6,"href":"https:\/\/tombaktarim.com\/en\/wp-json\/wp\/v2\/pages\/26\/revisions"}],"predecessor-version":[{"id":732,"href":"https:\/\/tombaktarim.com\/en\/wp-json\/wp\/v2\/pages\/26\/revisions\/732"}],"wp:attachment":[{"href":"https:\/\/tombaktarim.com\/en\/wp-json\/wp\/v2\/media?parent=26"}],"curies":[{"name":"wp","href":"https:\/\/api.w.org\/{rel}","templated":true}]}}