{"id":19,"date":"2020-10-27T05:04:25","date_gmt":"2020-10-27T05:04:25","guid":{"rendered":"http:\/\/seodo.themezinho.net\/?page_id=19"},"modified":"2025-09-08T14:31:57","modified_gmt":"2025-09-08T14:31:57","slug":"havuc","status":"publish","type":"page","link":"https:\/\/tombaktarim.com\/en\/urunler\/havuc\/","title":{"rendered":"Carrots"},"content":{"rendered":"<div class=\"wpb-content-wrapper\"><section  class=\"content-section\" ><div class=\"container\"><div class=\"vc_row wpb_row vc_row-fluid\"><div class=\"wpb_column vc_column_container vc_col-sm-12\"><div class=\"vc_column-inner\"><div class=\"wpb_wrapper\"><div class=\"vc_row wpb_row vc_inner vc_row-fluid vc_row-o-content-middle vc_row-flex\"><div class=\"wpb_column vc_column_container vc_col-sm-12 vc_col-md-8\"><div class=\"vc_column-inner\"><div class=\"wpb_wrapper\"><figure class=\"side-image\" > <img decoding=\"async\" src=\"https:\/\/tombaktarim.com\/wp-content\/uploads\/2025\/08\/HAVUC.png\" alt=\"Image\">\n\n\n\t\t\n\t\t\n\t\n<\/figure>\n<\/div><\/div><\/div><div class=\"wpb_column vc_column_container vc_col-sm-12 vc_col-md-4\"><div class=\"vc_column-inner\"><div class=\"wpb_wrapper\">\n\n\n\n<div class=\"side-content right\" >\n  \t<h4 data-start=\"151\" data-end=\"174\">Harvested at Peak Freshness<\/h4>\n<p><p>\n    <strong>Tombak Tar\u0131m\u2019s carrots<\/strong> bring fresh, crispy flavor to your table in every season.\n<\/p><\/p>\n<p><p>\n    <strong>Carefully cultivated carrots:<\/strong> Our carrots reach your table without losing their natural taste or nutritional value, making them an ideal choice for those seeking a healthy and delicious option.\n<\/p><\/p>\n      <\/div>\n<\/div><\/div><\/div><\/div><div class=\"vc_empty_space\"   style=\"height: 80px\"><span class=\"vc_empty_space_inner\"><\/span><\/div><div class=\"vc_row wpb_row vc_inner vc_row-fluid vc_row-o-content-middle vc_row-flex\"><div class=\"wpb_column vc_column_container vc_col-sm-12 vc_col-md-4\"><div class=\"vc_column-inner\"><div class=\"wpb_wrapper\">\n\n\n\n<div class=\"side-content left\" >\n  \t<h4 data-start=\"481\" data-end=\"505\">Natural and Healthy<\/h4>\n<p><p>\n    <strong>Grown in harmony with soil and climate conditions,<\/strong> our carrots are rich in vitamins and minerals.\n<\/p><\/p>\n<p><p>\n    <strong>Each carrot is carefully harvested<\/strong> and packaged to preserve its freshness, making it a perfect product to bring health and flavor to your table.\n<\/p><\/p>\n      <\/div>\n<\/div><\/div><\/div><div class=\"wpb_column vc_column_container vc_col-sm-12 vc_col-md-8\"><div class=\"vc_column-inner\"><div class=\"wpb_wrapper\"><figure class=\"side-image\" > <img decoding=\"async\" src=\"https:\/\/tombaktarim.com\/wp-content\/uploads\/2025\/08\/HAVUC-2.png\" alt=\"Image\">\n\n\n\t\t\n\t\t\n\t\n<\/figure>\n<\/div><\/div><\/div><\/div><div class=\"vc_empty_space\"   style=\"height: 80px\"><span class=\"vc_empty_space_inner\"><\/span><\/div>\n\t<div class=\"wpb_text_column wpb_content_element\" >\n\t\t<div class=\"wpb_wrapper\">\n\t\t\t<p><p>\n    <strong>Tombak Tar\u0131m carrots<\/strong> are an essential vegetable for a healthy diet, thanks to their high fiber content and rich vitamin profile. Packed with beta-carotene, they support eye health, strengthen your immune system, and help maintain regular digestive function. From home kitchens to restaurants, and from daily consumption to bulk orders, they are the ideal choice for every setting. Harvested fresh and quickly packaged, our carrots are delivered to you in their most natural state, with special price advantages available for bulk purchases.\n<\/p><\/p>\n<p class=\"translation-block\"><p>\n    You can easily place your carrot orders via <strong><a class=\"decorated-link cursor-pointer\" rel=\"noopener\" target=\"_self\">info@tombaktarim.com<\/a><\/strong> or by calling <strong>+90 543 635 13 64<\/strong>. Add both health and flavor to your table with fresh Tombak Tar\u0131m carrots.\n<\/p><\/p>\n\n\t\t<\/div>\n\t<\/div>\n<div class=\"section-title\"  style='color:#009A4E;' >\n\t\n\t\n\t\n\t\n\t \t\n      <h2>Package Sizes<\/h2>\n  \t\n\t <\/div>\n<div class=\"vc_tta-container\" data-vc-action=\"collapse\"><div class=\"vc_general vc_tta vc_tta-tabs vc_tta-color-grey vc_tta-style-classic vc_tta-shape-rounded vc_tta-spacing-1 vc_tta-tabs-position-top vc_tta-controls-align-left\"><div class=\"vc_tta-tabs-container\"><ul class=\"vc_tta-tabs-list\" role=\"tablist\"><li class=\"vc_tta-tab vc_active\" data-vc-tab role=\"presentation\"><a href=\"#1756485747726-92854ca9-16f9\" data-vc-tabs data-vc-container=\".vc_tta\" role=\"tab\" aria-selected=\"false\" id=\"tab-1756485747726-92854ca9-16f9\"><span class=\"vc_tta-title-text\">1 KG<\/span><\/a><\/li><li class=\"vc_tta-tab\" data-vc-tab role=\"presentation\"><a href=\"#1756489387131-999260a3-1790\" data-vc-tabs data-vc-container=\".vc_tta\" role=\"tab\" aria-selected=\"false\" id=\"tab-1756489387131-999260a3-1790\"><span class=\"vc_tta-title-text\">5 KG<\/span><\/a><\/li><li class=\"vc_tta-tab\" data-vc-tab role=\"presentation\"><a href=\"#1756489390525-08e79961-65a2\" data-vc-tabs data-vc-container=\".vc_tta\" role=\"tab\" aria-selected=\"false\" id=\"tab-1756489390525-08e79961-65a2\"><span class=\"vc_tta-title-text\">10 KG<\/span><\/a><\/li><\/ul><\/div><div class=\"vc_tta-panels-container\"><div class=\"vc_tta-panels\"><div class=\"vc_tta-panel vc_active\" id=\"1756485747726-92854ca9-16f9\" data-vc-content=\".vc_tta-panel-body\"><div class=\"vc_tta-panel-heading\"><h4 class=\"vc_tta-panel-title\"><a href=\"#1756485747726-92854ca9-16f9\" data-vc-accordion data-vc-container=\".vc_tta-container\"><span class=\"vc_tta-title-text\">1 KG<\/span><\/a><\/h4><\/div><div class=\"vc_tta-panel-body\"><figure class=\"side-image\" > <img decoding=\"async\" src=\"https:\/\/tombaktarim.com\/wp-content\/uploads\/2025\/08\/IMG-20250827-WA0012.jpg\" alt=\"\">\n\n\n\t\t\n\t\t\n\t\n<\/figure>\n<\/div><\/div><div class=\"vc_tta-panel\" id=\"1756489387131-999260a3-1790\" data-vc-content=\".vc_tta-panel-body\"><div class=\"vc_tta-panel-heading\"><h4 class=\"vc_tta-panel-title\"><a href=\"#1756489387131-999260a3-1790\" data-vc-accordion data-vc-container=\".vc_tta-container\"><span class=\"vc_tta-title-text\">5 KG<\/span><\/a><\/h4><\/div><div class=\"vc_tta-panel-body\"><figure class=\"side-image\" > <img decoding=\"async\" src=\"https:\/\/tombaktarim.com\/wp-content\/uploads\/2025\/09\/5-KG.png\" alt=\"\">\n\n\n\t\t\n\t\t\n\t\n<\/figure>\n<\/div><\/div><div class=\"vc_tta-panel\" id=\"1756489390525-08e79961-65a2\" data-vc-content=\".vc_tta-panel-body\"><div class=\"vc_tta-panel-heading\"><h4 class=\"vc_tta-panel-title\"><a href=\"#1756489390525-08e79961-65a2\" data-vc-accordion data-vc-container=\".vc_tta-container\"><span class=\"vc_tta-title-text\">10 KG<\/span><\/a><\/h4><\/div><div class=\"vc_tta-panel-body\"><figure class=\"side-image\" > <img decoding=\"async\" src=\"https:\/\/tombaktarim.com\/wp-content\/uploads\/2025\/08\/IMG-20250827-WA0019.jpg\" alt=\"\">\n\n\n\t\t\n\t\t\n\t\n<\/figure>\n<\/div><\/div><\/div><\/div><\/div><\/div><\/div><\/div><\/div><\/div><\/div><\/section>\n<\/div>","protected":false},"excerpt":{"rendered":"Taze ve Lezzetli Tombak Tar\u0131m\u2019\u0131n havu\u00e7lar\u0131, her mevsim taptaze ve \u00e7\u0131t\u0131r lezzetiyle sofralar\u0131n\u0131za gelir. \u00d6zenle yeti\u015ftirilen havu\u00e7lar\u0131m\u0131z, do\u011fal tad\u0131n\u0131 ve besin de\u011ferini kaybetmeden sofran\u0131za ula\u015f\u0131r. Sa\u011fl\u0131kl\u0131 ve lezzetli bir se\u00e7enek arayanlar i\u00e7in ideal bir tercihtir. Do\u011fal ve Sa\u011fl\u0131kl\u0131 Toprak ve iklim ko\u015fullar\u0131na uygun olarak yeti\u015ftirilen havu\u00e7lar\u0131m\u0131z, vitamin ve mineraller a\u00e7\u0131s\u0131ndan zengindir. Her bir havu\u00e7, \u00f6zenle [...]","protected":false},"author":2,"featured_media":0,"parent":658,"menu_order":0,"comment_status":"closed","ping_status":"closed","template":"page-builder.php","meta":{"_joinchat":[],"footnotes":""},"class_list":["post-19","page","type-page","status-publish","hentry"],"yoast_head":"<!-- This site is optimized with the Yoast SEO plugin v26.0 - https:\/\/yoast.com\/wordpress\/plugins\/seo\/ -->\n<title>Havu\u00e7 | Tombak Tar\u0131m \u2013 Taze, Do\u011fal ve Lezzetli Havu\u00e7lar<\/title>\n<meta name=\"description\" content=\"Tombak Tar\u0131m havu\u00e7lar\u0131; beta-karoten ve vitamin a\u00e7\u0131s\u0131ndan zengin, taptaze ve do\u011fal lezzetiyle sofralar\u0131n\u0131za ula\u015f\u0131r. Sa\u011fl\u0131kl\u0131 beslenme i\u00e7in ideal se\u00e7im.\" \/>\n<meta name=\"robots\" content=\"index, follow, max-snippet:-1, max-image-preview:large, max-video-preview:-1\" \/>\n<link rel=\"canonical\" href=\"https:\/\/tombaktarim.com\/en\/urunler\/havuc\/\" \/>\n<meta property=\"og:locale\" content=\"en_US\" \/>\n<meta property=\"og:type\" content=\"article\" \/>\n<meta property=\"og:title\" content=\"Tombak Tar\u0131m Havu\u00e7 \u2013 Sa\u011fl\u0131kl\u0131 ve Taze Lezzet\" \/>\n<meta property=\"og:description\" content=\"Konya\u2019da \u00f6zenle yeti\u015ftirilen Tombak Tar\u0131m havu\u00e7lar\u0131, y\u00fcksek besin de\u011feri ve taptaze lezzetiyle sofralar\u0131n\u0131za sa\u011fl\u0131k kat\u0131yor. Toplu al\u0131mda \u00f6zel fiyat avantaj\u0131.\" \/>\n<meta property=\"og:url\" content=\"https:\/\/tombaktarim.com\/en\/urunler\/havuc\/\" \/>\n<meta property=\"og:site_name\" content=\"Tombak Tar\u0131m\" \/>\n<meta property=\"article:publisher\" content=\"https:\/\/www.facebook.com\/Tombaktarim\" \/>\n<meta property=\"article:modified_time\" content=\"2025-09-08T14:31:57+00:00\" \/>\n<meta name=\"twitter:card\" content=\"summary_large_image\" \/>\n<meta name=\"twitter:title\" content=\"Tombak Tar\u0131m Havu\u00e7 \u2013 Sa\u011fl\u0131kl\u0131 ve Taze Lezzet\" \/>\n<meta name=\"twitter:description\" content=\"Konya\u2019da \u00f6zenle yeti\u015ftirilen Tombak Tar\u0131m havu\u00e7lar\u0131, y\u00fcksek besin de\u011feri ve taptaze lezzetiyle sofralar\u0131n\u0131za sa\u011fl\u0131k kat\u0131yor. Toplu al\u0131mda \u00f6zel fiyat avantaj\u0131.\" \/>\n<meta name=\"twitter:label1\" content=\"Est. reading time\" \/>\n\t<meta name=\"twitter:data1\" content=\"3 minutes\" \/>\n<script type=\"application\/ld+json\" class=\"yoast-schema-graph\">{\"@context\":\"https:\/\/schema.org\",\"@graph\":[{\"@type\":\"WebPage\",\"@id\":\"https:\/\/tombaktarim.com\/urunler\/havuc\/\",\"url\":\"https:\/\/tombaktarim.com\/urunler\/havuc\/\",\"name\":\"Havu\u00e7 | Tombak Tar\u0131m \u2013 Taze, Do\u011fal ve Lezzetli Havu\u00e7lar\",\"isPartOf\":{\"@id\":\"https:\/\/tombaktarim.com\/#website\"},\"datePublished\":\"2020-10-27T05:04:25+00:00\",\"dateModified\":\"2025-09-08T14:31:57+00:00\",\"description\":\"Tombak Tar\u0131m havu\u00e7lar\u0131; beta-karoten ve vitamin a\u00e7\u0131s\u0131ndan zengin, taptaze ve do\u011fal lezzetiyle sofralar\u0131n\u0131za ula\u015f\u0131r. Sa\u011fl\u0131kl\u0131 beslenme i\u00e7in ideal se\u00e7im.\",\"breadcrumb\":{\"@id\":\"https:\/\/tombaktarim.com\/urunler\/havuc\/#breadcrumb\"},\"inLanguage\":\"en-US\",\"potentialAction\":[{\"@type\":\"ReadAction\",\"target\":[\"https:\/\/tombaktarim.com\/urunler\/havuc\/\"]}]},{\"@type\":\"BreadcrumbList\",\"@id\":\"https:\/\/tombaktarim.com\/urunler\/havuc\/#breadcrumb\",\"itemListElement\":[{\"@type\":\"ListItem\",\"position\":1,\"name\":\"Anasayfa\",\"item\":\"https:\/\/tombaktarim.com\/\"},{\"@type\":\"ListItem\",\"position\":2,\"name\":\"\u00dcr\u00fcnler\",\"item\":\"https:\/\/tombaktarim.com\/urunler\/\"},{\"@type\":\"ListItem\",\"position\":3,\"name\":\"Havu\u00e7\"}]},{\"@type\":\"WebSite\",\"@id\":\"https:\/\/tombaktarim.com\/#website\",\"url\":\"https:\/\/tombaktarim.com\/\",\"name\":\"Tombak Tar\u0131m\",\"description\":\"\",\"publisher\":{\"@id\":\"https:\/\/tombaktarim.com\/#organization\"},\"potentialAction\":[{\"@type\":\"SearchAction\",\"target\":{\"@type\":\"EntryPoint\",\"urlTemplate\":\"https:\/\/tombaktarim.com\/?s={search_term_string}\"},\"query-input\":{\"@type\":\"PropertyValueSpecification\",\"valueRequired\":true,\"valueName\":\"search_term_string\"}}],\"inLanguage\":\"en-US\"},{\"@type\":\"Organization\",\"@id\":\"https:\/\/tombaktarim.com\/#organization\",\"name\":\"Tombak Tar\u0131m\",\"url\":\"https:\/\/tombaktarim.com\/\",\"logo\":{\"@type\":\"ImageObject\",\"inLanguage\":\"en-US\",\"@id\":\"https:\/\/tombaktarim.com\/#\/schema\/logo\/image\/\",\"url\":\"https:\/\/tombaktarim.com\/wp-content\/uploads\/2025\/08\/TOMBAK-LOGO.png\",\"contentUrl\":\"https:\/\/tombaktarim.com\/wp-content\/uploads\/2025\/08\/TOMBAK-LOGO.png\",\"width\":544,\"height\":118,\"caption\":\"Tombak Tar\u0131m\"},\"image\":{\"@id\":\"https:\/\/tombaktarim.com\/#\/schema\/logo\/image\/\"},\"sameAs\":[\"https:\/\/www.facebook.com\/Tombaktarim\",\"https:\/\/www.instagram.com\/tombaktarim\"]}]}<\/script>\n<!-- \/ Yoast SEO plugin. -->","yoast_head_json":{"title":"Havu\u00e7 | Tombak Tar\u0131m \u2013 Taze, Do\u011fal ve Lezzetli Havu\u00e7lar","description":"Tombak Tar\u0131m havu\u00e7lar\u0131; beta-karoten ve vitamin a\u00e7\u0131s\u0131ndan zengin, taptaze ve do\u011fal lezzetiyle sofralar\u0131n\u0131za ula\u015f\u0131r. Sa\u011fl\u0131kl\u0131 beslenme i\u00e7in ideal se\u00e7im.","robots":{"index":"index","follow":"follow","max-snippet":"max-snippet:-1","max-image-preview":"max-image-preview:large","max-video-preview":"max-video-preview:-1"},"canonical":"https:\/\/tombaktarim.com\/en\/urunler\/havuc\/","og_locale":"en_US","og_type":"article","og_title":"Tombak Tar\u0131m Havu\u00e7 \u2013 Sa\u011fl\u0131kl\u0131 ve Taze Lezzet","og_description":"Konya\u2019da \u00f6zenle yeti\u015ftirilen Tombak Tar\u0131m havu\u00e7lar\u0131, y\u00fcksek besin de\u011feri ve taptaze lezzetiyle sofralar\u0131n\u0131za sa\u011fl\u0131k kat\u0131yor. Toplu al\u0131mda \u00f6zel fiyat avantaj\u0131.","og_url":"https:\/\/tombaktarim.com\/en\/urunler\/havuc\/","og_site_name":"Tombak Tar\u0131m","article_publisher":"https:\/\/www.facebook.com\/Tombaktarim","article_modified_time":"2025-09-08T14:31:57+00:00","twitter_card":"summary_large_image","twitter_title":"Tombak Tar\u0131m Havu\u00e7 \u2013 Sa\u011fl\u0131kl\u0131 ve Taze Lezzet","twitter_description":"Konya\u2019da \u00f6zenle yeti\u015ftirilen Tombak Tar\u0131m havu\u00e7lar\u0131, y\u00fcksek besin de\u011feri ve taptaze lezzetiyle sofralar\u0131n\u0131za sa\u011fl\u0131k kat\u0131yor. Toplu al\u0131mda \u00f6zel fiyat avantaj\u0131.","twitter_misc":{"Est. reading time":"3 minutes"},"schema":{"@context":"https:\/\/schema.org","@graph":[{"@type":"WebPage","@id":"https:\/\/tombaktarim.com\/urunler\/havuc\/","url":"https:\/\/tombaktarim.com\/urunler\/havuc\/","name":"Havu\u00e7 | Tombak Tar\u0131m \u2013 Taze, Do\u011fal ve Lezzetli Havu\u00e7lar","isPartOf":{"@id":"https:\/\/tombaktarim.com\/#website"},"datePublished":"2020-10-27T05:04:25+00:00","dateModified":"2025-09-08T14:31:57+00:00","description":"Tombak Tar\u0131m havu\u00e7lar\u0131; beta-karoten ve vitamin a\u00e7\u0131s\u0131ndan zengin, taptaze ve do\u011fal lezzetiyle sofralar\u0131n\u0131za ula\u015f\u0131r. Sa\u011fl\u0131kl\u0131 beslenme i\u00e7in ideal se\u00e7im.","breadcrumb":{"@id":"https:\/\/tombaktarim.com\/urunler\/havuc\/#breadcrumb"},"inLanguage":"en-US","potentialAction":[{"@type":"ReadAction","target":["https:\/\/tombaktarim.com\/urunler\/havuc\/"]}]},{"@type":"BreadcrumbList","@id":"https:\/\/tombaktarim.com\/urunler\/havuc\/#breadcrumb","itemListElement":[{"@type":"ListItem","position":1,"name":"Anasayfa","item":"https:\/\/tombaktarim.com\/"},{"@type":"ListItem","position":2,"name":"\u00dcr\u00fcnler","item":"https:\/\/tombaktarim.com\/urunler\/"},{"@type":"ListItem","position":3,"name":"Havu\u00e7"}]},{"@type":"WebSite","@id":"https:\/\/tombaktarim.com\/#website","url":"https:\/\/tombaktarim.com\/","name":"Tombak Tar\u0131m","description":"","publisher":{"@id":"https:\/\/tombaktarim.com\/#organization"},"potentialAction":[{"@type":"SearchAction","target":{"@type":"EntryPoint","urlTemplate":"https:\/\/tombaktarim.com\/?s={search_term_string}"},"query-input":{"@type":"PropertyValueSpecification","valueRequired":true,"valueName":"search_term_string"}}],"inLanguage":"en-US"},{"@type":"Organization","@id":"https:\/\/tombaktarim.com\/#organization","name":"Tombak Tar\u0131m","url":"https:\/\/tombaktarim.com\/","logo":{"@type":"ImageObject","inLanguage":"en-US","@id":"https:\/\/tombaktarim.com\/#\/schema\/logo\/image\/","url":"https:\/\/tombaktarim.com\/wp-content\/uploads\/2025\/08\/TOMBAK-LOGO.png","contentUrl":"https:\/\/tombaktarim.com\/wp-content\/uploads\/2025\/08\/TOMBAK-LOGO.png","width":544,"height":118,"caption":"Tombak Tar\u0131m"},"image":{"@id":"https:\/\/tombaktarim.com\/#\/schema\/logo\/image\/"},"sameAs":["https:\/\/www.facebook.com\/Tombaktarim","https:\/\/www.instagram.com\/tombaktarim"]}]}},"_links":{"self":[{"href":"https:\/\/tombaktarim.com\/en\/wp-json\/wp\/v2\/pages\/19","targetHints":{"allow":["GET"]}}],"collection":[{"href":"https:\/\/tombaktarim.com\/en\/wp-json\/wp\/v2\/pages"}],"about":[{"href":"https:\/\/tombaktarim.com\/en\/wp-json\/wp\/v2\/types\/page"}],"author":[{"embeddable":true,"href":"https:\/\/tombaktarim.com\/en\/wp-json\/wp\/v2\/users\/2"}],"replies":[{"embeddable":true,"href":"https:\/\/tombaktarim.com\/en\/wp-json\/wp\/v2\/comments?post=19"}],"version-history":[{"count":9,"href":"https:\/\/tombaktarim.com\/en\/wp-json\/wp\/v2\/pages\/19\/revisions"}],"predecessor-version":[{"id":952,"href":"https:\/\/tombaktarim.com\/en\/wp-json\/wp\/v2\/pages\/19\/revisions\/952"}],"up":[{"embeddable":true,"href":"https:\/\/tombaktarim.com\/en\/wp-json\/wp\/v2\/pages\/658"}],"wp:attachment":[{"href":"https:\/\/tombaktarim.com\/en\/wp-json\/wp\/v2\/media?parent=19"}],"curies":[{"name":"wp","href":"https:\/\/api.w.org\/{rel}","templated":true}]}}